{"id":13355,"date":"2017-11-30T14:45:27","date_gmt":"2017-11-30T11:45:27","guid":{"rendered":"https:\/\/qgs.global\/sectors\/life-safety-and-security\/"},"modified":"2019-09-22T19:16:01","modified_gmt":"2019-09-22T16:16:01","slug":"life-safety-and-security","status":"publish","type":"page","link":"https:\/\/qgs.global\/tr\/sectors\/life-safety-and-security\/","title":{"rendered":"Life Safety and Security"},"content":{"rendered":"<div class=\"fusion-fullwidth fullwidth-box fusion-builder-row-1 services-container nonhundred-percent-fullwidth non-hundred-percent-height-scrolling\" style=\"--awb-border-radius-top-left:0px;--awb-border-radius-top-right:0px;--awb-border-radius-bottom-right:0px;--awb-border-radius-bottom-left:0px;--awb-padding-top:60px;--awb-padding-bottom:10px;--awb-flex-wrap:wrap;\" ><div class=\"fusion-builder-row fusion-row\"><div class=\"fusion-layout-column fusion_builder_column fusion-builder-column-0 fusion_builder_column_1_1 1_1 fusion-one-full fusion-column-first fusion-column-last\" style=\"--awb-bg-size:cover;\"><div class=\"fusion-column-wrapper fusion-flex-column-wrapper-legacy\"><div class=\"fusion-title title fusion-title-1 fusion-sep-none fusion-title-center fusion-title-text fusion-title-size-one\"><h1 class=\"fusion-title-heading title-heading-center\" style=\"margin:0;\">Ya\u015fam G\u00fcvenli\u011fi ve Emniyet Sistemleri<\/h1><\/div><div class=\"fusion-text fusion-text-1\"><h3>Gittik\u00e7e artan yo\u011fun \u015fehir n\u00fcfusu ve daha teknolojik hale gelen ak\u0131ll\u0131 binalarla birlikte, ya\u015fam g\u00fcvenli\u011fi ve emniyet sistemlerine olan talepler de daha kompleks ve kritik hale gelmektedir. D\u00fcnya \u00e7ap\u0131ndaki h\u00fck\u00fcmetler, insanlar\u0131n g\u00fcvenli\u011fi ile sa\u011fl\u0131\u011f\u0131n\u0131 temin edecek bir \u00f6ncelik olarak bu teknolojiye odaklanmay\u0131 s\u00fcrd\u00fcrmektedirler.<\/h3>\n<p>Quantum\u2019un h\u0131zl\u0131 de\u011fi\u015fen teknoloji ve bunun projeler \u00fczerindeki etkisi konusunda geni\u015f bir tecr\u00fcbesi bulunmaktad\u0131r ve bu tecr\u00fcbesini taraflar aras\u0131nda sulh yollu \u00e7\u00f6z\u00fcm\u00fc temin edecek bi\u00e7imde ve projenin gecikmesini azaltacak y\u00f6nde kullanmay\u0131 hedeflemektedir.<\/p>\n<\/div><div class=\"fusion-clearfix\"><\/div><\/div><\/div><\/div><\/div>\n","protected":false},"excerpt":{"rendered":"","protected":false},"author":1,"featured_media":0,"parent":13331,"menu_order":0,"comment_status":"closed","ping_status":"closed","template":"","meta":{"_monsterinsights_skip_tracking":false,"_monsterinsights_sitenote_active":false,"_monsterinsights_sitenote_note":"","_monsterinsights_sitenote_category":0},"yoast_head":"<!-- This site is optimized with the Yoast SEO plugin v20.10 - https:\/\/yoast.com\/wordpress\/plugins\/seo\/ -->\n<title>Life Safety and Security - Quantum Global Solutions<\/title>\n<meta name=\"robots\" content=\"index, follow, max-snippet:-1, max-image-preview:large, max-video-preview:-1\" \/>\n<link rel=\"canonical\" href=\"https:\/\/qgs.global\/tr\/sectors\/life-safety-and-security\/\" \/>\n<meta property=\"og:locale\" content=\"tr_TR\" \/>\n<meta property=\"og:type\" content=\"article\" \/>\n<meta property=\"og:title\" content=\"Life Safety and Security - Quantum Global Solutions\" \/>\n<meta property=\"og:url\" content=\"https:\/\/qgs.global\/tr\/sectors\/life-safety-and-security\/\" \/>\n<meta property=\"og:site_name\" content=\"Quantum Global Solutions\" \/>\n<meta property=\"article:publisher\" content=\"https:\/\/www.facebook.com\/QGS.Global\" \/>\n<meta property=\"article:modified_time\" content=\"2019-09-22T16:16:01+00:00\" \/>\n<meta name=\"twitter:card\" content=\"summary_large_image\" \/>\n<meta name=\"twitter:site\" content=\"@QGS_Global\" \/>\n<meta name=\"twitter:label1\" content=\"Est. reading time\" \/>\n\t<meta name=\"twitter:data1\" content=\"2 minutes\" \/>\n<script type=\"application\/ld+json\" class=\"yoast-schema-graph\">{\"@context\":\"https:\/\/schema.org\",\"@graph\":[{\"@type\":\"WebPage\",\"@id\":\"https:\/\/qgs.global\/tr\/sectors\/life-safety-and-security\/\",\"url\":\"https:\/\/qgs.global\/tr\/sectors\/life-safety-and-security\/\",\"name\":\"Life Safety and Security - Quantum Global Solutions\",\"isPartOf\":{\"@id\":\"https:\/\/qgs.global\/es\/#website\"},\"datePublished\":\"2017-11-30T11:45:27+00:00\",\"dateModified\":\"2019-09-22T16:16:01+00:00\",\"breadcrumb\":{\"@id\":\"https:\/\/qgs.global\/tr\/sectors\/life-safety-and-security\/#breadcrumb\"},\"inLanguage\":\"tr\",\"potentialAction\":[{\"@type\":\"ReadAction\",\"target\":[\"https:\/\/qgs.global\/tr\/sectors\/life-safety-and-security\/\"]}]},{\"@type\":\"BreadcrumbList\",\"@id\":\"https:\/\/qgs.global\/tr\/sectors\/life-safety-and-security\/#breadcrumb\",\"itemListElement\":[{\"@type\":\"ListItem\",\"position\":1,\"name\":\"Home\",\"item\":\"https:\/\/qgs.global\/tr\/\"},{\"@type\":\"ListItem\",\"position\":2,\"name\":\"Sectors\",\"item\":\"https:\/\/qgs.global\/tr\/sectors\/\"},{\"@type\":\"ListItem\",\"position\":3,\"name\":\"Life Safety and Security\"}]},{\"@type\":\"WebSite\",\"@id\":\"https:\/\/qgs.global\/es\/#website\",\"url\":\"https:\/\/qgs.global\/es\/\",\"name\":\"Quantum Global Solutions\",\"description\":\"Qatar - Dubai - Jordan - China - Turkey - Korea - UAE - Contractual, Commercial and Forensic Planning Consultancy\",\"publisher\":{\"@id\":\"https:\/\/qgs.global\/es\/#organization\"},\"potentialAction\":[{\"@type\":\"SearchAction\",\"target\":{\"@type\":\"EntryPoint\",\"urlTemplate\":\"https:\/\/qgs.global\/es\/?s={search_term_string}\"},\"query-input\":\"required name=search_term_string\"}],\"inLanguage\":\"tr\"},{\"@type\":\"Organization\",\"@id\":\"https:\/\/qgs.global\/es\/#organization\",\"name\":\"Quantum Global Solutions\",\"url\":\"https:\/\/qgs.global\/es\/\",\"logo\":{\"@type\":\"ImageObject\",\"inLanguage\":\"tr\",\"@id\":\"https:\/\/qgs.global\/es\/#\/schema\/logo\/image\/\",\"url\":\"https:\/\/qgs.global\/wp-content\/uploads\/2017\/07\/Quantum-Logo-001-e1500802058718.png\",\"contentUrl\":\"https:\/\/qgs.global\/wp-content\/uploads\/2017\/07\/Quantum-Logo-001-e1500802058718.png\",\"width\":162,\"height\":70,\"caption\":\"Quantum Global Solutions\"},\"image\":{\"@id\":\"https:\/\/qgs.global\/es\/#\/schema\/logo\/image\/\"},\"sameAs\":[\"https:\/\/www.facebook.com\/QGS.Global\",\"https:\/\/twitter.com\/QGS_Global\",\"https:\/\/www.linkedin.com\/company\/qgsglobal\/\",\"https:\/\/www.youtube.com\/channel\/UC2--r0e2d3SbreqHrnY9dTQ\"]}]}<\/script>\n<!-- \/ Yoast SEO plugin. -->","yoast_head_json":{"title":"Life Safety and Security - Quantum Global Solutions","robots":{"index":"index","follow":"follow","max-snippet":"max-snippet:-1","max-image-preview":"max-image-preview:large","max-video-preview":"max-video-preview:-1"},"canonical":"https:\/\/qgs.global\/tr\/sectors\/life-safety-and-security\/","og_locale":"tr_TR","og_type":"article","og_title":"Life Safety and Security - Quantum Global Solutions","og_url":"https:\/\/qgs.global\/tr\/sectors\/life-safety-and-security\/","og_site_name":"Quantum Global Solutions","article_publisher":"https:\/\/www.facebook.com\/QGS.Global","article_modified_time":"2019-09-22T16:16:01+00:00","twitter_card":"summary_large_image","twitter_site":"@QGS_Global","twitter_misc":{"Est. reading time":"2 minutes"},"schema":{"@context":"https:\/\/schema.org","@graph":[{"@type":"WebPage","@id":"https:\/\/qgs.global\/tr\/sectors\/life-safety-and-security\/","url":"https:\/\/qgs.global\/tr\/sectors\/life-safety-and-security\/","name":"Life Safety and Security - Quantum Global Solutions","isPartOf":{"@id":"https:\/\/qgs.global\/es\/#website"},"datePublished":"2017-11-30T11:45:27+00:00","dateModified":"2019-09-22T16:16:01+00:00","breadcrumb":{"@id":"https:\/\/qgs.global\/tr\/sectors\/life-safety-and-security\/#breadcrumb"},"inLanguage":"tr","potentialAction":[{"@type":"ReadAction","target":["https:\/\/qgs.global\/tr\/sectors\/life-safety-and-security\/"]}]},{"@type":"BreadcrumbList","@id":"https:\/\/qgs.global\/tr\/sectors\/life-safety-and-security\/#breadcrumb","itemListElement":[{"@type":"ListItem","position":1,"name":"Home","item":"https:\/\/qgs.global\/tr\/"},{"@type":"ListItem","position":2,"name":"Sectors","item":"https:\/\/qgs.global\/tr\/sectors\/"},{"@type":"ListItem","position":3,"name":"Life Safety and Security"}]},{"@type":"WebSite","@id":"https:\/\/qgs.global\/es\/#website","url":"https:\/\/qgs.global\/es\/","name":"Quantum Global Solutions","description":"Qatar - Dubai - Jordan - China - Turkey - Korea - UAE - Contractual, Commercial and Forensic Planning Consultancy","publisher":{"@id":"https:\/\/qgs.global\/es\/#organization"},"potentialAction":[{"@type":"SearchAction","target":{"@type":"EntryPoint","urlTemplate":"https:\/\/qgs.global\/es\/?s={search_term_string}"},"query-input":"required name=search_term_string"}],"inLanguage":"tr"},{"@type":"Organization","@id":"https:\/\/qgs.global\/es\/#organization","name":"Quantum Global Solutions","url":"https:\/\/qgs.global\/es\/","logo":{"@type":"ImageObject","inLanguage":"tr","@id":"https:\/\/qgs.global\/es\/#\/schema\/logo\/image\/","url":"https:\/\/qgs.global\/wp-content\/uploads\/2017\/07\/Quantum-Logo-001-e1500802058718.png","contentUrl":"https:\/\/qgs.global\/wp-content\/uploads\/2017\/07\/Quantum-Logo-001-e1500802058718.png","width":162,"height":70,"caption":"Quantum Global Solutions"},"image":{"@id":"https:\/\/qgs.global\/es\/#\/schema\/logo\/image\/"},"sameAs":["https:\/\/www.facebook.com\/QGS.Global","https:\/\/twitter.com\/QGS_Global","https:\/\/www.linkedin.com\/company\/qgsglobal\/","https:\/\/www.youtube.com\/channel\/UC2--r0e2d3SbreqHrnY9dTQ"]}]}},"_links":{"self":[{"href":"https:\/\/qgs.global\/tr\/wp-json\/wp\/v2\/pages\/13355"}],"collection":[{"href":"https:\/\/qgs.global\/tr\/wp-json\/wp\/v2\/pages"}],"about":[{"href":"https:\/\/qgs.global\/tr\/wp-json\/wp\/v2\/types\/page"}],"author":[{"embeddable":true,"href":"https:\/\/qgs.global\/tr\/wp-json\/wp\/v2\/users\/1"}],"replies":[{"embeddable":true,"href":"https:\/\/qgs.global\/tr\/wp-json\/wp\/v2\/comments?post=13355"}],"version-history":[{"count":0,"href":"https:\/\/qgs.global\/tr\/wp-json\/wp\/v2\/pages\/13355\/revisions"}],"up":[{"embeddable":true,"href":"https:\/\/qgs.global\/tr\/wp-json\/wp\/v2\/pages\/13331"}],"wp:attachment":[{"href":"https:\/\/qgs.global\/tr\/wp-json\/wp\/v2\/media?parent=13355"}],"curies":[{"name":"wp","href":"https:\/\/api.w.org\/{rel}","templated":true}]}}