{"id":13319,"date":"2018-03-18T08:11:40","date_gmt":"2018-03-18T05:11:40","guid":{"rendered":"https:\/\/qgs.global\/services\/litigation-funding\/"},"modified":"2019-09-22T18:34:13","modified_gmt":"2019-09-22T15:34:13","slug":"litigation-funding","status":"publish","type":"page","link":"https:\/\/qgs.global\/tr\/services\/litigation-funding\/","title":{"rendered":"Litigation Funding"},"content":{"rendered":"<div class=\"fusion-fullwidth fullwidth-box fusion-builder-row-1 services-container nonhundred-percent-fullwidth non-hundred-percent-height-scrolling\" style=\"--awb-border-radius-top-left:0px;--awb-border-radius-top-right:0px;--awb-border-radius-bottom-right:0px;--awb-border-radius-bottom-left:0px;--awb-padding-top:60px;--awb-padding-bottom:10px;--awb-flex-wrap:wrap;\" ><div class=\"fusion-builder-row fusion-row\"><div class=\"fusion-layout-column fusion_builder_column fusion-builder-column-0 fusion_builder_column_1_1 1_1 fusion-one-full fusion-column-first fusion-column-last\" style=\"--awb-bg-size:cover;\"><div class=\"fusion-column-wrapper fusion-flex-column-wrapper-legacy\"><div class=\"fusion-title title fusion-title-1 fusion-sep-none fusion-title-center fusion-title-text fusion-title-size-one\"><h1 class=\"fusion-title-heading title-heading-center\" style=\"margin:0;\">Dava Finansman\u0131<\/h1><\/div><div class=\"fusion-text fusion-text-1\"><h3>Ge\u00e7ti\u011fimiz son birka\u00e7 y\u0131lda dava finansman\u0131 i\u015fletmeler i\u00e7in, \u00f6zellikle finansman olmaks\u0131z\u0131n masraflar sebebiyle takip edilemeyecek tahkimler, yerel mahkeme \u00f6n\u00fcnde g\u00f6r\u00fclecek davalar ya da m\u00fczakereler bak\u0131m\u0131ndan, son derece pop\u00fcler bir y\u00f6ntem haline gelmi\u015ftir.<\/h3>\n<p><strong>Dava Finansman\u0131 Nedir?<\/strong><\/p>\n<p>Yasal finansman veya \u00fc\u00e7\u00fcnc\u00fc ki\u015fi finansman\u0131 olarak da bilinen hukuk davas\u0131 finansman\u0131, davac\u0131 taraf\u0131ndan al\u0131nan faydalar\u0131n bir y\u00fczdesi kar\u015f\u0131l\u0131\u011f\u0131nda, bir hukuk davas\u0131nda bir taraf\u0131 finanse etmenin kar\u015f\u0131l\u0131\u011f\u0131d\u0131r. S\u00f6z konusu finansman bir taraf\u0131n, ticari s\u0131n\u0131rlamalar y\u00fcz\u00fcnden veya likiditelerini ba\u015fka alanlarda kullanmay\u0131 tercih etmeleri sebebiyle, do\u011frudan \u00f6deme yapmaks\u0131z\u0131n bir hukuk davas\u0131 ba\u015flatmas\u0131na veya tahkime gitmesine imk\u00e2n vermektedir.<\/p>\n<p>Hukuk davas\u0131 finansman\u0131 a\u015fa\u011f\u0131dakileri sa\u011flamaktad\u0131r:<\/p>\n<ul>\n<li>Yeterinde mevcut fonlara sahip olmayan davac\u0131lar i\u00e7in adalete eri\u015fimde de\u011ferli bir ara\u00e7.<\/li>\n<li>Davac\u0131lar a\u00e7\u0131s\u0131ndan maliyet y\u00f6n\u00fcnden etkin bir finasman arac\u0131.<\/li>\n<\/ul>\n<p><strong>Dava Finansman\u0131n\u0131n Avantajlar\u0131<\/strong><\/p>\n<p>Belki de en \u00f6nemlisi, finanse edilen taraf\u0131n, gelirleri payla\u015fma kar\u015f\u0131l\u0131\u011f\u0131nda bir hak talebini takip etmenin finansal riskini bir kenara koyma imk\u00e2n\u0131 bulmas\u0131d\u0131r.<\/p>\n<p>Ayr\u0131ca, baz\u0131 fon sahipleri, \u00f6zellikle de deneyimli hukuk\u00e7ular\u0131 b\u00fcnyelerinde bar\u0131nd\u0131ranlar, davay\u0131 y\u00f6netmek i\u00e7in hangi avukatlar\u0131n ve m\u00fc\u015favirlerin en iyi uygun olaca\u011f\u0131na dair dava sahiplerine etkin \u015fekilde rehberlik ederler ve davan\u0131n esas\u0131na y\u00f6nelik kapsaml\u0131 bir g\u00f6r\u00fc\u015f sunabilmektedirler.<\/p>\n<\/div><div class=\"fusion-clearfix\"><\/div><\/div><\/div><\/div><\/div>\n","protected":false},"excerpt":{"rendered":"","protected":false},"author":2,"featured_media":0,"parent":13301,"menu_order":0,"comment_status":"closed","ping_status":"closed","template":"","meta":{"_monsterinsights_skip_tracking":false,"_monsterinsights_sitenote_active":false,"_monsterinsights_sitenote_note":"","_monsterinsights_sitenote_category":0},"yoast_head":"<!-- This site is optimized with the Yoast SEO plugin v20.10 - https:\/\/yoast.com\/wordpress\/plugins\/seo\/ -->\n<title>Litigation Funding - Quantum Global Solutions<\/title>\n<meta name=\"robots\" content=\"index, follow, max-snippet:-1, max-image-preview:large, max-video-preview:-1\" \/>\n<link rel=\"canonical\" href=\"https:\/\/qgs.global\/tr\/services\/litigation-funding\/\" \/>\n<meta property=\"og:locale\" content=\"tr_TR\" \/>\n<meta property=\"og:type\" content=\"article\" \/>\n<meta property=\"og:title\" content=\"Litigation Funding - Quantum Global Solutions\" \/>\n<meta property=\"og:url\" content=\"https:\/\/qgs.global\/tr\/services\/litigation-funding\/\" \/>\n<meta property=\"og:site_name\" content=\"Quantum Global Solutions\" \/>\n<meta property=\"article:publisher\" content=\"https:\/\/www.facebook.com\/QGS.Global\" \/>\n<meta property=\"article:modified_time\" content=\"2019-09-22T15:34:13+00:00\" \/>\n<meta name=\"twitter:card\" content=\"summary_large_image\" \/>\n<meta name=\"twitter:site\" content=\"@QGS_Global\" \/>\n<meta name=\"twitter:label1\" content=\"Est. reading time\" \/>\n\t<meta name=\"twitter:data1\" content=\"2 minutes\" \/>\n<script type=\"application\/ld+json\" class=\"yoast-schema-graph\">{\"@context\":\"https:\/\/schema.org\",\"@graph\":[{\"@type\":\"WebPage\",\"@id\":\"https:\/\/qgs.global\/tr\/services\/litigation-funding\/\",\"url\":\"https:\/\/qgs.global\/tr\/services\/litigation-funding\/\",\"name\":\"Litigation Funding - Quantum Global Solutions\",\"isPartOf\":{\"@id\":\"https:\/\/qgs.global\/es\/#website\"},\"datePublished\":\"2018-03-18T05:11:40+00:00\",\"dateModified\":\"2019-09-22T15:34:13+00:00\",\"breadcrumb\":{\"@id\":\"https:\/\/qgs.global\/tr\/services\/litigation-funding\/#breadcrumb\"},\"inLanguage\":\"tr\",\"potentialAction\":[{\"@type\":\"ReadAction\",\"target\":[\"https:\/\/qgs.global\/tr\/services\/litigation-funding\/\"]}]},{\"@type\":\"BreadcrumbList\",\"@id\":\"https:\/\/qgs.global\/tr\/services\/litigation-funding\/#breadcrumb\",\"itemListElement\":[{\"@type\":\"ListItem\",\"position\":1,\"name\":\"Home\",\"item\":\"https:\/\/qgs.global\/tr\/\"},{\"@type\":\"ListItem\",\"position\":2,\"name\":\"Services\",\"item\":\"https:\/\/qgs.global\/tr\/services\/\"},{\"@type\":\"ListItem\",\"position\":3,\"name\":\"Litigation Funding\"}]},{\"@type\":\"WebSite\",\"@id\":\"https:\/\/qgs.global\/es\/#website\",\"url\":\"https:\/\/qgs.global\/es\/\",\"name\":\"Quantum Global Solutions\",\"description\":\"Qatar - Dubai - Jordan - China - Turkey - Korea - UAE - Contractual, Commercial and Forensic Planning Consultancy\",\"publisher\":{\"@id\":\"https:\/\/qgs.global\/es\/#organization\"},\"potentialAction\":[{\"@type\":\"SearchAction\",\"target\":{\"@type\":\"EntryPoint\",\"urlTemplate\":\"https:\/\/qgs.global\/es\/?s={search_term_string}\"},\"query-input\":\"required name=search_term_string\"}],\"inLanguage\":\"tr\"},{\"@type\":\"Organization\",\"@id\":\"https:\/\/qgs.global\/es\/#organization\",\"name\":\"Quantum Global Solutions\",\"url\":\"https:\/\/qgs.global\/es\/\",\"logo\":{\"@type\":\"ImageObject\",\"inLanguage\":\"tr\",\"@id\":\"https:\/\/qgs.global\/es\/#\/schema\/logo\/image\/\",\"url\":\"https:\/\/qgs.global\/wp-content\/uploads\/2017\/07\/Quantum-Logo-001-e1500802058718.png\",\"contentUrl\":\"https:\/\/qgs.global\/wp-content\/uploads\/2017\/07\/Quantum-Logo-001-e1500802058718.png\",\"width\":162,\"height\":70,\"caption\":\"Quantum Global Solutions\"},\"image\":{\"@id\":\"https:\/\/qgs.global\/es\/#\/schema\/logo\/image\/\"},\"sameAs\":[\"https:\/\/www.facebook.com\/QGS.Global\",\"https:\/\/twitter.com\/QGS_Global\",\"https:\/\/www.linkedin.com\/company\/qgsglobal\/\",\"https:\/\/www.youtube.com\/channel\/UC2--r0e2d3SbreqHrnY9dTQ\"]}]}<\/script>\n<!-- \/ Yoast SEO plugin. -->","yoast_head_json":{"title":"Litigation Funding - Quantum Global Solutions","robots":{"index":"index","follow":"follow","max-snippet":"max-snippet:-1","max-image-preview":"max-image-preview:large","max-video-preview":"max-video-preview:-1"},"canonical":"https:\/\/qgs.global\/tr\/services\/litigation-funding\/","og_locale":"tr_TR","og_type":"article","og_title":"Litigation Funding - Quantum Global Solutions","og_url":"https:\/\/qgs.global\/tr\/services\/litigation-funding\/","og_site_name":"Quantum Global Solutions","article_publisher":"https:\/\/www.facebook.com\/QGS.Global","article_modified_time":"2019-09-22T15:34:13+00:00","twitter_card":"summary_large_image","twitter_site":"@QGS_Global","twitter_misc":{"Est. reading time":"2 minutes"},"schema":{"@context":"https:\/\/schema.org","@graph":[{"@type":"WebPage","@id":"https:\/\/qgs.global\/tr\/services\/litigation-funding\/","url":"https:\/\/qgs.global\/tr\/services\/litigation-funding\/","name":"Litigation Funding - Quantum Global Solutions","isPartOf":{"@id":"https:\/\/qgs.global\/es\/#website"},"datePublished":"2018-03-18T05:11:40+00:00","dateModified":"2019-09-22T15:34:13+00:00","breadcrumb":{"@id":"https:\/\/qgs.global\/tr\/services\/litigation-funding\/#breadcrumb"},"inLanguage":"tr","potentialAction":[{"@type":"ReadAction","target":["https:\/\/qgs.global\/tr\/services\/litigation-funding\/"]}]},{"@type":"BreadcrumbList","@id":"https:\/\/qgs.global\/tr\/services\/litigation-funding\/#breadcrumb","itemListElement":[{"@type":"ListItem","position":1,"name":"Home","item":"https:\/\/qgs.global\/tr\/"},{"@type":"ListItem","position":2,"name":"Services","item":"https:\/\/qgs.global\/tr\/services\/"},{"@type":"ListItem","position":3,"name":"Litigation Funding"}]},{"@type":"WebSite","@id":"https:\/\/qgs.global\/es\/#website","url":"https:\/\/qgs.global\/es\/","name":"Quantum Global Solutions","description":"Qatar - Dubai - Jordan - China - Turkey - Korea - UAE - Contractual, Commercial and Forensic Planning Consultancy","publisher":{"@id":"https:\/\/qgs.global\/es\/#organization"},"potentialAction":[{"@type":"SearchAction","target":{"@type":"EntryPoint","urlTemplate":"https:\/\/qgs.global\/es\/?s={search_term_string}"},"query-input":"required name=search_term_string"}],"inLanguage":"tr"},{"@type":"Organization","@id":"https:\/\/qgs.global\/es\/#organization","name":"Quantum Global Solutions","url":"https:\/\/qgs.global\/es\/","logo":{"@type":"ImageObject","inLanguage":"tr","@id":"https:\/\/qgs.global\/es\/#\/schema\/logo\/image\/","url":"https:\/\/qgs.global\/wp-content\/uploads\/2017\/07\/Quantum-Logo-001-e1500802058718.png","contentUrl":"https:\/\/qgs.global\/wp-content\/uploads\/2017\/07\/Quantum-Logo-001-e1500802058718.png","width":162,"height":70,"caption":"Quantum Global Solutions"},"image":{"@id":"https:\/\/qgs.global\/es\/#\/schema\/logo\/image\/"},"sameAs":["https:\/\/www.facebook.com\/QGS.Global","https:\/\/twitter.com\/QGS_Global","https:\/\/www.linkedin.com\/company\/qgsglobal\/","https:\/\/www.youtube.com\/channel\/UC2--r0e2d3SbreqHrnY9dTQ"]}]}},"_links":{"self":[{"href":"https:\/\/qgs.global\/tr\/wp-json\/wp\/v2\/pages\/13319"}],"collection":[{"href":"https:\/\/qgs.global\/tr\/wp-json\/wp\/v2\/pages"}],"about":[{"href":"https:\/\/qgs.global\/tr\/wp-json\/wp\/v2\/types\/page"}],"author":[{"embeddable":true,"href":"https:\/\/qgs.global\/tr\/wp-json\/wp\/v2\/users\/2"}],"replies":[{"embeddable":true,"href":"https:\/\/qgs.global\/tr\/wp-json\/wp\/v2\/comments?post=13319"}],"version-history":[{"count":0,"href":"https:\/\/qgs.global\/tr\/wp-json\/wp\/v2\/pages\/13319\/revisions"}],"up":[{"embeddable":true,"href":"https:\/\/qgs.global\/tr\/wp-json\/wp\/v2\/pages\/13301"}],"wp:attachment":[{"href":"https:\/\/qgs.global\/tr\/wp-json\/wp\/v2\/media?parent=13319"}],"curies":[{"name":"wp","href":"https:\/\/api.w.org\/{rel}","templated":true}]}}