{"id":13316,"date":"2017-07-21T12:02:49","date_gmt":"2017-07-21T09:02:49","guid":{"rendered":"https:\/\/qgs.global\/services\/litigation-support\/"},"modified":"2019-09-22T18:30:08","modified_gmt":"2019-09-22T15:30:08","slug":"litigation-support","status":"publish","type":"page","link":"https:\/\/qgs.global\/tr\/services\/litigation-support\/","title":{"rendered":"Litigation Support"},"content":{"rendered":"<div class=\"fusion-fullwidth fullwidth-box fusion-builder-row-1 services-container nonhundred-percent-fullwidth non-hundred-percent-height-scrolling\" style=\"--awb-border-radius-top-left:0px;--awb-border-radius-top-right:0px;--awb-border-radius-bottom-right:0px;--awb-border-radius-bottom-left:0px;--awb-padding-top:60px;--awb-padding-bottom:10px;--awb-flex-wrap:wrap;\" ><div class=\"fusion-builder-row fusion-row\"><div class=\"fusion-layout-column fusion_builder_column fusion-builder-column-0 fusion_builder_column_1_1 1_1 fusion-one-full fusion-column-first fusion-column-last\" style=\"--awb-bg-size:cover;\"><div class=\"fusion-column-wrapper fusion-flex-column-wrapper-legacy\"><div class=\"fusion-title title fusion-title-1 fusion-sep-none fusion-title-center fusion-title-text fusion-title-size-one\"><h1 class=\"fusion-title-heading title-heading-center\" style=\"margin:0;\">Tahkim Deste\u011fi<\/h1><\/div><div class=\"fusion-text fusion-text-1\"><h3>Her bir in\u015faat projesi e\u015fsizdir ve e\u015fsiz bir \u015fey yaratmak i\u00e7in birlikte \u00e7al\u0131\u015fan farkl\u0131 taraflarca in\u015fa edilir. Quantum bu s\u00fcre\u00e7te, de\u011fi\u015fikli\u011fin ka\u00e7\u0131n\u0131lmaz oldu\u011fundan hareketle sulh yoluyla anla\u015fmazl\u0131klar\u0131n \u00e7\u00f6z\u00fcm\u00fcne odaklan\u0131r. Dolay\u0131s\u0131yla Quantum sulh yollu uyu\u015fmazl\u0131k \u00e7\u00f6z\u00fcm\u00fcne ve uzla\u015fmazl\u0131\u011f\u0131n \u00f6n\u00fcne ge\u00e7meye odaklan\u0131r.<\/h3>\n<p>Zaman k\u0131s\u0131tl\u0131 ve maliyetler y\u00fcksek oldu\u011funda, uyu\u015fmazl\u0131klar meydana gelebilmektedir. Bu, sadece ilgili taraflar\u0131 do\u011frudan etkilemekle kalmaz, ayn\u0131 zamanda t\u00fcm projeyi etkiler. \u00c7\u00f6z\u00fcme varmak zaman alabilir ve s\u00fcre\u00e7 pahal\u0131 olabilir.<\/p>\n<p>Bir sorun tahkime, arabulucuya, hakeme veya hukuk mahkemesine ta\u015f\u0131nd\u0131\u011f\u0131nda, Quantum kapsaml\u0131 bir hak sahipli\u011fi sunumu haz\u0131rlamada yard\u0131mc\u0131 olabilmektedir. Bu tip sunumlar, \u00f6nemli konular\u0131 a\u00e7\u0131k \u015fekilde tespit etmeyi sa\u011flar ve kritik-olmayan konular\u0131 ayr\u0131\u015ft\u0131rmay\u0131 kolayla\u015ft\u0131r\u0131r. Bu hizmetler ayn\u0131 zamanda hukuk ekiplerinin hizmetlerini tamamlay\u0131c\u0131 \u015fekilde destekler.<\/p>\n<p>\u0130n\u015faat ve uyu\u015fmazl\u0131k \u00e7\u00f6z\u00fcm\u00fcn\u00fcn t\u00fcm a\u015famalar\u0131nda m\u00fc\u015fterilerine deneyimli profesyonellerce rehberlik eden Quantum, uyu\u015fmazl\u0131klar\u0131 \u00e7\u00f6z\u00fcme kavu\u015fturmada kapsaml\u0131 ve proaktif hizmetler sa\u011flamaktad\u0131r.<\/p>\n<p>Quantum a\u015fa\u011f\u0131dakiler dahil ihtilaf \u00e7\u00f6z\u00fcm\u00fcnde e\u015fsiz yakla\u015f\u0131mlar sunmaktad\u0131r:<\/p>\n<ul>\n<li>T\u00fcm disiplinlerde bilgi ve deneyim sahibi uzmanlar.<\/li>\n<li>Kapsaml\u0131 bir kanaat ve pozisyon sa\u011flamak i\u00e7in uzman bilirki\u015fili\u011fini proje ile birle\u015ftirmemize imk\u00e2n veren entegre ekipler.<\/li>\n<li>Sorunlar\u0131 ve proje pozisyonlar\u0131n\u0131 analiz edebilecek uzman bilgisayar yaz\u0131l\u0131mlar\u0131.<\/li>\n<\/ul>\n<p><strong>Uyu\u015fmazl\u0131\u011f\u0131n \u00f6n\u00fcne ge\u00e7ilmesi<\/strong><\/p>\n<p>Ekiplerimiz uzun y\u0131llard\u0131r s\u00fcregelen k\u00fcresel deneyimlerinden faydalanarak uyu\u015fmazl\u0131klar\u0131n \u00f6n\u00fcne ge\u00e7ilebilmesi i\u00e7in tavsiyelerde bulunabilmektedir. Uyu\u015fmazl\u0131k \u00f6nleyici y\u00f6ntemler projenin tedarik a\u015famas\u0131 s\u0131ras\u0131nda s\u00f6zle\u015fmelere dahil edilebilmektedir.<\/p>\n<\/div><div class=\"fusion-clearfix\"><\/div><\/div><\/div><\/div><\/div>\n","protected":false},"excerpt":{"rendered":"","protected":false},"author":1,"featured_media":0,"parent":13301,"menu_order":0,"comment_status":"closed","ping_status":"closed","template":"","meta":{"_monsterinsights_skip_tracking":false,"_monsterinsights_sitenote_active":false,"_monsterinsights_sitenote_note":"","_monsterinsights_sitenote_category":0},"yoast_head":"<!-- This site is optimized with the Yoast SEO plugin v20.10 - https:\/\/yoast.com\/wordpress\/plugins\/seo\/ -->\n<title>Litigation Support - Quantum Global Solutions<\/title>\n<meta name=\"robots\" content=\"index, follow, max-snippet:-1, max-image-preview:large, max-video-preview:-1\" \/>\n<link rel=\"canonical\" href=\"https:\/\/qgs.global\/tr\/services\/litigation-support\/\" \/>\n<meta property=\"og:locale\" content=\"tr_TR\" \/>\n<meta property=\"og:type\" content=\"article\" \/>\n<meta property=\"og:title\" content=\"Litigation Support - Quantum Global Solutions\" \/>\n<meta property=\"og:url\" content=\"https:\/\/qgs.global\/tr\/services\/litigation-support\/\" \/>\n<meta property=\"og:site_name\" content=\"Quantum Global Solutions\" \/>\n<meta property=\"article:publisher\" content=\"https:\/\/www.facebook.com\/QGS.Global\" \/>\n<meta property=\"article:modified_time\" content=\"2019-09-22T15:30:08+00:00\" \/>\n<meta name=\"twitter:card\" content=\"summary_large_image\" \/>\n<meta name=\"twitter:site\" content=\"@QGS_Global\" \/>\n<meta name=\"twitter:label1\" content=\"Est. reading time\" \/>\n\t<meta name=\"twitter:data1\" content=\"3 minutes\" \/>\n<script type=\"application\/ld+json\" class=\"yoast-schema-graph\">{\"@context\":\"https:\/\/schema.org\",\"@graph\":[{\"@type\":\"WebPage\",\"@id\":\"https:\/\/qgs.global\/tr\/services\/litigation-support\/\",\"url\":\"https:\/\/qgs.global\/tr\/services\/litigation-support\/\",\"name\":\"Litigation Support - Quantum Global Solutions\",\"isPartOf\":{\"@id\":\"https:\/\/qgs.global\/es\/#website\"},\"datePublished\":\"2017-07-21T09:02:49+00:00\",\"dateModified\":\"2019-09-22T15:30:08+00:00\",\"breadcrumb\":{\"@id\":\"https:\/\/qgs.global\/tr\/services\/litigation-support\/#breadcrumb\"},\"inLanguage\":\"tr\",\"potentialAction\":[{\"@type\":\"ReadAction\",\"target\":[\"https:\/\/qgs.global\/tr\/services\/litigation-support\/\"]}]},{\"@type\":\"BreadcrumbList\",\"@id\":\"https:\/\/qgs.global\/tr\/services\/litigation-support\/#breadcrumb\",\"itemListElement\":[{\"@type\":\"ListItem\",\"position\":1,\"name\":\"Home\",\"item\":\"https:\/\/qgs.global\/tr\/\"},{\"@type\":\"ListItem\",\"position\":2,\"name\":\"Services\",\"item\":\"https:\/\/qgs.global\/tr\/services\/\"},{\"@type\":\"ListItem\",\"position\":3,\"name\":\"Litigation Support\"}]},{\"@type\":\"WebSite\",\"@id\":\"https:\/\/qgs.global\/es\/#website\",\"url\":\"https:\/\/qgs.global\/es\/\",\"name\":\"Quantum Global Solutions\",\"description\":\"Qatar - Dubai - Jordan - China - Turkey - Korea - UAE - Contractual, Commercial and Forensic Planning Consultancy\",\"publisher\":{\"@id\":\"https:\/\/qgs.global\/es\/#organization\"},\"potentialAction\":[{\"@type\":\"SearchAction\",\"target\":{\"@type\":\"EntryPoint\",\"urlTemplate\":\"https:\/\/qgs.global\/es\/?s={search_term_string}\"},\"query-input\":\"required name=search_term_string\"}],\"inLanguage\":\"tr\"},{\"@type\":\"Organization\",\"@id\":\"https:\/\/qgs.global\/es\/#organization\",\"name\":\"Quantum Global Solutions\",\"url\":\"https:\/\/qgs.global\/es\/\",\"logo\":{\"@type\":\"ImageObject\",\"inLanguage\":\"tr\",\"@id\":\"https:\/\/qgs.global\/es\/#\/schema\/logo\/image\/\",\"url\":\"https:\/\/qgs.global\/wp-content\/uploads\/2017\/07\/Quantum-Logo-001-e1500802058718.png\",\"contentUrl\":\"https:\/\/qgs.global\/wp-content\/uploads\/2017\/07\/Quantum-Logo-001-e1500802058718.png\",\"width\":162,\"height\":70,\"caption\":\"Quantum Global Solutions\"},\"image\":{\"@id\":\"https:\/\/qgs.global\/es\/#\/schema\/logo\/image\/\"},\"sameAs\":[\"https:\/\/www.facebook.com\/QGS.Global\",\"https:\/\/twitter.com\/QGS_Global\",\"https:\/\/www.linkedin.com\/company\/qgsglobal\/\",\"https:\/\/www.youtube.com\/channel\/UC2--r0e2d3SbreqHrnY9dTQ\"]}]}<\/script>\n<!-- \/ Yoast SEO plugin. -->","yoast_head_json":{"title":"Litigation Support - Quantum Global Solutions","robots":{"index":"index","follow":"follow","max-snippet":"max-snippet:-1","max-image-preview":"max-image-preview:large","max-video-preview":"max-video-preview:-1"},"canonical":"https:\/\/qgs.global\/tr\/services\/litigation-support\/","og_locale":"tr_TR","og_type":"article","og_title":"Litigation Support - Quantum Global Solutions","og_url":"https:\/\/qgs.global\/tr\/services\/litigation-support\/","og_site_name":"Quantum Global Solutions","article_publisher":"https:\/\/www.facebook.com\/QGS.Global","article_modified_time":"2019-09-22T15:30:08+00:00","twitter_card":"summary_large_image","twitter_site":"@QGS_Global","twitter_misc":{"Est. reading time":"3 minutes"},"schema":{"@context":"https:\/\/schema.org","@graph":[{"@type":"WebPage","@id":"https:\/\/qgs.global\/tr\/services\/litigation-support\/","url":"https:\/\/qgs.global\/tr\/services\/litigation-support\/","name":"Litigation Support - Quantum Global Solutions","isPartOf":{"@id":"https:\/\/qgs.global\/es\/#website"},"datePublished":"2017-07-21T09:02:49+00:00","dateModified":"2019-09-22T15:30:08+00:00","breadcrumb":{"@id":"https:\/\/qgs.global\/tr\/services\/litigation-support\/#breadcrumb"},"inLanguage":"tr","potentialAction":[{"@type":"ReadAction","target":["https:\/\/qgs.global\/tr\/services\/litigation-support\/"]}]},{"@type":"BreadcrumbList","@id":"https:\/\/qgs.global\/tr\/services\/litigation-support\/#breadcrumb","itemListElement":[{"@type":"ListItem","position":1,"name":"Home","item":"https:\/\/qgs.global\/tr\/"},{"@type":"ListItem","position":2,"name":"Services","item":"https:\/\/qgs.global\/tr\/services\/"},{"@type":"ListItem","position":3,"name":"Litigation Support"}]},{"@type":"WebSite","@id":"https:\/\/qgs.global\/es\/#website","url":"https:\/\/qgs.global\/es\/","name":"Quantum Global Solutions","description":"Qatar - Dubai - Jordan - China - Turkey - Korea - UAE - Contractual, Commercial and Forensic Planning Consultancy","publisher":{"@id":"https:\/\/qgs.global\/es\/#organization"},"potentialAction":[{"@type":"SearchAction","target":{"@type":"EntryPoint","urlTemplate":"https:\/\/qgs.global\/es\/?s={search_term_string}"},"query-input":"required name=search_term_string"}],"inLanguage":"tr"},{"@type":"Organization","@id":"https:\/\/qgs.global\/es\/#organization","name":"Quantum Global Solutions","url":"https:\/\/qgs.global\/es\/","logo":{"@type":"ImageObject","inLanguage":"tr","@id":"https:\/\/qgs.global\/es\/#\/schema\/logo\/image\/","url":"https:\/\/qgs.global\/wp-content\/uploads\/2017\/07\/Quantum-Logo-001-e1500802058718.png","contentUrl":"https:\/\/qgs.global\/wp-content\/uploads\/2017\/07\/Quantum-Logo-001-e1500802058718.png","width":162,"height":70,"caption":"Quantum Global Solutions"},"image":{"@id":"https:\/\/qgs.global\/es\/#\/schema\/logo\/image\/"},"sameAs":["https:\/\/www.facebook.com\/QGS.Global","https:\/\/twitter.com\/QGS_Global","https:\/\/www.linkedin.com\/company\/qgsglobal\/","https:\/\/www.youtube.com\/channel\/UC2--r0e2d3SbreqHrnY9dTQ"]}]}},"_links":{"self":[{"href":"https:\/\/qgs.global\/tr\/wp-json\/wp\/v2\/pages\/13316"}],"collection":[{"href":"https:\/\/qgs.global\/tr\/wp-json\/wp\/v2\/pages"}],"about":[{"href":"https:\/\/qgs.global\/tr\/wp-json\/wp\/v2\/types\/page"}],"author":[{"embeddable":true,"href":"https:\/\/qgs.global\/tr\/wp-json\/wp\/v2\/users\/1"}],"replies":[{"embeddable":true,"href":"https:\/\/qgs.global\/tr\/wp-json\/wp\/v2\/comments?post=13316"}],"version-history":[{"count":0,"href":"https:\/\/qgs.global\/tr\/wp-json\/wp\/v2\/pages\/13316\/revisions"}],"up":[{"embeddable":true,"href":"https:\/\/qgs.global\/tr\/wp-json\/wp\/v2\/pages\/13301"}],"wp:attachment":[{"href":"https:\/\/qgs.global\/tr\/wp-json\/wp\/v2\/media?parent=13316"}],"curies":[{"name":"wp","href":"https:\/\/api.w.org\/{rel}","templated":true}]}}