{"id":13308,"date":"2017-07-21T12:02:06","date_gmt":"2017-07-21T09:02:06","guid":{"rendered":"https:\/\/qgs.global\/services\/forensic-planning\/"},"modified":"2019-09-22T18:19:30","modified_gmt":"2019-09-22T15:19:30","slug":"forensic-planning","status":"publish","type":"page","link":"https:\/\/qgs.global\/tr\/services\/forensic-planning\/","title":{"rendered":"Forensic Planning"},"content":{"rendered":"<div class=\"fusion-fullwidth fullwidth-box fusion-builder-row-1 services-container nonhundred-percent-fullwidth non-hundred-percent-height-scrolling\" style=\"--awb-border-radius-top-left:0px;--awb-border-radius-top-right:0px;--awb-border-radius-bottom-right:0px;--awb-border-radius-bottom-left:0px;--awb-padding-top:60px;--awb-padding-bottom:10px;--awb-flex-wrap:wrap;\" ><div class=\"fusion-builder-row fusion-row\"><div class=\"fusion-layout-column fusion_builder_column fusion-builder-column-0 fusion_builder_column_1_1 1_1 fusion-one-full fusion-column-first fusion-column-last\" style=\"--awb-bg-size:cover;\"><div class=\"fusion-column-wrapper fusion-flex-column-wrapper-legacy\"><div class=\"fusion-title title fusion-title-1 fusion-sep-none fusion-title-center fusion-title-text fusion-title-size-one\"><h1 class=\"fusion-title-heading title-heading-center\" style=\"margin:0;\">Forensic Planlama ve Gecikme Analizi<\/h1><\/div><div class=\"fusion-text fusion-text-1\"><h3>Projelerin gitgide b\u00fcy\u00fcmesi ve karma\u015f\u0131kla\u015fmas\u0131 kar\u015f\u0131s\u0131nda, proje teslimine ili\u015fkin h\u0131zland\u0131r\u0131lm\u0131\u015f programlarla, do\u011fru ve ayr\u0131nt\u0131l\u0131 planlama yapmaktay\u0131z. Dolay\u0131s\u0131yla, ba\u015flang\u0131\u00e7tan itibaren, y\u00fcklenici, m\u00fc\u015fteri ve m\u00fchendis y\u00fck\u00fcml\u00fcl\u00fcklerinin fark\u0131na varan ve de\u011fi\u015fikli\u011fe tepki vererek do\u011fru \u015fekilde birbirine eklenen bir \u00e7al\u0131\u015fma program\u0131 tesis etmek \u00f6nem arz etmektedir.<\/h3>\n<p>Planlama Uzmanlar\u0131m\u0131z:<\/p>\n<ul>\n<li>Do\u011fru planlaman\u0131n gerekli\u011fini anlamaktad\u0131rlar.<\/li>\n<li>Projelerini ba\u015far\u0131l\u0131 \u015fekilde planlamak i\u00e7in m\u00fc\u015fterilerimize destek sa\u011flarlar.<\/li>\n<li>De\u011fi\u015fikli\u011fi dahil eden program\u0131 y\u00f6netirler.<\/li>\n<li>De\u011fi\u015fikli\u011fin etkisini g\u00f6stermek i\u00e7in end\u00fcstri yaz\u0131l\u0131m\u0131ndan faydalan\u0131rlar.<\/li>\n<\/ul>\n<p>M\u00fc\u015fterilerimiz Quantum\u2019un a\u015fa\u011f\u0131dakileri konularda hizmet sa\u011flayaca\u011f\u0131na g\u00fcvenirler:<\/p>\n<ul>\n<li>\u0130hale d\u00f6nemi \u2013 ihalenin kapsam\u0131, ihale program\u0131n\u0131n geli\u015fimini anlama.<\/li>\n<li>S\u00f6zle\u015fmenin verilmesi \u2013 temel program geli\u015fme tavsiyeleri, ayarlama sistemleri.<\/li>\n<li>\u0130n\u015faat d\u00f6nemi \u2013 ilerleme g\u00fcncellemelerinin s\u00fcrd\u00fcr\u00fclmesi.<\/li>\n<li>De\u011fi\u015fiklik y\u00f6netimi \u2013 de\u011fi\u015fikli\u011fin etkisi, maliyet hak sahiplikleri, etki analizi.<\/li>\n<li>S\u00fcre uzat\u0131m\u0131 sunumlar\u0131.<\/li>\n<li>Kurtarma \/ h\u0131zland\u0131rma programlar\u0131.<\/li>\n<li>Nihai g\u00fcncellemeler.<\/li>\n<li>Projenin sona erdirilmesi \u2013 nihai program.<\/li>\n<\/ul>\n<\/div><div class=\"fusion-clearfix\"><\/div><\/div><\/div><\/div><\/div>\n","protected":false},"excerpt":{"rendered":"","protected":false},"author":1,"featured_media":0,"parent":13301,"menu_order":0,"comment_status":"closed","ping_status":"closed","template":"","meta":{"_monsterinsights_skip_tracking":false,"_monsterinsights_sitenote_active":false,"_monsterinsights_sitenote_note":"","_monsterinsights_sitenote_category":0},"yoast_head":"<!-- This site is optimized with the Yoast SEO plugin v20.10 - https:\/\/yoast.com\/wordpress\/plugins\/seo\/ -->\n<title>Forensic Planning - Quantum Global Solutions<\/title>\n<meta name=\"robots\" content=\"index, follow, max-snippet:-1, max-image-preview:large, max-video-preview:-1\" \/>\n<link rel=\"canonical\" href=\"https:\/\/qgs.global\/tr\/services\/forensic-planning\/\" \/>\n<meta property=\"og:locale\" content=\"tr_TR\" \/>\n<meta property=\"og:type\" content=\"article\" \/>\n<meta property=\"og:title\" content=\"Forensic Planning - Quantum Global Solutions\" \/>\n<meta property=\"og:url\" content=\"https:\/\/qgs.global\/tr\/services\/forensic-planning\/\" \/>\n<meta property=\"og:site_name\" content=\"Quantum Global Solutions\" \/>\n<meta property=\"article:publisher\" content=\"https:\/\/www.facebook.com\/QGS.Global\" \/>\n<meta property=\"article:modified_time\" content=\"2019-09-22T15:19:30+00:00\" \/>\n<meta name=\"twitter:card\" content=\"summary_large_image\" \/>\n<meta name=\"twitter:site\" content=\"@QGS_Global\" \/>\n<meta name=\"twitter:label1\" content=\"Est. reading time\" \/>\n\t<meta name=\"twitter:data1\" content=\"2 minutes\" \/>\n<script type=\"application\/ld+json\" class=\"yoast-schema-graph\">{\"@context\":\"https:\/\/schema.org\",\"@graph\":[{\"@type\":\"WebPage\",\"@id\":\"https:\/\/qgs.global\/tr\/services\/forensic-planning\/\",\"url\":\"https:\/\/qgs.global\/tr\/services\/forensic-planning\/\",\"name\":\"Forensic Planning - Quantum Global Solutions\",\"isPartOf\":{\"@id\":\"https:\/\/qgs.global\/es\/#website\"},\"datePublished\":\"2017-07-21T09:02:06+00:00\",\"dateModified\":\"2019-09-22T15:19:30+00:00\",\"breadcrumb\":{\"@id\":\"https:\/\/qgs.global\/tr\/services\/forensic-planning\/#breadcrumb\"},\"inLanguage\":\"tr\",\"potentialAction\":[{\"@type\":\"ReadAction\",\"target\":[\"https:\/\/qgs.global\/tr\/services\/forensic-planning\/\"]}]},{\"@type\":\"BreadcrumbList\",\"@id\":\"https:\/\/qgs.global\/tr\/services\/forensic-planning\/#breadcrumb\",\"itemListElement\":[{\"@type\":\"ListItem\",\"position\":1,\"name\":\"Home\",\"item\":\"https:\/\/qgs.global\/tr\/\"},{\"@type\":\"ListItem\",\"position\":2,\"name\":\"Services\",\"item\":\"https:\/\/qgs.global\/tr\/services\/\"},{\"@type\":\"ListItem\",\"position\":3,\"name\":\"Forensic Planning\"}]},{\"@type\":\"WebSite\",\"@id\":\"https:\/\/qgs.global\/es\/#website\",\"url\":\"https:\/\/qgs.global\/es\/\",\"name\":\"Quantum Global Solutions\",\"description\":\"Qatar - Dubai - Jordan - China - Turkey - Korea - UAE - Contractual, Commercial and Forensic Planning Consultancy\",\"publisher\":{\"@id\":\"https:\/\/qgs.global\/es\/#organization\"},\"potentialAction\":[{\"@type\":\"SearchAction\",\"target\":{\"@type\":\"EntryPoint\",\"urlTemplate\":\"https:\/\/qgs.global\/es\/?s={search_term_string}\"},\"query-input\":\"required name=search_term_string\"}],\"inLanguage\":\"tr\"},{\"@type\":\"Organization\",\"@id\":\"https:\/\/qgs.global\/es\/#organization\",\"name\":\"Quantum Global Solutions\",\"url\":\"https:\/\/qgs.global\/es\/\",\"logo\":{\"@type\":\"ImageObject\",\"inLanguage\":\"tr\",\"@id\":\"https:\/\/qgs.global\/es\/#\/schema\/logo\/image\/\",\"url\":\"https:\/\/qgs.global\/wp-content\/uploads\/2017\/07\/Quantum-Logo-001-e1500802058718.png\",\"contentUrl\":\"https:\/\/qgs.global\/wp-content\/uploads\/2017\/07\/Quantum-Logo-001-e1500802058718.png\",\"width\":162,\"height\":70,\"caption\":\"Quantum Global Solutions\"},\"image\":{\"@id\":\"https:\/\/qgs.global\/es\/#\/schema\/logo\/image\/\"},\"sameAs\":[\"https:\/\/www.facebook.com\/QGS.Global\",\"https:\/\/twitter.com\/QGS_Global\",\"https:\/\/www.linkedin.com\/company\/qgsglobal\/\",\"https:\/\/www.youtube.com\/channel\/UC2--r0e2d3SbreqHrnY9dTQ\"]}]}<\/script>\n<!-- \/ Yoast SEO plugin. -->","yoast_head_json":{"title":"Forensic Planning - Quantum Global Solutions","robots":{"index":"index","follow":"follow","max-snippet":"max-snippet:-1","max-image-preview":"max-image-preview:large","max-video-preview":"max-video-preview:-1"},"canonical":"https:\/\/qgs.global\/tr\/services\/forensic-planning\/","og_locale":"tr_TR","og_type":"article","og_title":"Forensic Planning - Quantum Global Solutions","og_url":"https:\/\/qgs.global\/tr\/services\/forensic-planning\/","og_site_name":"Quantum Global Solutions","article_publisher":"https:\/\/www.facebook.com\/QGS.Global","article_modified_time":"2019-09-22T15:19:30+00:00","twitter_card":"summary_large_image","twitter_site":"@QGS_Global","twitter_misc":{"Est. reading time":"2 minutes"},"schema":{"@context":"https:\/\/schema.org","@graph":[{"@type":"WebPage","@id":"https:\/\/qgs.global\/tr\/services\/forensic-planning\/","url":"https:\/\/qgs.global\/tr\/services\/forensic-planning\/","name":"Forensic Planning - Quantum Global Solutions","isPartOf":{"@id":"https:\/\/qgs.global\/es\/#website"},"datePublished":"2017-07-21T09:02:06+00:00","dateModified":"2019-09-22T15:19:30+00:00","breadcrumb":{"@id":"https:\/\/qgs.global\/tr\/services\/forensic-planning\/#breadcrumb"},"inLanguage":"tr","potentialAction":[{"@type":"ReadAction","target":["https:\/\/qgs.global\/tr\/services\/forensic-planning\/"]}]},{"@type":"BreadcrumbList","@id":"https:\/\/qgs.global\/tr\/services\/forensic-planning\/#breadcrumb","itemListElement":[{"@type":"ListItem","position":1,"name":"Home","item":"https:\/\/qgs.global\/tr\/"},{"@type":"ListItem","position":2,"name":"Services","item":"https:\/\/qgs.global\/tr\/services\/"},{"@type":"ListItem","position":3,"name":"Forensic Planning"}]},{"@type":"WebSite","@id":"https:\/\/qgs.global\/es\/#website","url":"https:\/\/qgs.global\/es\/","name":"Quantum Global Solutions","description":"Qatar - Dubai - Jordan - China - Turkey - Korea - UAE - Contractual, Commercial and Forensic Planning Consultancy","publisher":{"@id":"https:\/\/qgs.global\/es\/#organization"},"potentialAction":[{"@type":"SearchAction","target":{"@type":"EntryPoint","urlTemplate":"https:\/\/qgs.global\/es\/?s={search_term_string}"},"query-input":"required name=search_term_string"}],"inLanguage":"tr"},{"@type":"Organization","@id":"https:\/\/qgs.global\/es\/#organization","name":"Quantum Global Solutions","url":"https:\/\/qgs.global\/es\/","logo":{"@type":"ImageObject","inLanguage":"tr","@id":"https:\/\/qgs.global\/es\/#\/schema\/logo\/image\/","url":"https:\/\/qgs.global\/wp-content\/uploads\/2017\/07\/Quantum-Logo-001-e1500802058718.png","contentUrl":"https:\/\/qgs.global\/wp-content\/uploads\/2017\/07\/Quantum-Logo-001-e1500802058718.png","width":162,"height":70,"caption":"Quantum Global Solutions"},"image":{"@id":"https:\/\/qgs.global\/es\/#\/schema\/logo\/image\/"},"sameAs":["https:\/\/www.facebook.com\/QGS.Global","https:\/\/twitter.com\/QGS_Global","https:\/\/www.linkedin.com\/company\/qgsglobal\/","https:\/\/www.youtube.com\/channel\/UC2--r0e2d3SbreqHrnY9dTQ"]}]}},"_links":{"self":[{"href":"https:\/\/qgs.global\/tr\/wp-json\/wp\/v2\/pages\/13308"}],"collection":[{"href":"https:\/\/qgs.global\/tr\/wp-json\/wp\/v2\/pages"}],"about":[{"href":"https:\/\/qgs.global\/tr\/wp-json\/wp\/v2\/types\/page"}],"author":[{"embeddable":true,"href":"https:\/\/qgs.global\/tr\/wp-json\/wp\/v2\/users\/1"}],"replies":[{"embeddable":true,"href":"https:\/\/qgs.global\/tr\/wp-json\/wp\/v2\/comments?post=13308"}],"version-history":[{"count":0,"href":"https:\/\/qgs.global\/tr\/wp-json\/wp\/v2\/pages\/13308\/revisions"}],"up":[{"embeddable":true,"href":"https:\/\/qgs.global\/tr\/wp-json\/wp\/v2\/pages\/13301"}],"wp:attachment":[{"href":"https:\/\/qgs.global\/tr\/wp-json\/wp\/v2\/media?parent=13308"}],"curies":[{"name":"wp","href":"https:\/\/api.w.org\/{rel}","templated":true}]}}