{"id":12895,"date":"2018-01-13T21:46:10","date_gmt":"2018-01-13T18:46:10","guid":{"rendered":"https:\/\/qgs.global\/team\/sean-vernon\/"},"modified":"2019-09-22T23:16:14","modified_gmt":"2019-09-22T20:16:14","slug":"sean-vernon","status":"publish","type":"page","link":"https:\/\/qgs.global\/tr\/team-2\/sean-vernon\/","title":{"rendered":"Sean Vernon"},"content":{"rendered":"<div class=\"fusion-fullwidth fullwidth-box fusion-builder-row-1 nonhundred-percent-fullwidth non-hundred-percent-height-scrolling\" style=\"--awb-border-radius-top-left:0px;--awb-border-radius-top-right:0px;--awb-border-radius-bottom-right:0px;--awb-border-radius-bottom-left:0px;--awb-padding-top:30px;--awb-padding-bottom:20px;--awb-flex-wrap:wrap;\" ><div class=\"fusion-builder-row fusion-row\"><div class=\"fusion-layout-column fusion_builder_column fusion-builder-column-0 fusion_builder_column_1_3 1_3 fusion-one-third fusion-column-first\" style=\"--awb-bg-size:cover;width:33.333333333333%;width:calc(33.333333333333% - ( ( 4% + 4% ) * 0.33333333333333 ) );margin-right: 4%;\"><div class=\"fusion-column-wrapper fusion-flex-column-wrapper-legacy\"><div class=\"fusion-clearfix\"><\/div><\/div><\/div><div class=\"fusion-layout-column fusion_builder_column fusion-builder-column-1 fusion_builder_column_1_3 1_3 fusion-one-third\" style=\"--awb-bg-size:cover;width:33.333333333333%;width:calc(33.333333333333% - ( ( 4% + 4% ) * 0.33333333333333 ) );margin-right: 4%;\"><div class=\"fusion-column-wrapper fusion-flex-column-wrapper-legacy\"><div class=\"fusion-image-element fusion-image-align-center in-legacy-container\" style=\"text-align:center;--awb-caption-title-font-family:var(--h2_typography-font-family);--awb-caption-title-font-weight:var(--h2_typography-font-weight);--awb-caption-title-font-style:var(--h2_typography-font-style);--awb-caption-title-size:var(--h2_typography-font-size);--awb-caption-title-transform:var(--h2_typography-text-transform);--awb-caption-title-line-height:var(--h2_typography-line-height);--awb-caption-title-letter-spacing:var(--h2_typography-letter-spacing);\"><div class=\"imageframe-align-center\"><span class=\" fusion-imageframe imageframe-none imageframe-1 hover-type-none\"><img decoding=\"async\" width=\"600\" height=\"600\" title=\"Sean-Vernon-01\" src=\"https:\/\/qgs.global\/wp-content\/uploads\/2017\/12\/Sean-Vernon-01.jpg\" alt class=\"img-responsive wp-image-14987\" srcset=\"https:\/\/qgs.global\/wp-content\/uploads\/2017\/12\/Sean-Vernon-01-200x200.jpg 200w, https:\/\/qgs.global\/wp-content\/uploads\/2017\/12\/Sean-Vernon-01-400x400.jpg 400w, https:\/\/qgs.global\/wp-content\/uploads\/2017\/12\/Sean-Vernon-01.jpg 600w\" sizes=\"(max-width: 800px) 100vw, 400px\" \/><\/span><\/div><\/div><div class=\"fusion-clearfix\"><\/div><\/div><\/div><div class=\"fusion-layout-column fusion_builder_column fusion-builder-column-2 fusion_builder_column_1_3 1_3 fusion-one-third fusion-column-last\" style=\"--awb-bg-size:cover;width:33.333333333333%;width:calc(33.333333333333% - ( ( 4% + 4% ) * 0.33333333333333 ) );\"><div class=\"fusion-column-wrapper fusion-flex-column-wrapper-legacy\"><div class=\"fusion-clearfix\"><\/div><\/div><\/div><div class=\"fusion-layout-column fusion_builder_column fusion-builder-column-3 fusion_builder_column_1_5 1_5 fusion-one-fifth fusion-column-first\" style=\"--awb-bg-size:cover;width:20%;width:calc(20% - ( ( 4% + 4% ) * 0.2 ) );margin-right: 4%;\"><div class=\"fusion-column-wrapper fusion-flex-column-wrapper-legacy\"><div class=\"fusion-clearfix\"><\/div><\/div><\/div><div class=\"fusion-layout-column fusion_builder_column fusion-builder-column-4 fusion_builder_column_3_5 3_5 fusion-three-fifth\" style=\"--awb-bg-size:cover;width:60%;width:calc(60% - ( ( 4% + 4% ) * 0.6 ) );margin-right: 4%;\"><div class=\"fusion-column-wrapper fusion-flex-column-wrapper-legacy\"><div class=\"fusion-title title fusion-title-1 fusion-sep-none fusion-title-center fusion-title-text fusion-title-size-two\"><h2 class=\"fusion-title-heading title-heading-center\" style=\"margin:0;\">Sean Vernon &#8211; Teknik M\u00fcd\u00fcr &#8211; Katar<\/h2><\/div><div class=\"fusion-text fusion-text-1\"><p>Teknik Y\u00f6netici Sean Vernon bina ve in\u015faat m\u00fchendisli\u011fi ge\u00e7mi\u015fine sahip bir Quantity Surveyor ve S\u00f6zle\u015fme ve Hak Talepleri Y\u00f6neticisidir. Sean y\u00fcksek bedelli m\u00fchendislik, ikmal ve in\u015faat n\u00fckleer santral projelerinde \u00e7al\u0131\u015fm\u0131\u015ft\u0131r. N\u00fckleer projelerden, konut yenileme projelerine kadar geni\u015f yelpazedeki in\u015faat alanlar\u0131nda deneyimi, \u00e7ok \u00e7e\u015fitli projelerin ihtiya\u00e7lar\u0131na y\u00f6nelik esneklik ve uyum g\u00f6stermesini sa\u011flamaktad\u0131r. Sean FIDIC, PWA ve terzi i\u015fi s\u00f6zle\u015fmelerde geni\u015f bilgi sahibidir.<\/p>\n<p>Sean Quantity Surveying alan\u0131nda lisans dercesine sahip olup BTEC 7 Master seviyesinde Pearson Learning taraf\u0131ndan akredite \u2018Bilirki\u015fi Tan\u0131k Delilinde \u0130leri Profesyonel Hukuk Deneyimi E\u011fitimi Sertifikas\u0131\u2019 (Legal Experience Training Advanced Professional Award in Expert Witness Evidence (LETAPAEWE) ile RSA CELTA (Kraliyet Edebiyat Cemiyeti, Yeti\u015fkinlere \u0130ngilizce Dili \u00d6\u011fretimi Sertifikas\u0131) sahibidir. Ayr\u0131ca Royal Institution of Chartered Surveyors (MRICS) \u00dcyesidir.<\/p>\n<\/div><div class=\"fusion-clearfix\"><\/div><\/div><\/div><div class=\"fusion-layout-column fusion_builder_column fusion-builder-column-5 fusion_builder_column_1_5 1_5 fusion-one-fifth fusion-column-last\" style=\"--awb-bg-size:cover;width:20%;width:calc(20% - ( ( 4% + 4% ) * 0.2 ) );\"><div class=\"fusion-column-wrapper fusion-flex-column-wrapper-legacy\"><div class=\"fusion-clearfix\"><\/div><\/div><\/div><div class=\"fusion-layout-column fusion_builder_column fusion-builder-column-6 fusion_builder_column_1_5 1_5 fusion-one-fifth fusion-column-first\" style=\"--awb-bg-size:cover;width:20%;width:calc(20% - ( ( 4% + 4% ) * 0.2 ) );margin-right: 4%;\"><div class=\"fusion-column-wrapper fusion-flex-column-wrapper-legacy\"><div class=\"fusion-clearfix\"><\/div><\/div><\/div><div class=\"fusion-layout-column fusion_builder_column fusion-builder-column-7 fusion_builder_column_3_5 3_5 fusion-three-fifth\" style=\"--awb-bg-size:cover;width:60%;width:calc(60% - ( ( 4% + 4% ) * 0.6 ) );margin-right: 4%;\"><div class=\"fusion-column-wrapper fusion-flex-column-wrapper-legacy\"><div class=\"fusion-aligncenter\"><a class=\"fusion-button button-flat button-medium button-custom fusion-button-default button-1 fusion-button-span-no \" style=\"--button_accent_color:#ffffff;--button_accent_hover_color:#d3b86a;--button_border_hover_color:#d3b86a;--button_gradient_top_color:rgba(0,0,0,0.06);--button_gradient_bottom_color:rgba(0,0,0,0.06);--button_gradient_top_color_hover:rgba(0,0,0,0.06);--button_gradient_bottom_color_hover:rgba(0,0,0,0.06);\" target=\"_self\" href=\"\/tr\/team\"><span class=\"fusion-button-text\">&lt; Back to &#8216;Team&#8217;<\/span><\/a><\/div><div class=\"fusion-clearfix\"><\/div><\/div><\/div><div class=\"fusion-layout-column fusion_builder_column fusion-builder-column-8 fusion_builder_column_1_5 1_5 fusion-one-fifth fusion-column-last\" style=\"--awb-bg-size:cover;width:20%;width:calc(20% - ( ( 4% + 4% ) * 0.2 ) );\"><div class=\"fusion-column-wrapper fusion-flex-column-wrapper-legacy\"><div class=\"fusion-clearfix\"><\/div><\/div><\/div><\/div><\/div>\n","protected":false},"excerpt":{"rendered":"","protected":false},"author":1,"featured_media":0,"parent":12451,"menu_order":0,"comment_status":"closed","ping_status":"closed","template":"","meta":{"_monsterinsights_skip_tracking":false,"_monsterinsights_sitenote_active":false,"_monsterinsights_sitenote_note":"","_monsterinsights_sitenote_category":0},"yoast_head":"<!-- This site is optimized with the Yoast SEO plugin v20.10 - https:\/\/yoast.com\/wordpress\/plugins\/seo\/ -->\n<title>Sean Vernon - Quantum Global Solutions<\/title>\n<meta name=\"robots\" content=\"index, follow, max-snippet:-1, max-image-preview:large, max-video-preview:-1\" \/>\n<link rel=\"canonical\" href=\"https:\/\/qgs.global\/tr\/team-2\/sean-vernon\/\" \/>\n<meta property=\"og:locale\" content=\"tr_TR\" \/>\n<meta property=\"og:type\" content=\"article\" \/>\n<meta property=\"og:title\" content=\"Sean Vernon - Quantum Global Solutions\" \/>\n<meta property=\"og:url\" content=\"https:\/\/qgs.global\/tr\/team-2\/sean-vernon\/\" \/>\n<meta property=\"og:site_name\" content=\"Quantum Global Solutions\" \/>\n<meta property=\"article:publisher\" content=\"https:\/\/www.facebook.com\/QGS.Global\" \/>\n<meta property=\"article:modified_time\" content=\"2019-09-22T20:16:14+00:00\" \/>\n<meta name=\"twitter:card\" content=\"summary_large_image\" \/>\n<meta name=\"twitter:site\" content=\"@QGS_Global\" \/>\n<meta name=\"twitter:label1\" content=\"Est. reading time\" \/>\n\t<meta name=\"twitter:data1\" content=\"6 minutes\" \/>\n<script type=\"application\/ld+json\" class=\"yoast-schema-graph\">{\"@context\":\"https:\/\/schema.org\",\"@graph\":[{\"@type\":\"WebPage\",\"@id\":\"https:\/\/qgs.global\/tr\/team-2\/sean-vernon\/\",\"url\":\"https:\/\/qgs.global\/tr\/team-2\/sean-vernon\/\",\"name\":\"Sean Vernon - Quantum Global Solutions\",\"isPartOf\":{\"@id\":\"https:\/\/qgs.global\/es\/#website\"},\"datePublished\":\"2018-01-13T18:46:10+00:00\",\"dateModified\":\"2019-09-22T20:16:14+00:00\",\"breadcrumb\":{\"@id\":\"https:\/\/qgs.global\/tr\/team-2\/sean-vernon\/#breadcrumb\"},\"inLanguage\":\"tr\",\"potentialAction\":[{\"@type\":\"ReadAction\",\"target\":[\"https:\/\/qgs.global\/tr\/team-2\/sean-vernon\/\"]}]},{\"@type\":\"BreadcrumbList\",\"@id\":\"https:\/\/qgs.global\/tr\/team-2\/sean-vernon\/#breadcrumb\",\"itemListElement\":[{\"@type\":\"ListItem\",\"position\":1,\"name\":\"Home\",\"item\":\"https:\/\/qgs.global\/tr\/\"},{\"@type\":\"ListItem\",\"position\":2,\"name\":\"Team\",\"item\":\"https:\/\/qgs.global\/tr\/team-2\/\"},{\"@type\":\"ListItem\",\"position\":3,\"name\":\"Sean Vernon\"}]},{\"@type\":\"WebSite\",\"@id\":\"https:\/\/qgs.global\/es\/#website\",\"url\":\"https:\/\/qgs.global\/es\/\",\"name\":\"Quantum Global Solutions\",\"description\":\"Qatar - Dubai - Jordan - China - Turkey - Korea - UAE - Contractual, Commercial and Forensic Planning Consultancy\",\"publisher\":{\"@id\":\"https:\/\/qgs.global\/es\/#organization\"},\"potentialAction\":[{\"@type\":\"SearchAction\",\"target\":{\"@type\":\"EntryPoint\",\"urlTemplate\":\"https:\/\/qgs.global\/es\/?s={search_term_string}\"},\"query-input\":\"required name=search_term_string\"}],\"inLanguage\":\"tr\"},{\"@type\":\"Organization\",\"@id\":\"https:\/\/qgs.global\/es\/#organization\",\"name\":\"Quantum Global Solutions\",\"url\":\"https:\/\/qgs.global\/es\/\",\"logo\":{\"@type\":\"ImageObject\",\"inLanguage\":\"tr\",\"@id\":\"https:\/\/qgs.global\/es\/#\/schema\/logo\/image\/\",\"url\":\"https:\/\/qgs.global\/wp-content\/uploads\/2017\/07\/Quantum-Logo-001-e1500802058718.png\",\"contentUrl\":\"https:\/\/qgs.global\/wp-content\/uploads\/2017\/07\/Quantum-Logo-001-e1500802058718.png\",\"width\":162,\"height\":70,\"caption\":\"Quantum Global Solutions\"},\"image\":{\"@id\":\"https:\/\/qgs.global\/es\/#\/schema\/logo\/image\/\"},\"sameAs\":[\"https:\/\/www.facebook.com\/QGS.Global\",\"https:\/\/twitter.com\/QGS_Global\",\"https:\/\/www.linkedin.com\/company\/qgsglobal\/\",\"https:\/\/www.youtube.com\/channel\/UC2--r0e2d3SbreqHrnY9dTQ\"]}]}<\/script>\n<!-- \/ Yoast SEO plugin. -->","yoast_head_json":{"title":"Sean Vernon - Quantum Global Solutions","robots":{"index":"index","follow":"follow","max-snippet":"max-snippet:-1","max-image-preview":"max-image-preview:large","max-video-preview":"max-video-preview:-1"},"canonical":"https:\/\/qgs.global\/tr\/team-2\/sean-vernon\/","og_locale":"tr_TR","og_type":"article","og_title":"Sean Vernon - Quantum Global Solutions","og_url":"https:\/\/qgs.global\/tr\/team-2\/sean-vernon\/","og_site_name":"Quantum Global Solutions","article_publisher":"https:\/\/www.facebook.com\/QGS.Global","article_modified_time":"2019-09-22T20:16:14+00:00","twitter_card":"summary_large_image","twitter_site":"@QGS_Global","twitter_misc":{"Est. reading time":"6 minutes"},"schema":{"@context":"https:\/\/schema.org","@graph":[{"@type":"WebPage","@id":"https:\/\/qgs.global\/tr\/team-2\/sean-vernon\/","url":"https:\/\/qgs.global\/tr\/team-2\/sean-vernon\/","name":"Sean Vernon - Quantum Global Solutions","isPartOf":{"@id":"https:\/\/qgs.global\/es\/#website"},"datePublished":"2018-01-13T18:46:10+00:00","dateModified":"2019-09-22T20:16:14+00:00","breadcrumb":{"@id":"https:\/\/qgs.global\/tr\/team-2\/sean-vernon\/#breadcrumb"},"inLanguage":"tr","potentialAction":[{"@type":"ReadAction","target":["https:\/\/qgs.global\/tr\/team-2\/sean-vernon\/"]}]},{"@type":"BreadcrumbList","@id":"https:\/\/qgs.global\/tr\/team-2\/sean-vernon\/#breadcrumb","itemListElement":[{"@type":"ListItem","position":1,"name":"Home","item":"https:\/\/qgs.global\/tr\/"},{"@type":"ListItem","position":2,"name":"Team","item":"https:\/\/qgs.global\/tr\/team-2\/"},{"@type":"ListItem","position":3,"name":"Sean Vernon"}]},{"@type":"WebSite","@id":"https:\/\/qgs.global\/es\/#website","url":"https:\/\/qgs.global\/es\/","name":"Quantum Global Solutions","description":"Qatar - Dubai - Jordan - China - Turkey - Korea - UAE - Contractual, Commercial and Forensic Planning Consultancy","publisher":{"@id":"https:\/\/qgs.global\/es\/#organization"},"potentialAction":[{"@type":"SearchAction","target":{"@type":"EntryPoint","urlTemplate":"https:\/\/qgs.global\/es\/?s={search_term_string}"},"query-input":"required name=search_term_string"}],"inLanguage":"tr"},{"@type":"Organization","@id":"https:\/\/qgs.global\/es\/#organization","name":"Quantum Global Solutions","url":"https:\/\/qgs.global\/es\/","logo":{"@type":"ImageObject","inLanguage":"tr","@id":"https:\/\/qgs.global\/es\/#\/schema\/logo\/image\/","url":"https:\/\/qgs.global\/wp-content\/uploads\/2017\/07\/Quantum-Logo-001-e1500802058718.png","contentUrl":"https:\/\/qgs.global\/wp-content\/uploads\/2017\/07\/Quantum-Logo-001-e1500802058718.png","width":162,"height":70,"caption":"Quantum Global Solutions"},"image":{"@id":"https:\/\/qgs.global\/es\/#\/schema\/logo\/image\/"},"sameAs":["https:\/\/www.facebook.com\/QGS.Global","https:\/\/twitter.com\/QGS_Global","https:\/\/www.linkedin.com\/company\/qgsglobal\/","https:\/\/www.youtube.com\/channel\/UC2--r0e2d3SbreqHrnY9dTQ"]}]}},"_links":{"self":[{"href":"https:\/\/qgs.global\/tr\/wp-json\/wp\/v2\/pages\/12895"}],"collection":[{"href":"https:\/\/qgs.global\/tr\/wp-json\/wp\/v2\/pages"}],"about":[{"href":"https:\/\/qgs.global\/tr\/wp-json\/wp\/v2\/types\/page"}],"author":[{"embeddable":true,"href":"https:\/\/qgs.global\/tr\/wp-json\/wp\/v2\/users\/1"}],"replies":[{"embeddable":true,"href":"https:\/\/qgs.global\/tr\/wp-json\/wp\/v2\/comments?post=12895"}],"version-history":[{"count":0,"href":"https:\/\/qgs.global\/tr\/wp-json\/wp\/v2\/pages\/12895\/revisions"}],"up":[{"embeddable":true,"href":"https:\/\/qgs.global\/tr\/wp-json\/wp\/v2\/pages\/12451"}],"wp:attachment":[{"href":"https:\/\/qgs.global\/tr\/wp-json\/wp\/v2\/media?parent=12895"}],"curies":[{"name":"wp","href":"https:\/\/api.w.org\/{rel}","templated":true}]}}