{"id":12447,"date":"2017-07-21T09:54:45","date_gmt":"2017-07-21T06:54:45","guid":{"rendered":"https:\/\/qgs.global\/quantum\/"},"modified":"2019-09-21T02:10:56","modified_gmt":"2019-09-20T23:10:56","slug":"quantum","status":"publish","type":"page","link":"https:\/\/qgs.global\/tr\/quantum\/","title":{"rendered":"Quantum"},"content":{"rendered":"<p><div class=\"fusion-fullwidth fullwidth-box fusion-builder-row-1 nonhundred-percent-fullwidth non-hundred-percent-height-scrolling\" style=\"--awb-border-radius-top-left:0px;--awb-border-radius-top-right:0px;--awb-border-radius-bottom-right:0px;--awb-border-radius-bottom-left:0px;--awb-margin-top:50px;--awb-margin-bottom:30px;--awb-flex-wrap:wrap;\" ><div class=\"fusion-builder-row fusion-row\"><div class=\"fusion-layout-column fusion_builder_column fusion-builder-column-0 fusion_builder_column_1_1 1_1 fusion-one-full fusion-column-first fusion-column-last about-intro\" style=\"--awb-padding-bottom:10px;--awb-bg-size:cover;\"><div class=\"fusion-column-wrapper fusion-flex-column-wrapper-legacy\"><div class=\"fusion-title title fusion-title-1 fusion-sep-none fusion-title-center fusion-title-text fusion-title-size-one\"><h1 class=\"fusion-title-heading title-heading-center\" style=\"margin:0;\">Quantum Hakk\u0131nda<\/h1><\/div><div class=\"fusion-text fusion-text-1\"><h4 style=\"text-align: center;\">Quantum Global Solutions, projelerin y\u00f6netimi ve ihtilaflar\u0131n \u00f6n\u00fcne ge\u00e7mek \u00fczere kendisini uluslararas\u0131 in\u015faat sekt\u00f6r\u00fcn\u00fc desteklemeye adam\u0131\u015f ba\u011f\u0131ms\u0131z bir in\u015faat destek dan\u0131\u015fmanl\u0131k firmas\u0131d\u0131r. \u0130ngiltere men\u015feli ve \u0130ngiltere\u2019den y\u00f6netilen Quantum Global Solutions olarak, d\u00fcnya genelinde \u00f6nde gelen in\u015faat firmalar\u0131, avukatlar ve i\u015fverenlerle birlikte \u00e7al\u0131\u015fmaktay\u0131z.<\/h4>\n<p style=\"text-align: center;\">Avrupa, Ortado\u011fu, Afrika, Asya, Avustralya ve ABD gibi d\u00fcnyan\u0131n d\u00f6rt bir yan\u0131nda \u00e7al\u0131\u015fan deneyimli ekiplerimiz, in\u015faat hak talepleri ve ihtilaflar\u0131n\u0131n \u00e7\u00f6z\u00fcme kavu\u015fturulmas\u0131na y\u00f6nelik olarak gecikme, quantum analizi ve hak talepleri ile ilgili sunumlar\u0131n haz\u0131rlanmas\u0131nda sahip oldu\u011fu uzmanl\u0131kla in\u015faat ekiplerine s\u00f6zle\u015fme y\u00f6netimi ve planlama deste\u011fi sunmaktad\u0131r.<\/p>\n<p style=\"text-align: center;\">Lider bir in\u015faat dan\u0131\u015fmanl\u0131k firmas\u0131 olarak, Quantum ekibi m\u00fchendisler, s\u00f6zle\u015fme uzmanlar\u0131, hak talebi hesaplama uzmanlar\u0131, gecikme analistleri ve medya uzmanlar\u0131 dahil bir\u00e7ok alandaki uzmanlar\u0131 i\u00e7ine alan end\u00fcstri uzmanlar\u0131ndan olu\u015fmaktad\u0131r. Ola\u011fan\u00fcst\u00fc hizmet kalitesiyle d\u00fcnya genelindeki g\u00fc\u00e7l\u00fc itibar\u0131m\u0131z \u015firketimizin m\u00fc\u015fteri merkezli oda\u011f\u0131n\u0131n tam ortas\u0131nda bulunmaktad\u0131r.<\/p>\n<p style=\"text-align: center;\">Quantum, Royal Institution of Chartered Surveyors (RICS) taraf\u0131ndan tan\u0131nmakta olup kendisini en y\u00fcksek m\u00fckemmellik standartlar\u0131n\u0131 koymaya ve s\u00f6z konusu standartlar\u0131 s\u00fcrd\u00fcrmeye adam\u0131\u015ft\u0131r.<\/p>\n<\/div><div class=\"fusion-clearfix\"><\/div><\/div><\/div><div class=\"fusion-layout-column fusion_builder_column fusion-builder-column-1 fusion_builder_column_1_5 1_5 fusion-one-fifth fusion-column-first\" style=\"--awb-bg-size:cover;width:20%;width:calc(20% - ( ( 4% + 4% + 4% + 4% ) * 0.2 ) );margin-right: 4%;\"><div class=\"fusion-column-wrapper fusion-flex-column-wrapper-legacy\"><div class=\"fusion-clearfix\"><\/div><\/div><\/div><div class=\"fusion-layout-column fusion_builder_column fusion-builder-column-2 fusion_builder_column_1_5 1_5 fusion-one-fifth\" style=\"--awb-bg-size:cover;width:20%;width:calc(20% - ( ( 4% + 4% + 4% + 4% ) * 0.2 ) );margin-right: 4%;\"><div class=\"fusion-column-wrapper fusion-flex-column-wrapper-legacy\"><div class=\"fusion-clearfix\"><\/div><\/div><\/div><div class=\"fusion-layout-column fusion_builder_column fusion-builder-column-3 fusion_builder_column_1_5 1_5 fusion-one-fifth\" style=\"--awb-bg-size:cover;--awb-margin-bottom:0px;width:20%;width:calc(20% - ( ( 4% + 4% + 4% + 4% ) * 0.2 ) );margin-right: 4%;\"><div class=\"fusion-column-wrapper fusion-flex-column-wrapper-legacy\"><div class=\"fusion-fa-align-center\"><i class=\"fb-icon-element-1 fb-icon-element fontawesome-icon fa fa-book circle-no\" style=\"--awb-iconcolor:#d3b86a;--awb-iconcolor-hover:#d3b86a;--awb-font-size:70px;\"><\/i><\/div><div class=\"fusion-title title fusion-title-2 fusion-sep-none fusion-title-center fusion-title-text fusion-title-size-three\" style=\"--awb-margin-bottom:0px;\"><h3 class=\"fusion-title-heading title-heading-center\" style=\"margin:0;\"><a href=\"https:\/\/qgs.global\/wp-content\/uploads\/2018\/10\/Quantum-Corporate-Profile.pdf\" target=\"_blank\" rel=\"noopener noreferrer\">Kurumsal Profil <\/a><\/h3><\/div><div class=\"fusion-clearfix\"><\/div><\/div><\/div><div class=\"fusion-layout-column fusion_builder_column fusion-builder-column-4 fusion_builder_column_1_5 1_5 fusion-one-fifth\" style=\"--awb-bg-size:cover;width:20%;width:calc(20% - ( ( 4% + 4% + 4% + 4% ) * 0.2 ) );margin-right: 4%;\"><div class=\"fusion-column-wrapper fusion-flex-column-wrapper-legacy\"><div class=\"fusion-clearfix\"><\/div><\/div><\/div><div class=\"fusion-layout-column fusion_builder_column fusion-builder-column-5 fusion_builder_column_1_5 1_5 fusion-one-fifth fusion-column-last\" style=\"--awb-bg-size:cover;width:20%;width:calc(20% - ( ( 4% + 4% + 4% + 4% ) * 0.2 ) );\"><div class=\"fusion-column-wrapper fusion-flex-column-wrapper-legacy\"><div class=\"fusion-clearfix\"><\/div><\/div><\/div><div class=\"fusion-layout-column fusion_builder_column fusion-builder-column-6 fusion_builder_column_1_2 1_2 fusion-one-half fusion-column-first\" style=\"--awb-bg-size:cover;width:50%;width:calc(50% - ( ( 4% ) * 0.5 ) );margin-right: 4%;\"><div class=\"fusion-column-wrapper fusion-flex-column-wrapper-legacy\"><div class=\"fusion-text fusion-text-2\"><h2 style=\"text-align: center;\">Vizyon<\/h2>\n<p style=\"text-align: center;\">Vizyonumuz, 2030 y\u0131l\u0131na kadar in\u015faat sanayisi alan\u0131nda global olarak gecikme analizi ve sulh yoluyla \u00e7\u00f6z\u00fcmler sunan lider bir dan\u0131\u015fmanl\u0131k firmas\u0131 olmakt\u0131r. T\u00fcm ortaklar\u0131m\u0131z\u0131n projelerinin, taraflar aras\u0131nda uyumlu \u00e7al\u0131\u015fma ili\u015fkilerini te\u015fvik etmek suretiyle, ihtilaflar ya\u015fanmadan tamamlanmas\u0131n\u0131 arzu etmekteyiz.<\/p>\n<\/div><div class=\"fusion-clearfix\"><\/div><\/div><\/div><div class=\"fusion-layout-column fusion_builder_column fusion-builder-column-7 fusion_builder_column_1_2 1_2 fusion-one-half fusion-column-last\" style=\"--awb-bg-size:cover;width:50%;width:calc(50% - ( ( 4% ) * 0.5 ) );\"><div class=\"fusion-column-wrapper fusion-flex-column-wrapper-legacy\"><div class=\"fusion-text fusion-text-3\"><h2 style=\"text-align: center;\">Misyon<\/h2>\n<p style=\"text-align: center;\">Misyonumuz, \u00e7al\u0131\u015fma ortaklar\u0131m\u0131za ihtilaflar\u0131n \u00f6n\u00fcne ge\u00e7mede yard\u0131mc\u0131 olmak ve pozitif \u00e7al\u0131\u015fma ili\u015fkileri vas\u0131tas\u0131yla k\u00e2rl\u0131l\u0131k sa\u011flamakt\u0131r.<\/p>\n<\/div><div class=\"fusion-clearfix\"><\/div><\/div><\/div><\/div><\/div><div class=\"fusion-fullwidth fullwidth-box fusion-builder-row-2 fusion-parallax-fixed nonhundred-percent-fullwidth non-hundred-percent-height-scrolling\" style=\"--awb-border-radius-top-left:0px;--awb-border-radius-top-right:0px;--awb-border-radius-bottom-right:0px;--awb-border-radius-bottom-left:0px;--awb-padding-top:150px;--awb-padding-bottom:150px;--awb-background-image:url(&quot;https:\/\/qgs.global\/wp-content\/uploads\/2017\/11\/028-QGS-01.jpg&quot;);--awb-background-size:cover;--awb-flex-wrap:wrap;background-attachment:fixed;\" ><div class=\"fusion-builder-row fusion-row\"><\/div><\/div><div class=\"fusion-fullwidth fullwidth-box fusion-builder-row-3 nonhundred-percent-fullwidth non-hundred-percent-height-scrolling\" style=\"--awb-border-radius-top-left:0px;--awb-border-radius-top-right:0px;--awb-border-radius-bottom-right:0px;--awb-border-radius-bottom-left:0px;--awb-margin-top:50px;--awb-flex-wrap:wrap;\" ><div class=\"fusion-builder-row fusion-row\"><div class=\"fusion-layout-column fusion_builder_column fusion-builder-column-8 fusion_builder_column_1_1 1_1 fusion-one-full fusion-column-first fusion-column-last\" style=\"--awb-bg-size:cover;\"><div class=\"fusion-column-wrapper fusion-flex-column-wrapper-legacy\"><div class=\"fusion-title title fusion-title-3 fusion-sep-none fusion-title-center fusion-title-text fusion-title-size-two\"><h2 class=\"fusion-title-heading title-heading-center\" style=\"margin:0;\">Quantum Ailesi<\/h2><\/div><div class=\"fusion-text fusion-text-4\"><p style=\"text-align: center;\">Quantum ailesi en \u00f6nem verdi\u011fimiz husustur. \u00c7al\u0131\u015fanlar\u0131m\u0131z gerek ba\u015far\u0131m\u0131z gerekse m\u00fc\u015fterilerimize sundu\u011fumuz y\u00fcksek seviyeli profesyonel hizmet a\u00e7\u0131s\u0131ndan kilit \u00f6neme sahiptir. \u00c7al\u0131\u015fanlar\u0131m\u0131z\u0131n e\u015fleri ve \u00e7ocuklar\u0131 ile daha geni\u015f bir Quantum ailesiyiz ve bir araya gelip devam etmekte olan k\u00fcresel b\u00fcy\u00fcmeyi desteklemede \u015firketimizin ba\u015far\u0131s\u0131n\u0131 kutlamak i\u00e7in elimizden gelen her \u00e7abay\u0131 g\u00f6steriyoruz.<\/p>\n<\/div><div class=\"fusion-clearfix\"><\/div><\/div><\/div><div class=\"fusion-layout-column fusion_builder_column fusion-builder-column-9 fusion_builder_column_1_1 1_1 fusion-one-full fusion-column-first fusion-column-last\" style=\"--awb-padding-top:20px;--awb-bg-size:cover;\"><div class=\"fusion-column-wrapper fusion-flex-column-wrapper-legacy\"><div class=\"awb-gallery-wrapper awb-gallery-wrapper-1 button-span-no\"><div style=\"margin:-5px;--awb-bordersize:0px;\" class=\"fusion-gallery fusion-gallery-container fusion-grid-3 fusion-columns-total-4 fusion-gallery-layout-masonry fusion-gallery-1\"><div class=\"fusion-grid-column fusion-gallery-column fusion-gallery-column-3 hover-type-none fusion-grid-sizer\"><\/div><div style=\"padding:5px;\" class=\"fusion-grid-column fusion-gallery-column fusion-gallery-column-3 hover-type-none fusion-element-grid\"><div class=\"fusion-gallery-image\"><a href=\"https:\/\/qgs.global\/wp-content\/uploads\/2017\/06\/IMG_0387-Simon-Hopkins-01.jpg\" data-title=\"IMG_0387&#8212;Simon-Hopkins-01\" title=\"IMG_0387&#8212;Simon-Hopkins-01\" rel=\"noreferrer\" data-rel=\"iLightbox[gallery_image_1]\" class=\"fusion-lightbox\" target=\"_self\"><div style=\"background-image:url(https:\/\/qgs.global\/wp-content\/uploads\/2017\/06\/IMG_0387-Simon-Hopkins-01.jpg);padding-top:calc((100% + 10px) * 0.8 - 5px);background-position:;\" class=\"fusion-masonry-element-container\"><img decoding=\"async\" src=\"https:\/\/qgs.global\/wp-content\/uploads\/2017\/06\/IMG_0387-Simon-Hopkins-01.jpg\" width=\"1000\" height=\"750\" alt=\"\" title=\"IMG_0387&#8212;Simon-Hopkins-01\" aria-label=\"IMG_0387&#8212;Simon-Hopkins-01\" class=\"img-responsive wp-image-5870\" srcset=\"https:\/\/qgs.global\/wp-content\/uploads\/2017\/06\/IMG_0387-Simon-Hopkins-01-600x450.jpg 600w, https:\/\/qgs.global\/wp-content\/uploads\/2017\/06\/IMG_0387-Simon-Hopkins-01.jpg 1000w\" sizes=\"(min-width: 2200px) 100vw, (min-width: 784px) 363px, (min-width: 712px) 545px, (min-width: 640px) 712px, \" \/><\/div><\/a><\/div><\/div><div style=\"padding:5px;\" class=\"fusion-grid-column fusion-gallery-column fusion-gallery-column-3 hover-type-none fusion-element-landscape\"><div class=\"fusion-gallery-image\"><a href=\"https:\/\/qgs.global\/wp-content\/uploads\/2017\/05\/DuanCIOB-01.jpg\" data-title=\"DuanCIOB-01\" title=\"DuanCIOB-01\" rel=\"noreferrer\" data-rel=\"iLightbox[gallery_image_1]\" class=\"fusion-lightbox\" target=\"_self\"><div style=\"background-image:url(https:\/\/qgs.global\/wp-content\/uploads\/2017\/05\/DuanCIOB-01.jpg);padding-top:calc((100% + 10px) * 0.4 - 5px);background-position:;\" class=\"fusion-masonry-element-container\"><img decoding=\"async\" src=\"https:\/\/qgs.global\/wp-content\/uploads\/2017\/05\/DuanCIOB-01.jpg\" width=\"1000\" height=\"568\" alt=\"\" title=\"DuanCIOB-01\" aria-label=\"DuanCIOB-01\" class=\"img-responsive wp-image-5834\" srcset=\"https:\/\/qgs.global\/wp-content\/uploads\/2017\/05\/DuanCIOB-01-600x341.jpg 600w, https:\/\/qgs.global\/wp-content\/uploads\/2017\/05\/DuanCIOB-01.jpg 1000w\" sizes=\"(min-width: 2200px) 100vw, (min-width: 640px) 1100px, \" \/><\/div><\/a><\/div><\/div><div style=\"padding:5px;\" class=\"fusion-grid-column fusion-gallery-column fusion-gallery-column-3 hover-type-none fusion-element-grid\"><div class=\"fusion-gallery-image\"><a rel=\"noreferrer\" data-rel=\"iLightbox[gallery_image_1]\" class=\"fusion-lightbox\" target=\"_self\"><div style=\"background-image:url();padding-top:calc((100% + 10px) * 0.8 - 5px);background-position:;\" class=\"fusion-masonry-element-container\"><img decoding=\"async\" src=\"\" width=\"\" height=\"\" alt=\"\" title=\"\" aria-label=\"\" class=\"img-responsive wp-image-5854\"  \/><\/div><\/a><\/div><\/div><div style=\"padding:5px;\" class=\"fusion-grid-column fusion-gallery-column fusion-gallery-column-3 hover-type-none fusion-element-grid\"><div class=\"fusion-gallery-image\"><a href=\"https:\/\/qgs.global\/wp-content\/uploads\/2017\/02\/31-01.jpg\" data-title=\"31-01\" title=\"31-01\" rel=\"noreferrer\" data-rel=\"iLightbox[gallery_image_1]\" class=\"fusion-lightbox\" target=\"_self\"><div style=\"background-image:url(https:\/\/qgs.global\/wp-content\/uploads\/2017\/02\/31-01.jpg);padding-top:calc((100% + 10px) * 0.8 - 5px);background-position:;\" class=\"fusion-masonry-element-container\"><img decoding=\"async\" src=\"https:\/\/qgs.global\/wp-content\/uploads\/2017\/02\/31-01.jpg\" width=\"1000\" height=\"667\" alt=\"\" title=\"31-01\" aria-label=\"31-01\" class=\"img-responsive wp-image-5529\" srcset=\"https:\/\/qgs.global\/wp-content\/uploads\/2017\/02\/31-01-600x400.jpg 600w, https:\/\/qgs.global\/wp-content\/uploads\/2017\/02\/31-01.jpg 1000w\" sizes=\"(min-width: 2200px) 100vw, (min-width: 784px) 363px, (min-width: 712px) 545px, (min-width: 640px) 712px, \" \/><\/div><\/a><\/div><\/div><\/div><\/div><div class=\"fusion-clearfix\"><\/div><\/div><\/div><\/div><\/div><div class=\"fusion-fullwidth fullwidth-box fusion-builder-row-4 nonhundred-percent-fullwidth non-hundred-percent-height-scrolling\" style=\"--awb-border-radius-top-left:0px;--awb-border-radius-top-right:0px;--awb-border-radius-bottom-right:0px;--awb-border-radius-bottom-left:0px;--awb-flex-wrap:wrap;\" ><div class=\"fusion-builder-row fusion-row\"><div class=\"fusion-layout-column fusion_builder_column fusion-builder-column-10 fusion_builder_column_1_1 1_1 fusion-one-full fusion-column-first fusion-column-last\" style=\"--awb-bg-size:cover;\"><div class=\"fusion-column-wrapper fusion-flex-column-wrapper-legacy\"><div class=\"fusion-text fusion-text-5\"><h2 style=\"text-align: center;\">Quantum Felsefesi<\/h2>\n<p><strong>Quantum\u2019da kurumsal felsefemiz alt\u0131 temel prensip \u00fczerine in\u015fa edilmi\u015ftir: <\/strong><\/p>\n<ul>\n<li>M\u00fckemmeliyet \u2013 bir beceri de\u011fil, bir tav\u0131r olarak m\u00fckemmeliyet<\/li>\n<li>M\u00fc\u015fteri odakl\u0131 \u00e7al\u0131\u015fma \u2013 m\u00fc\u015fterinin beklentilerini a\u015facak bir \u00f6zveri<\/li>\n<li>D\u00fcr\u00fcstl\u00fck \u2013 faaliyetlerimizin dayanak noktas\u0131<\/li>\n<li>Yenilik\u00e7ilik \u2013 yenilik\u00e7i ve \u00e7\u00f6z\u00fcm temelli yakla\u015f\u0131m\u0131m\u0131z felsefemizin ayr\u0131lmaz bir par\u00e7as\u0131d\u0131r<\/li>\n<li>\u00c7\u00f6z\u00fcm temelli yarat\u0131c\u0131l\u0131k \u2013 proaktif \u015fekilde sulh yoluyla \u00e7\u00f6z\u00fcme ula\u015fmak i\u00e7in i\u00e7in yarat\u0131c\u0131 yakla\u015f\u0131mlar\u0131n kullan\u0131m\u0131<\/li>\n<li>Quantum ailesi \u2013 kendilerini m\u00fc\u015fterilerine adam\u0131\u015f ve s\u00fcrekli geli\u015ftirmek isteyen profesyonellerden olu\u015fan sonu\u00e7 odakl\u0131 bir ekip<\/li>\n<\/ul>\n<\/div><div class=\"fusion-clearfix\"><\/div><\/div><\/div><\/div><\/div><div class=\"fusion-fullwidth fullwidth-box fusion-builder-row-5 nonhundred-percent-fullwidth non-hundred-percent-height-scrolling fusion-equal-height-columns\" style=\"--awb-border-radius-top-left:0px;--awb-border-radius-top-right:0px;--awb-border-radius-bottom-right:0px;--awb-border-radius-bottom-left:0px;--awb-flex-wrap:wrap;\" ><div class=\"fusion-builder-row fusion-row\"><div class=\"fusion-layout-column fusion_builder_column fusion-builder-column-11 fusion_builder_column_1_1 1_1 fusion-one-full fusion-column-first fusion-column-last fusion-column-no-min-height\" style=\"--awb-bg-size:cover;\"><div class=\"fusion-column-wrapper fusion-flex-column-wrapper-legacy\"><div class=\"fusion-title title fusion-title-4 fusion-sep-none fusion-title-center fusion-title-text fusion-title-size-one\"><h1 class=\"fusion-title-heading title-heading-center\" style=\"margin:0;\">Profesyonel Standartlar<\/h1><\/div><div class=\"fusion-text fusion-text-6\"><p>Quantum\u2019un profesyonel ekibi y\u00fcksek seviyede dan\u0131\u015fmanl\u0131k hizmetleri sa\u011flamaktad\u0131r ve a\u015fa\u011f\u0131daki kurumlar\u0131n standartlar\u0131n\u0131 i\u00e7ine alan \u00f6nde gelen end\u00fcstri birliklerinin ilke ve uygulamalar\u0131 rehberli\u011finde hareket eder:<\/p>\n<ul>\n<li><a href=\"http:\/\/www.rics.org\/\" target=\"_blank\" rel=\"noopener noreferrer\">RICS \u2013 Royal Institution of Chartered Surveyors<\/a><\/li>\n<li><a href=\"http:\/\/www.ciarb.org\/\" target=\"_blank\" rel=\"noopener noreferrer\">CIArb \u2013 Chartered Institute of Arbitrators<\/a><\/li>\n<li><a href=\"https:\/\/www.ice.org.uk\/\" target=\"_blank\" rel=\"noopener noreferrer\">ICE \u2013 Institution of Civil Engineers<\/a><\/li>\n<li><a href=\"http:\/\/www.ciob.org\/\" target=\"_blank\" rel=\"noopener noreferrer\">CIOB \u2013 Chartered Institute of Builders<\/a><\/li>\n<li><a href=\"https:\/\/www.scl.org.uk\/\" target=\"_blank\" rel=\"noopener noreferrer\">SCL \u2013 Society of Construction Law<\/a><\/li>\n<li><a href=\"https:\/\/web.aacei.org\/\" target=\"_blank\" rel=\"noopener noreferrer\">AACE \u2013 American Association of Cost Engineers<\/a><\/li>\n<\/ul>\n<\/div><div class=\"fusion-clearfix\"><\/div><\/div><\/div><\/div><\/div><div class=\"fusion-fullwidth fullwidth-box fusion-builder-row-6 nonhundred-percent-fullwidth non-hundred-percent-height-scrolling\" style=\"--awb-border-radius-top-left:0px;--awb-border-radius-top-right:0px;--awb-border-radius-bottom-right:0px;--awb-border-radius-bottom-left:0px;--awb-padding-top:20px;--awb-padding-bottom:60px;--awb-flex-wrap:wrap;\" ><div class=\"fusion-builder-row fusion-row\"><div class=\"fusion-layout-column fusion_builder_column fusion-builder-column-12 fusion_builder_column_1_1 1_1 fusion-one-full fusion-column-first fusion-column-last\" style=\"--awb-bg-size:cover;--awb-margin-bottom:0px;\"><div class=\"fusion-column-wrapper fusion-flex-column-wrapper-legacy\"><div class=\"fusion-text fusion-text-7\"><h2 style=\"text-align: center;\">A\u00e7\u0131kl\u0131k |\u00a0Odaklanmak |\u00a0Kararl\u0131l\u0131k<\/h2>\n<\/div><div class=\"fusion-clearfix\"><\/div><\/div><\/div><\/div><\/div><\/p>\n","protected":false},"excerpt":{"rendered":"","protected":false},"author":1,"featured_media":0,"parent":0,"menu_order":0,"comment_status":"closed","ping_status":"closed","template":"100-width.php","meta":{"_monsterinsights_skip_tracking":false,"_monsterinsights_sitenote_active":false,"_monsterinsights_sitenote_note":"","_monsterinsights_sitenote_category":0},"yoast_head":"<!-- This site is optimized with the Yoast SEO plugin v20.10 - https:\/\/yoast.com\/wordpress\/plugins\/seo\/ -->\n<title>Quantum - Quantum Global Solutions<\/title>\n<meta name=\"robots\" content=\"index, follow, max-snippet:-1, max-image-preview:large, max-video-preview:-1\" \/>\n<link rel=\"canonical\" href=\"https:\/\/qgs.global\/tr\/quantum\/\" \/>\n<meta property=\"og:locale\" content=\"tr_TR\" \/>\n<meta property=\"og:type\" content=\"article\" \/>\n<meta property=\"og:title\" content=\"Quantum - Quantum Global Solutions\" \/>\n<meta property=\"og:url\" content=\"https:\/\/qgs.global\/tr\/quantum\/\" \/>\n<meta property=\"og:site_name\" content=\"Quantum Global Solutions\" \/>\n<meta property=\"article:publisher\" content=\"https:\/\/www.facebook.com\/QGS.Global\" \/>\n<meta property=\"article:modified_time\" content=\"2019-09-20T23:10:56+00:00\" \/>\n<meta name=\"twitter:card\" content=\"summary_large_image\" \/>\n<meta name=\"twitter:site\" content=\"@QGS_Global\" \/>\n<meta name=\"twitter:label1\" content=\"Est. reading time\" \/>\n\t<meta name=\"twitter:data1\" content=\"13 minutes\" \/>\n<script type=\"application\/ld+json\" class=\"yoast-schema-graph\">{\"@context\":\"https:\/\/schema.org\",\"@graph\":[{\"@type\":\"WebPage\",\"@id\":\"https:\/\/qgs.global\/tr\/quantum\/\",\"url\":\"https:\/\/qgs.global\/tr\/quantum\/\",\"name\":\"Quantum - Quantum Global Solutions\",\"isPartOf\":{\"@id\":\"https:\/\/qgs.global\/es\/#website\"},\"datePublished\":\"2017-07-21T06:54:45+00:00\",\"dateModified\":\"2019-09-20T23:10:56+00:00\",\"breadcrumb\":{\"@id\":\"https:\/\/qgs.global\/tr\/quantum\/#breadcrumb\"},\"inLanguage\":\"tr\",\"potentialAction\":[{\"@type\":\"ReadAction\",\"target\":[\"https:\/\/qgs.global\/tr\/quantum\/\"]}]},{\"@type\":\"BreadcrumbList\",\"@id\":\"https:\/\/qgs.global\/tr\/quantum\/#breadcrumb\",\"itemListElement\":[{\"@type\":\"ListItem\",\"position\":1,\"name\":\"Home\",\"item\":\"https:\/\/qgs.global\/tr\/\"},{\"@type\":\"ListItem\",\"position\":2,\"name\":\"Quantum\"}]},{\"@type\":\"WebSite\",\"@id\":\"https:\/\/qgs.global\/es\/#website\",\"url\":\"https:\/\/qgs.global\/es\/\",\"name\":\"Quantum Global Solutions\",\"description\":\"Qatar - Dubai - Jordan - China - Turkey - Korea - UAE - Contractual, Commercial and Forensic Planning Consultancy\",\"publisher\":{\"@id\":\"https:\/\/qgs.global\/es\/#organization\"},\"potentialAction\":[{\"@type\":\"SearchAction\",\"target\":{\"@type\":\"EntryPoint\",\"urlTemplate\":\"https:\/\/qgs.global\/es\/?s={search_term_string}\"},\"query-input\":\"required name=search_term_string\"}],\"inLanguage\":\"tr\"},{\"@type\":\"Organization\",\"@id\":\"https:\/\/qgs.global\/es\/#organization\",\"name\":\"Quantum Global Solutions\",\"url\":\"https:\/\/qgs.global\/es\/\",\"logo\":{\"@type\":\"ImageObject\",\"inLanguage\":\"tr\",\"@id\":\"https:\/\/qgs.global\/es\/#\/schema\/logo\/image\/\",\"url\":\"https:\/\/qgs.global\/wp-content\/uploads\/2017\/07\/Quantum-Logo-001-e1500802058718.png\",\"contentUrl\":\"https:\/\/qgs.global\/wp-content\/uploads\/2017\/07\/Quantum-Logo-001-e1500802058718.png\",\"width\":162,\"height\":70,\"caption\":\"Quantum Global Solutions\"},\"image\":{\"@id\":\"https:\/\/qgs.global\/es\/#\/schema\/logo\/image\/\"},\"sameAs\":[\"https:\/\/www.facebook.com\/QGS.Global\",\"https:\/\/twitter.com\/QGS_Global\",\"https:\/\/www.linkedin.com\/company\/qgsglobal\/\",\"https:\/\/www.youtube.com\/channel\/UC2--r0e2d3SbreqHrnY9dTQ\"]}]}<\/script>\n<!-- \/ Yoast SEO plugin. -->","yoast_head_json":{"title":"Quantum - Quantum Global Solutions","robots":{"index":"index","follow":"follow","max-snippet":"max-snippet:-1","max-image-preview":"max-image-preview:large","max-video-preview":"max-video-preview:-1"},"canonical":"https:\/\/qgs.global\/tr\/quantum\/","og_locale":"tr_TR","og_type":"article","og_title":"Quantum - Quantum Global Solutions","og_url":"https:\/\/qgs.global\/tr\/quantum\/","og_site_name":"Quantum Global Solutions","article_publisher":"https:\/\/www.facebook.com\/QGS.Global","article_modified_time":"2019-09-20T23:10:56+00:00","twitter_card":"summary_large_image","twitter_site":"@QGS_Global","twitter_misc":{"Est. reading time":"13 minutes"},"schema":{"@context":"https:\/\/schema.org","@graph":[{"@type":"WebPage","@id":"https:\/\/qgs.global\/tr\/quantum\/","url":"https:\/\/qgs.global\/tr\/quantum\/","name":"Quantum - Quantum Global Solutions","isPartOf":{"@id":"https:\/\/qgs.global\/es\/#website"},"datePublished":"2017-07-21T06:54:45+00:00","dateModified":"2019-09-20T23:10:56+00:00","breadcrumb":{"@id":"https:\/\/qgs.global\/tr\/quantum\/#breadcrumb"},"inLanguage":"tr","potentialAction":[{"@type":"ReadAction","target":["https:\/\/qgs.global\/tr\/quantum\/"]}]},{"@type":"BreadcrumbList","@id":"https:\/\/qgs.global\/tr\/quantum\/#breadcrumb","itemListElement":[{"@type":"ListItem","position":1,"name":"Home","item":"https:\/\/qgs.global\/tr\/"},{"@type":"ListItem","position":2,"name":"Quantum"}]},{"@type":"WebSite","@id":"https:\/\/qgs.global\/es\/#website","url":"https:\/\/qgs.global\/es\/","name":"Quantum Global Solutions","description":"Qatar - Dubai - Jordan - China - Turkey - Korea - UAE - Contractual, Commercial and Forensic Planning Consultancy","publisher":{"@id":"https:\/\/qgs.global\/es\/#organization"},"potentialAction":[{"@type":"SearchAction","target":{"@type":"EntryPoint","urlTemplate":"https:\/\/qgs.global\/es\/?s={search_term_string}"},"query-input":"required name=search_term_string"}],"inLanguage":"tr"},{"@type":"Organization","@id":"https:\/\/qgs.global\/es\/#organization","name":"Quantum Global Solutions","url":"https:\/\/qgs.global\/es\/","logo":{"@type":"ImageObject","inLanguage":"tr","@id":"https:\/\/qgs.global\/es\/#\/schema\/logo\/image\/","url":"https:\/\/qgs.global\/wp-content\/uploads\/2017\/07\/Quantum-Logo-001-e1500802058718.png","contentUrl":"https:\/\/qgs.global\/wp-content\/uploads\/2017\/07\/Quantum-Logo-001-e1500802058718.png","width":162,"height":70,"caption":"Quantum Global Solutions"},"image":{"@id":"https:\/\/qgs.global\/es\/#\/schema\/logo\/image\/"},"sameAs":["https:\/\/www.facebook.com\/QGS.Global","https:\/\/twitter.com\/QGS_Global","https:\/\/www.linkedin.com\/company\/qgsglobal\/","https:\/\/www.youtube.com\/channel\/UC2--r0e2d3SbreqHrnY9dTQ"]}]}},"_links":{"self":[{"href":"https:\/\/qgs.global\/tr\/wp-json\/wp\/v2\/pages\/12447"}],"collection":[{"href":"https:\/\/qgs.global\/tr\/wp-json\/wp\/v2\/pages"}],"about":[{"href":"https:\/\/qgs.global\/tr\/wp-json\/wp\/v2\/types\/page"}],"author":[{"embeddable":true,"href":"https:\/\/qgs.global\/tr\/wp-json\/wp\/v2\/users\/1"}],"replies":[{"embeddable":true,"href":"https:\/\/qgs.global\/tr\/wp-json\/wp\/v2\/comments?post=12447"}],"version-history":[{"count":0,"href":"https:\/\/qgs.global\/tr\/wp-json\/wp\/v2\/pages\/12447\/revisions"}],"wp:attachment":[{"href":"https:\/\/qgs.global\/tr\/wp-json\/wp\/v2\/media?parent=12447"}],"curies":[{"name":"wp","href":"https:\/\/api.w.org\/{rel}","templated":true}]}}