{"id":10948,"date":"2017-07-21T12:02:49","date_gmt":"2017-07-21T09:02:49","guid":{"rendered":"https:\/\/qgs.global\/services\/litigation-support\/"},"modified":"2019-05-11T02:11:07","modified_gmt":"2019-05-10T23:11:07","slug":"litigation-support","status":"publish","type":"page","link":"https:\/\/qgs.global\/fr\/services\/litigation-support\/","title":{"rendered":"Litigation Support"},"content":{"rendered":"<div class=\"fusion-fullwidth fullwidth-box fusion-builder-row-1 services-container nonhundred-percent-fullwidth non-hundred-percent-height-scrolling\" style=\"--awb-border-radius-top-left:0px;--awb-border-radius-top-right:0px;--awb-border-radius-bottom-right:0px;--awb-border-radius-bottom-left:0px;--awb-padding-top:60px;--awb-padding-bottom:10px;--awb-flex-wrap:wrap;\" ><div class=\"fusion-builder-row fusion-row\"><div class=\"fusion-layout-column fusion_builder_column fusion-builder-column-0 fusion_builder_column_1_1 1_1 fusion-one-full fusion-column-first fusion-column-last\" style=\"--awb-bg-size:cover;\"><div class=\"fusion-column-wrapper fusion-flex-column-wrapper-legacy\"><div class=\"fusion-title title fusion-title-1 fusion-sep-none fusion-title-center fusion-title-text fusion-title-size-one\"><h1 class=\"fusion-title-heading title-heading-center\" style=\"margin:0;\">Assistance au contentieux<\/h1><\/div><div class=\"fusion-text fusion-text-1\"><h3>Chaque projet de construction est unique et construit par diverses parties qui collaborent pour cr\u00e9er quelque chose d\u2019unique. Ce processus rend le changement in\u00e9vitable. Quantum reconnait cet \u00e9tat de fait et se concentre sur la r\u00e9solution amiable et la pr\u00e9vention des diff\u00e9rends.<\/h3>\n<p>Lorsque le temps est critique et que les co\u00fbts sont \u00e9lev\u00e9s, des conflits peuvent survenir. Le projet tout entier peut s\u2019en trouver affect\u00e9, pas seulement les parties directement concern\u00e9es, et leur r\u00e8glement peut s\u2019av\u00e9rer long et co\u00fbteux.<\/p>\n<p>Lorsqu\u2019un diff\u00e9rend s\u2019aggrave jusqu\u2019au stade de l\u2019arbitrage, de la m\u00e9diation, de l\u2019adjudication ou du contentieux, Quantum peut contribuer \u00e0 la pr\u00e9paration d\u2019un m\u00e9moire en demande exhaustif et pleinement \u00e9tay\u00e9. Quantum peut notamment identifier et mettre en lumi\u00e8re les questions importantes et les s\u00e9parer des questions non critiques qui entourent la plupart des affaires. Ces services appuient et compl\u00e8tent ceux des \u00e9quipes juridiques.<\/p>\n<p>Sous la direction de professionnels tr\u00e8s exp\u00e9riment\u00e9s et jouissant de comp\u00e9tences dans tous les domaines de la construction et du r\u00e8glement des diff\u00e9rends, Quantum fournit une gamme compl\u00e8te et proactive de services pour aider nos clients \u00e0 r\u00e9gler tout diff\u00e9rend.<\/p>\n<p>Quantum offre une approche unique de l\u2019assistance au contentieux, notamment:<\/p>\n<ul>\n<li>Connaissances et exp\u00e9rience sp\u00e9cialis\u00e9es dans toutes les disciplines.<\/li>\n<li>Des \u00e9quipes int\u00e9gr\u00e9es qui nous permettent de combiner des expertises sp\u00e9cialis\u00e9es afin de fournir un avis et une position uniques et exhaustifs.<\/li>\n<li>Un ensemble de logiciels sp\u00e9cialis\u00e9s capables d\u2019analyser les questions et les positions du projet.<\/li>\n<\/ul>\n<p><strong>Pr\u00e9vention des Litiges<\/strong><\/p>\n<p>Nos \u00e9quipes sont en mesure de fournir des conseils et avis sur l\u2019interpr\u00e9tation des contrats et les techniques de pr\u00e9vention des litiges en s\u2019appuyant sur de longues ann\u00e9es d\u2019exp\u00e9rience globale. Ceci peut \u00eatre inclus dans les contrats durant la phase initiale de passation de march\u00e9 pour le projet.<\/p>\n<\/div><div class=\"fusion-clearfix\"><\/div><\/div><\/div><\/div><\/div>\n","protected":false},"excerpt":{"rendered":"","protected":false},"author":1,"featured_media":0,"parent":10930,"menu_order":0,"comment_status":"closed","ping_status":"closed","template":"","meta":{"_monsterinsights_skip_tracking":false,"_monsterinsights_sitenote_active":false,"_monsterinsights_sitenote_note":"","_monsterinsights_sitenote_category":0},"yoast_head":"<!-- This site is optimized with the Yoast SEO plugin v20.10 - https:\/\/yoast.com\/wordpress\/plugins\/seo\/ -->\n<title>Litigation Support - Quantum Global Solutions<\/title>\n<meta name=\"robots\" content=\"index, follow, max-snippet:-1, max-image-preview:large, max-video-preview:-1\" \/>\n<link rel=\"canonical\" href=\"https:\/\/qgs.global\/fr\/services\/litigation-support\/\" \/>\n<meta property=\"og:locale\" content=\"fr_FR\" \/>\n<meta property=\"og:type\" content=\"article\" \/>\n<meta property=\"og:title\" content=\"Litigation Support - Quantum Global Solutions\" \/>\n<meta property=\"og:url\" content=\"https:\/\/qgs.global\/fr\/services\/litigation-support\/\" \/>\n<meta property=\"og:site_name\" content=\"Quantum Global Solutions\" \/>\n<meta property=\"article:publisher\" content=\"https:\/\/www.facebook.com\/QGS.Global\" \/>\n<meta property=\"article:modified_time\" content=\"2019-05-10T23:11:07+00:00\" \/>\n<meta name=\"twitter:card\" content=\"summary_large_image\" \/>\n<meta name=\"twitter:site\" content=\"@QGS_Global\" \/>\n<meta name=\"twitter:label1\" content=\"Dur\u00e9e de lecture estim\u00e9e\" \/>\n\t<meta name=\"twitter:data1\" content=\"3 minutes\" \/>\n<script type=\"application\/ld+json\" class=\"yoast-schema-graph\">{\"@context\":\"https:\/\/schema.org\",\"@graph\":[{\"@type\":\"WebPage\",\"@id\":\"https:\/\/qgs.global\/fr\/services\/litigation-support\/\",\"url\":\"https:\/\/qgs.global\/fr\/services\/litigation-support\/\",\"name\":\"Litigation Support - Quantum Global Solutions\",\"isPartOf\":{\"@id\":\"https:\/\/qgs.global\/es\/#website\"},\"datePublished\":\"2017-07-21T09:02:49+00:00\",\"dateModified\":\"2019-05-10T23:11:07+00:00\",\"breadcrumb\":{\"@id\":\"https:\/\/qgs.global\/fr\/services\/litigation-support\/#breadcrumb\"},\"inLanguage\":\"fr-FR\",\"potentialAction\":[{\"@type\":\"ReadAction\",\"target\":[\"https:\/\/qgs.global\/fr\/services\/litigation-support\/\"]}]},{\"@type\":\"BreadcrumbList\",\"@id\":\"https:\/\/qgs.global\/fr\/services\/litigation-support\/#breadcrumb\",\"itemListElement\":[{\"@type\":\"ListItem\",\"position\":1,\"name\":\"Home\",\"item\":\"https:\/\/qgs.global\/fr\/\"},{\"@type\":\"ListItem\",\"position\":2,\"name\":\"Services\",\"item\":\"https:\/\/qgs.global\/fr\/services\/\"},{\"@type\":\"ListItem\",\"position\":3,\"name\":\"Litigation Support\"}]},{\"@type\":\"WebSite\",\"@id\":\"https:\/\/qgs.global\/es\/#website\",\"url\":\"https:\/\/qgs.global\/es\/\",\"name\":\"Quantum Global Solutions\",\"description\":\"Qatar - Dubai - Jordan - China - Turkey - Korea - UAE - Contractual, Commercial and Forensic Planning Consultancy\",\"publisher\":{\"@id\":\"https:\/\/qgs.global\/es\/#organization\"},\"potentialAction\":[{\"@type\":\"SearchAction\",\"target\":{\"@type\":\"EntryPoint\",\"urlTemplate\":\"https:\/\/qgs.global\/es\/?s={search_term_string}\"},\"query-input\":\"required name=search_term_string\"}],\"inLanguage\":\"fr-FR\"},{\"@type\":\"Organization\",\"@id\":\"https:\/\/qgs.global\/es\/#organization\",\"name\":\"Quantum Global Solutions\",\"url\":\"https:\/\/qgs.global\/es\/\",\"logo\":{\"@type\":\"ImageObject\",\"inLanguage\":\"fr-FR\",\"@id\":\"https:\/\/qgs.global\/es\/#\/schema\/logo\/image\/\",\"url\":\"https:\/\/qgs.global\/wp-content\/uploads\/2017\/07\/Quantum-Logo-001-e1500802058718.png\",\"contentUrl\":\"https:\/\/qgs.global\/wp-content\/uploads\/2017\/07\/Quantum-Logo-001-e1500802058718.png\",\"width\":162,\"height\":70,\"caption\":\"Quantum Global Solutions\"},\"image\":{\"@id\":\"https:\/\/qgs.global\/es\/#\/schema\/logo\/image\/\"},\"sameAs\":[\"https:\/\/www.facebook.com\/QGS.Global\",\"https:\/\/twitter.com\/QGS_Global\",\"https:\/\/www.linkedin.com\/company\/qgsglobal\/\",\"https:\/\/www.youtube.com\/channel\/UC2--r0e2d3SbreqHrnY9dTQ\"]}]}<\/script>\n<!-- \/ Yoast SEO plugin. -->","yoast_head_json":{"title":"Litigation Support - Quantum Global Solutions","robots":{"index":"index","follow":"follow","max-snippet":"max-snippet:-1","max-image-preview":"max-image-preview:large","max-video-preview":"max-video-preview:-1"},"canonical":"https:\/\/qgs.global\/fr\/services\/litigation-support\/","og_locale":"fr_FR","og_type":"article","og_title":"Litigation Support - Quantum Global Solutions","og_url":"https:\/\/qgs.global\/fr\/services\/litigation-support\/","og_site_name":"Quantum Global Solutions","article_publisher":"https:\/\/www.facebook.com\/QGS.Global","article_modified_time":"2019-05-10T23:11:07+00:00","twitter_card":"summary_large_image","twitter_site":"@QGS_Global","twitter_misc":{"Dur\u00e9e de lecture estim\u00e9e":"3 minutes"},"schema":{"@context":"https:\/\/schema.org","@graph":[{"@type":"WebPage","@id":"https:\/\/qgs.global\/fr\/services\/litigation-support\/","url":"https:\/\/qgs.global\/fr\/services\/litigation-support\/","name":"Litigation Support - Quantum Global Solutions","isPartOf":{"@id":"https:\/\/qgs.global\/es\/#website"},"datePublished":"2017-07-21T09:02:49+00:00","dateModified":"2019-05-10T23:11:07+00:00","breadcrumb":{"@id":"https:\/\/qgs.global\/fr\/services\/litigation-support\/#breadcrumb"},"inLanguage":"fr-FR","potentialAction":[{"@type":"ReadAction","target":["https:\/\/qgs.global\/fr\/services\/litigation-support\/"]}]},{"@type":"BreadcrumbList","@id":"https:\/\/qgs.global\/fr\/services\/litigation-support\/#breadcrumb","itemListElement":[{"@type":"ListItem","position":1,"name":"Home","item":"https:\/\/qgs.global\/fr\/"},{"@type":"ListItem","position":2,"name":"Services","item":"https:\/\/qgs.global\/fr\/services\/"},{"@type":"ListItem","position":3,"name":"Litigation Support"}]},{"@type":"WebSite","@id":"https:\/\/qgs.global\/es\/#website","url":"https:\/\/qgs.global\/es\/","name":"Quantum Global Solutions","description":"Qatar - Dubai - Jordan - China - Turkey - Korea - UAE - Contractual, Commercial and Forensic Planning Consultancy","publisher":{"@id":"https:\/\/qgs.global\/es\/#organization"},"potentialAction":[{"@type":"SearchAction","target":{"@type":"EntryPoint","urlTemplate":"https:\/\/qgs.global\/es\/?s={search_term_string}"},"query-input":"required name=search_term_string"}],"inLanguage":"fr-FR"},{"@type":"Organization","@id":"https:\/\/qgs.global\/es\/#organization","name":"Quantum Global Solutions","url":"https:\/\/qgs.global\/es\/","logo":{"@type":"ImageObject","inLanguage":"fr-FR","@id":"https:\/\/qgs.global\/es\/#\/schema\/logo\/image\/","url":"https:\/\/qgs.global\/wp-content\/uploads\/2017\/07\/Quantum-Logo-001-e1500802058718.png","contentUrl":"https:\/\/qgs.global\/wp-content\/uploads\/2017\/07\/Quantum-Logo-001-e1500802058718.png","width":162,"height":70,"caption":"Quantum Global Solutions"},"image":{"@id":"https:\/\/qgs.global\/es\/#\/schema\/logo\/image\/"},"sameAs":["https:\/\/www.facebook.com\/QGS.Global","https:\/\/twitter.com\/QGS_Global","https:\/\/www.linkedin.com\/company\/qgsglobal\/","https:\/\/www.youtube.com\/channel\/UC2--r0e2d3SbreqHrnY9dTQ"]}]}},"_links":{"self":[{"href":"https:\/\/qgs.global\/fr\/wp-json\/wp\/v2\/pages\/10948"}],"collection":[{"href":"https:\/\/qgs.global\/fr\/wp-json\/wp\/v2\/pages"}],"about":[{"href":"https:\/\/qgs.global\/fr\/wp-json\/wp\/v2\/types\/page"}],"author":[{"embeddable":true,"href":"https:\/\/qgs.global\/fr\/wp-json\/wp\/v2\/users\/1"}],"replies":[{"embeddable":true,"href":"https:\/\/qgs.global\/fr\/wp-json\/wp\/v2\/comments?post=10948"}],"version-history":[{"count":0,"href":"https:\/\/qgs.global\/fr\/wp-json\/wp\/v2\/pages\/10948\/revisions"}],"up":[{"embeddable":true,"href":"https:\/\/qgs.global\/fr\/wp-json\/wp\/v2\/pages\/10930"}],"wp:attachment":[{"href":"https:\/\/qgs.global\/fr\/wp-json\/wp\/v2\/media?parent=10948"}],"curies":[{"name":"wp","href":"https:\/\/api.w.org\/{rel}","templated":true}]}}