{"id":10765,"date":"2018-01-13T23:11:05","date_gmt":"2018-01-13T20:11:05","guid":{"rendered":"https:\/\/qgs.global\/team\/mujeeb-rahman\/"},"modified":"2019-05-10T22:29:40","modified_gmt":"2019-05-10T19:29:40","slug":"mujeeb-rahman","status":"publish","type":"page","link":"https:\/\/qgs.global\/fr\/team-2\/mujeeb-rahman\/","title":{"rendered":"Mujeeb Rahman"},"content":{"rendered":"<div class=\"fusion-fullwidth fullwidth-box fusion-builder-row-1 nonhundred-percent-fullwidth non-hundred-percent-height-scrolling\" style=\"--awb-border-radius-top-left:0px;--awb-border-radius-top-right:0px;--awb-border-radius-bottom-right:0px;--awb-border-radius-bottom-left:0px;--awb-padding-top:30px;--awb-padding-bottom:20px;--awb-flex-wrap:wrap;\" ><div class=\"fusion-builder-row fusion-row\"><div class=\"fusion-layout-column fusion_builder_column fusion-builder-column-0 fusion_builder_column_1_3 1_3 fusion-one-third fusion-column-first\" style=\"--awb-bg-size:cover;width:33.333333333333%;width:calc(33.333333333333% - ( ( 4% + 4% ) * 0.33333333333333 ) );margin-right: 4%;\"><div class=\"fusion-column-wrapper fusion-flex-column-wrapper-legacy\"><div class=\"fusion-clearfix\"><\/div><\/div><\/div><div class=\"fusion-layout-column fusion_builder_column fusion-builder-column-1 fusion_builder_column_1_3 1_3 fusion-one-third\" style=\"--awb-bg-size:cover;width:33.333333333333%;width:calc(33.333333333333% - ( ( 4% + 4% ) * 0.33333333333333 ) );margin-right: 4%;\"><div class=\"fusion-column-wrapper fusion-flex-column-wrapper-legacy\"><div class=\"fusion-image-element fusion-image-align-center in-legacy-container\" style=\"text-align:center;--awb-caption-title-font-family:var(--h2_typography-font-family);--awb-caption-title-font-weight:var(--h2_typography-font-weight);--awb-caption-title-font-style:var(--h2_typography-font-style);--awb-caption-title-size:var(--h2_typography-font-size);--awb-caption-title-transform:var(--h2_typography-text-transform);--awb-caption-title-line-height:var(--h2_typography-line-height);--awb-caption-title-letter-spacing:var(--h2_typography-letter-spacing);\"><div class=\"imageframe-align-center\"><span class=\" fusion-imageframe imageframe-none imageframe-1 hover-type-none\"><img decoding=\"async\" width=\"600\" height=\"600\" title=\"Mujeeb-Rahman-01\" src=\"https:\/\/qgs.global\/wp-content\/uploads\/2017\/12\/Mujeeb-Rahman-01.jpg\" alt class=\"img-responsive wp-image-11343\" srcset=\"https:\/\/qgs.global\/wp-content\/uploads\/2017\/12\/Mujeeb-Rahman-01-200x200.jpg 200w, https:\/\/qgs.global\/wp-content\/uploads\/2017\/12\/Mujeeb-Rahman-01-400x400.jpg 400w, https:\/\/qgs.global\/wp-content\/uploads\/2017\/12\/Mujeeb-Rahman-01.jpg 600w\" sizes=\"(max-width: 800px) 100vw, 400px\" \/><\/span><\/div><\/div><div class=\"fusion-clearfix\"><\/div><\/div><\/div><div class=\"fusion-layout-column fusion_builder_column fusion-builder-column-2 fusion_builder_column_1_3 1_3 fusion-one-third fusion-column-last\" style=\"--awb-bg-size:cover;width:33.333333333333%;width:calc(33.333333333333% - ( ( 4% + 4% ) * 0.33333333333333 ) );\"><div class=\"fusion-column-wrapper fusion-flex-column-wrapper-legacy\"><div class=\"fusion-clearfix\"><\/div><\/div><\/div><div class=\"fusion-layout-column fusion_builder_column fusion-builder-column-3 fusion_builder_column_1_5 1_5 fusion-one-fifth fusion-column-first\" style=\"--awb-bg-size:cover;width:20%;width:calc(20% - ( ( 4% + 4% ) * 0.2 ) );margin-right: 4%;\"><div class=\"fusion-column-wrapper fusion-flex-column-wrapper-legacy\"><div class=\"fusion-clearfix\"><\/div><\/div><\/div><div class=\"fusion-layout-column fusion_builder_column fusion-builder-column-4 fusion_builder_column_3_5 3_5 fusion-three-fifth\" style=\"--awb-bg-size:cover;width:60%;width:calc(60% - ( ( 4% + 4% ) * 0.6 ) );margin-right: 4%;\"><div class=\"fusion-column-wrapper fusion-flex-column-wrapper-legacy\"><div class=\"fusion-title title fusion-title-1 fusion-sep-none fusion-title-center fusion-title-text fusion-title-size-two\"><h2 class=\"fusion-title-heading title-heading-center\" style=\"margin:0;\">Mujeeb Rahman &#8211; Chef Comptable<\/h2><\/div><div class=\"fusion-text fusion-text-1\"><p>Mujeeb Rahman a rejoint la famille Quantum en Mars 2012. Il d\u00e9tient une ma\u00eetrise en Commerce et jouit de 11 ans d\u2019exp\u00e9rience dans les domaines de la finance et de la comptabilit\u00e9. Il a \u00e9galement acquis une bonne exp\u00e9rience des proc\u00e9dures d\u2019audit au sein d\u2019un cabinet d\u2019audit en Inde.<\/p>\n<p>Les principales responsabilit\u00e9s de Mujeeb comprennent notamment la facturation client, la mise \u00e0 jour des flux de tr\u00e9sorerie au plan r\u00e9gional, la facturation interentreprises et les rapports financiers.<\/p>\n<\/div><div class=\"fusion-clearfix\"><\/div><\/div><\/div><div class=\"fusion-layout-column fusion_builder_column fusion-builder-column-5 fusion_builder_column_1_5 1_5 fusion-one-fifth fusion-column-last\" style=\"--awb-bg-size:cover;width:20%;width:calc(20% - ( ( 4% + 4% ) * 0.2 ) );\"><div class=\"fusion-column-wrapper fusion-flex-column-wrapper-legacy\"><div class=\"fusion-clearfix\"><\/div><\/div><\/div><div class=\"fusion-layout-column fusion_builder_column fusion-builder-column-6 fusion_builder_column_1_5 1_5 fusion-one-fifth fusion-column-first\" style=\"--awb-bg-size:cover;width:20%;width:calc(20% - ( ( 4% + 4% ) * 0.2 ) );margin-right: 4%;\"><div class=\"fusion-column-wrapper fusion-flex-column-wrapper-legacy\"><div class=\"fusion-clearfix\"><\/div><\/div><\/div><div class=\"fusion-layout-column fusion_builder_column fusion-builder-column-7 fusion_builder_column_3_5 3_5 fusion-three-fifth\" style=\"--awb-bg-size:cover;width:60%;width:calc(60% - ( ( 4% + 4% ) * 0.6 ) );margin-right: 4%;\"><div class=\"fusion-column-wrapper fusion-flex-column-wrapper-legacy\"><div class=\"fusion-aligncenter\"><a class=\"fusion-button button-flat button-medium button-custom fusion-button-default button-1 fusion-button-span-no \" style=\"--button_accent_color:#ffffff;--button_accent_hover_color:#d3b86a;--button_border_hover_color:#d3b86a;--button_gradient_top_color:rgba(0,0,0,0.06);--button_gradient_bottom_color:rgba(0,0,0,0.06);--button_gradient_top_color_hover:rgba(0,0,0,0.06);--button_gradient_bottom_color_hover:rgba(0,0,0,0.06);\" target=\"_self\" href=\"\/fr\/team\"><span class=\"fusion-button-text\">&lt; Back to &lsquo;Team&rsquo;<\/span><\/a><\/div><div class=\"fusion-clearfix\"><\/div><\/div><\/div><div class=\"fusion-layout-column fusion_builder_column fusion-builder-column-8 fusion_builder_column_1_5 1_5 fusion-one-fifth fusion-column-last\" style=\"--awb-bg-size:cover;width:20%;width:calc(20% - ( ( 4% + 4% ) * 0.2 ) );\"><div class=\"fusion-column-wrapper fusion-flex-column-wrapper-legacy\"><div class=\"fusion-clearfix\"><\/div><\/div><\/div><\/div><\/div>\n","protected":false},"excerpt":{"rendered":"","protected":false},"author":1,"featured_media":0,"parent":10510,"menu_order":0,"comment_status":"closed","ping_status":"closed","template":"","meta":{"_monsterinsights_skip_tracking":false,"_monsterinsights_sitenote_active":false,"_monsterinsights_sitenote_note":"","_monsterinsights_sitenote_category":0},"yoast_head":"<!-- This site is optimized with the Yoast SEO plugin v20.10 - https:\/\/yoast.com\/wordpress\/plugins\/seo\/ -->\n<title>Mujeeb Rahman - Quantum Global Solutions<\/title>\n<meta name=\"robots\" content=\"index, follow, max-snippet:-1, max-image-preview:large, max-video-preview:-1\" \/>\n<link rel=\"canonical\" href=\"https:\/\/qgs.global\/fr\/team-2\/mujeeb-rahman\/\" \/>\n<meta property=\"og:locale\" content=\"fr_FR\" \/>\n<meta property=\"og:type\" content=\"article\" \/>\n<meta property=\"og:title\" content=\"Mujeeb Rahman - Quantum Global Solutions\" \/>\n<meta property=\"og:url\" content=\"https:\/\/qgs.global\/fr\/team-2\/mujeeb-rahman\/\" \/>\n<meta property=\"og:site_name\" content=\"Quantum Global Solutions\" \/>\n<meta property=\"article:publisher\" content=\"https:\/\/www.facebook.com\/QGS.Global\" \/>\n<meta property=\"article:modified_time\" content=\"2019-05-10T19:29:40+00:00\" \/>\n<meta name=\"twitter:card\" content=\"summary_large_image\" \/>\n<meta name=\"twitter:site\" content=\"@QGS_Global\" \/>\n<meta name=\"twitter:label1\" content=\"Dur\u00e9e de lecture estim\u00e9e\" \/>\n\t<meta name=\"twitter:data1\" content=\"5 minutes\" \/>\n<script type=\"application\/ld+json\" class=\"yoast-schema-graph\">{\"@context\":\"https:\/\/schema.org\",\"@graph\":[{\"@type\":\"WebPage\",\"@id\":\"https:\/\/qgs.global\/fr\/team-2\/mujeeb-rahman\/\",\"url\":\"https:\/\/qgs.global\/fr\/team-2\/mujeeb-rahman\/\",\"name\":\"Mujeeb Rahman - Quantum Global Solutions\",\"isPartOf\":{\"@id\":\"https:\/\/qgs.global\/es\/#website\"},\"datePublished\":\"2018-01-13T20:11:05+00:00\",\"dateModified\":\"2019-05-10T19:29:40+00:00\",\"breadcrumb\":{\"@id\":\"https:\/\/qgs.global\/fr\/team-2\/mujeeb-rahman\/#breadcrumb\"},\"inLanguage\":\"fr-FR\",\"potentialAction\":[{\"@type\":\"ReadAction\",\"target\":[\"https:\/\/qgs.global\/fr\/team-2\/mujeeb-rahman\/\"]}]},{\"@type\":\"BreadcrumbList\",\"@id\":\"https:\/\/qgs.global\/fr\/team-2\/mujeeb-rahman\/#breadcrumb\",\"itemListElement\":[{\"@type\":\"ListItem\",\"position\":1,\"name\":\"Home\",\"item\":\"https:\/\/qgs.global\/fr\/\"},{\"@type\":\"ListItem\",\"position\":2,\"name\":\"Team\",\"item\":\"https:\/\/qgs.global\/fr\/team-2\/\"},{\"@type\":\"ListItem\",\"position\":3,\"name\":\"Mujeeb Rahman\"}]},{\"@type\":\"WebSite\",\"@id\":\"https:\/\/qgs.global\/es\/#website\",\"url\":\"https:\/\/qgs.global\/es\/\",\"name\":\"Quantum Global Solutions\",\"description\":\"Qatar - Dubai - Jordan - China - Turkey - Korea - UAE - Contractual, Commercial and Forensic Planning Consultancy\",\"publisher\":{\"@id\":\"https:\/\/qgs.global\/es\/#organization\"},\"potentialAction\":[{\"@type\":\"SearchAction\",\"target\":{\"@type\":\"EntryPoint\",\"urlTemplate\":\"https:\/\/qgs.global\/es\/?s={search_term_string}\"},\"query-input\":\"required name=search_term_string\"}],\"inLanguage\":\"fr-FR\"},{\"@type\":\"Organization\",\"@id\":\"https:\/\/qgs.global\/es\/#organization\",\"name\":\"Quantum Global Solutions\",\"url\":\"https:\/\/qgs.global\/es\/\",\"logo\":{\"@type\":\"ImageObject\",\"inLanguage\":\"fr-FR\",\"@id\":\"https:\/\/qgs.global\/es\/#\/schema\/logo\/image\/\",\"url\":\"https:\/\/qgs.global\/wp-content\/uploads\/2017\/07\/Quantum-Logo-001-e1500802058718.png\",\"contentUrl\":\"https:\/\/qgs.global\/wp-content\/uploads\/2017\/07\/Quantum-Logo-001-e1500802058718.png\",\"width\":162,\"height\":70,\"caption\":\"Quantum Global Solutions\"},\"image\":{\"@id\":\"https:\/\/qgs.global\/es\/#\/schema\/logo\/image\/\"},\"sameAs\":[\"https:\/\/www.facebook.com\/QGS.Global\",\"https:\/\/twitter.com\/QGS_Global\",\"https:\/\/www.linkedin.com\/company\/qgsglobal\/\",\"https:\/\/www.youtube.com\/channel\/UC2--r0e2d3SbreqHrnY9dTQ\"]}]}<\/script>\n<!-- \/ Yoast SEO plugin. -->","yoast_head_json":{"title":"Mujeeb Rahman - Quantum Global Solutions","robots":{"index":"index","follow":"follow","max-snippet":"max-snippet:-1","max-image-preview":"max-image-preview:large","max-video-preview":"max-video-preview:-1"},"canonical":"https:\/\/qgs.global\/fr\/team-2\/mujeeb-rahman\/","og_locale":"fr_FR","og_type":"article","og_title":"Mujeeb Rahman - Quantum Global Solutions","og_url":"https:\/\/qgs.global\/fr\/team-2\/mujeeb-rahman\/","og_site_name":"Quantum Global Solutions","article_publisher":"https:\/\/www.facebook.com\/QGS.Global","article_modified_time":"2019-05-10T19:29:40+00:00","twitter_card":"summary_large_image","twitter_site":"@QGS_Global","twitter_misc":{"Dur\u00e9e de lecture estim\u00e9e":"5 minutes"},"schema":{"@context":"https:\/\/schema.org","@graph":[{"@type":"WebPage","@id":"https:\/\/qgs.global\/fr\/team-2\/mujeeb-rahman\/","url":"https:\/\/qgs.global\/fr\/team-2\/mujeeb-rahman\/","name":"Mujeeb Rahman - Quantum Global Solutions","isPartOf":{"@id":"https:\/\/qgs.global\/es\/#website"},"datePublished":"2018-01-13T20:11:05+00:00","dateModified":"2019-05-10T19:29:40+00:00","breadcrumb":{"@id":"https:\/\/qgs.global\/fr\/team-2\/mujeeb-rahman\/#breadcrumb"},"inLanguage":"fr-FR","potentialAction":[{"@type":"ReadAction","target":["https:\/\/qgs.global\/fr\/team-2\/mujeeb-rahman\/"]}]},{"@type":"BreadcrumbList","@id":"https:\/\/qgs.global\/fr\/team-2\/mujeeb-rahman\/#breadcrumb","itemListElement":[{"@type":"ListItem","position":1,"name":"Home","item":"https:\/\/qgs.global\/fr\/"},{"@type":"ListItem","position":2,"name":"Team","item":"https:\/\/qgs.global\/fr\/team-2\/"},{"@type":"ListItem","position":3,"name":"Mujeeb Rahman"}]},{"@type":"WebSite","@id":"https:\/\/qgs.global\/es\/#website","url":"https:\/\/qgs.global\/es\/","name":"Quantum Global Solutions","description":"Qatar - Dubai - Jordan - China - Turkey - Korea - UAE - Contractual, Commercial and Forensic Planning Consultancy","publisher":{"@id":"https:\/\/qgs.global\/es\/#organization"},"potentialAction":[{"@type":"SearchAction","target":{"@type":"EntryPoint","urlTemplate":"https:\/\/qgs.global\/es\/?s={search_term_string}"},"query-input":"required name=search_term_string"}],"inLanguage":"fr-FR"},{"@type":"Organization","@id":"https:\/\/qgs.global\/es\/#organization","name":"Quantum Global Solutions","url":"https:\/\/qgs.global\/es\/","logo":{"@type":"ImageObject","inLanguage":"fr-FR","@id":"https:\/\/qgs.global\/es\/#\/schema\/logo\/image\/","url":"https:\/\/qgs.global\/wp-content\/uploads\/2017\/07\/Quantum-Logo-001-e1500802058718.png","contentUrl":"https:\/\/qgs.global\/wp-content\/uploads\/2017\/07\/Quantum-Logo-001-e1500802058718.png","width":162,"height":70,"caption":"Quantum Global Solutions"},"image":{"@id":"https:\/\/qgs.global\/es\/#\/schema\/logo\/image\/"},"sameAs":["https:\/\/www.facebook.com\/QGS.Global","https:\/\/twitter.com\/QGS_Global","https:\/\/www.linkedin.com\/company\/qgsglobal\/","https:\/\/www.youtube.com\/channel\/UC2--r0e2d3SbreqHrnY9dTQ"]}]}},"_links":{"self":[{"href":"https:\/\/qgs.global\/fr\/wp-json\/wp\/v2\/pages\/10765"}],"collection":[{"href":"https:\/\/qgs.global\/fr\/wp-json\/wp\/v2\/pages"}],"about":[{"href":"https:\/\/qgs.global\/fr\/wp-json\/wp\/v2\/types\/page"}],"author":[{"embeddable":true,"href":"https:\/\/qgs.global\/fr\/wp-json\/wp\/v2\/users\/1"}],"replies":[{"embeddable":true,"href":"https:\/\/qgs.global\/fr\/wp-json\/wp\/v2\/comments?post=10765"}],"version-history":[{"count":0,"href":"https:\/\/qgs.global\/fr\/wp-json\/wp\/v2\/pages\/10765\/revisions"}],"up":[{"embeddable":true,"href":"https:\/\/qgs.global\/fr\/wp-json\/wp\/v2\/pages\/10510"}],"wp:attachment":[{"href":"https:\/\/qgs.global\/fr\/wp-json\/wp\/v2\/media?parent=10765"}],"curies":[{"name":"wp","href":"https:\/\/api.w.org\/{rel}","templated":true}]}}