{"id":10505,"date":"2017-07-21T09:54:45","date_gmt":"2017-07-21T06:54:45","guid":{"rendered":"https:\/\/qgs.global\/quantum\/"},"modified":"2019-05-11T02:53:45","modified_gmt":"2019-05-10T23:53:45","slug":"quantum","status":"publish","type":"page","link":"https:\/\/qgs.global\/fr\/quantum\/","title":{"rendered":"Quantum"},"content":{"rendered":"<p><div class=\"fusion-fullwidth fullwidth-box fusion-builder-row-1 nonhundred-percent-fullwidth non-hundred-percent-height-scrolling\" style=\"--awb-border-radius-top-left:0px;--awb-border-radius-top-right:0px;--awb-border-radius-bottom-right:0px;--awb-border-radius-bottom-left:0px;--awb-margin-top:50px;--awb-margin-bottom:30px;--awb-flex-wrap:wrap;\" ><div class=\"fusion-builder-row fusion-row\"><div class=\"fusion-layout-column fusion_builder_column fusion-builder-column-0 fusion_builder_column_1_1 1_1 fusion-one-full fusion-column-first fusion-column-last about-intro\" style=\"--awb-padding-bottom:10px;--awb-bg-size:cover;\"><div class=\"fusion-column-wrapper fusion-flex-column-wrapper-legacy\"><div class=\"fusion-title title fusion-title-1 fusion-sep-none fusion-title-center fusion-title-text fusion-title-size-one\"><h1 class=\"fusion-title-heading title-heading-center\" style=\"margin:0;\">A propos de Quantum<\/h1><\/div><div class=\"fusion-text fusion-text-1\"><h4 style=\"text-align: center;\">Quantum Global Solutions est un cabinet-conseil ind\u00e9pendant vou\u00e9 au soutien de l\u2019industrie internationale de la construction pour la gestion des projets et la pr\u00e9vention des litiges. Fond\u00e9 et dirig\u00e9 par des Britanniques, le cabinet agit en partenariat avec de nombreux entrepreneurs, avocats et ma\u00eetres d\u2019ouvrage de premier plan \u00e0 travers le monde.<\/h4>\n<p style=\"text-align: center;\">Nos \u00e9quipes exp\u00e9riment\u00e9es interviennent \u00e0 travers l\u2019Europe, le CCG (Conseil de Coop\u00e9ration du Golf) , l\u2019Afrique, l\u2019Asie, l\u2019Australasie et les \u00c9tats-Unis ; elles fournissent aux \u00e9quipes de projet une assistance en mati\u00e8re contractuelle, commerciale et planification, mettant \u00e0 leur service leur expertise dans l\u2019analyse des retards et des co\u00fbts et dans la pr\u00e9paration de soumissions pour faire valoir leurs droits afin de faciliter le r\u00e8glement des r\u00e9clamations et diff\u00e9rends li\u00e9s au secteur de la construction.<\/p>\n<p style=\"text-align: center;\">Quantum, cabinet-conseil de premier plan pour l\u2019industrie de la construction, regroupe au sein de son \u00e9quipe des sp\u00e9cialistes de l\u2019industrie, notamment des experts dans de nombreux domaines, dont des ing\u00e9nieurs agr\u00e9\u00e9s, des g\u00e9om\u00e8tres experts agr\u00e9\u00e9s, des sp\u00e9cialistes en mati\u00e8re contractuelle et commerciale, des experts de l\u2019\u00e9conomie de la construction, des sp\u00e9cialistes de l\u2019analyse forensic des retards et des sp\u00e9cialistes des m\u00e9dias. Notre solide r\u00e9putation internationale pour l\u2019excellence de notre service est au c\u0153ur de la d\u00e9marche de notre entreprise, ax\u00e9e sur le client.<\/p>\n<p style=\"text-align: center;\">Quantum est r\u00e9glement\u00e9e par la Royal Institution of Chartered Surveyors (RICS) et s\u2019engage \u00e0 \u00e9tablir et cultiver les normes d\u2019excellence les plus \u00e9lev\u00e9es.<\/p>\n<\/div><div class=\"fusion-clearfix\"><\/div><\/div><\/div><div class=\"fusion-layout-column fusion_builder_column fusion-builder-column-1 fusion_builder_column_1_5 1_5 fusion-one-fifth fusion-column-first\" style=\"--awb-bg-size:cover;width:20%;width:calc(20% - ( ( 4% + 4% + 4% + 4% ) * 0.2 ) );margin-right: 4%;\"><div class=\"fusion-column-wrapper fusion-flex-column-wrapper-legacy\"><div class=\"fusion-clearfix\"><\/div><\/div><\/div><div class=\"fusion-layout-column fusion_builder_column fusion-builder-column-2 fusion_builder_column_1_5 1_5 fusion-one-fifth\" style=\"--awb-bg-size:cover;width:20%;width:calc(20% - ( ( 4% + 4% + 4% + 4% ) * 0.2 ) );margin-right: 4%;\"><div class=\"fusion-column-wrapper fusion-flex-column-wrapper-legacy\"><div class=\"fusion-clearfix\"><\/div><\/div><\/div><div class=\"fusion-layout-column fusion_builder_column fusion-builder-column-3 fusion_builder_column_1_5 1_5 fusion-one-fifth\" style=\"--awb-bg-size:cover;--awb-margin-bottom:0px;width:20%;width:calc(20% - ( ( 4% + 4% + 4% + 4% ) * 0.2 ) );margin-right: 4%;\"><div class=\"fusion-column-wrapper fusion-flex-column-wrapper-legacy\"><div class=\"fusion-fa-align-center\"><i class=\"fb-icon-element-1 fb-icon-element fontawesome-icon fa fa-book circle-no\" style=\"--awb-iconcolor:#d3b86a;--awb-iconcolor-hover:#d3b86a;--awb-font-size:70px;\"><\/i><\/div><div class=\"fusion-title title fusion-title-2 fusion-sep-none fusion-title-center fusion-title-text fusion-title-size-three\" style=\"--awb-margin-bottom:0px;\"><h3 class=\"fusion-title-heading title-heading-center\" style=\"margin:0;\"><a href=\"https:\/\/qgs.global\/wp-content\/uploads\/2018\/10\/Quantum-Corporate-Profile.pdf\" target=\"_blank\" rel=\"noopener noreferrer\">Profile d\u2019entreprise<\/a><\/h3><\/div><div class=\"fusion-clearfix\"><\/div><\/div><\/div><div class=\"fusion-layout-column fusion_builder_column fusion-builder-column-4 fusion_builder_column_1_5 1_5 fusion-one-fifth\" style=\"--awb-bg-size:cover;width:20%;width:calc(20% - ( ( 4% + 4% + 4% + 4% ) * 0.2 ) );margin-right: 4%;\"><div class=\"fusion-column-wrapper fusion-flex-column-wrapper-legacy\"><div class=\"fusion-clearfix\"><\/div><\/div><\/div><div class=\"fusion-layout-column fusion_builder_column fusion-builder-column-5 fusion_builder_column_1_5 1_5 fusion-one-fifth fusion-column-last\" style=\"--awb-bg-size:cover;width:20%;width:calc(20% - ( ( 4% + 4% + 4% + 4% ) * 0.2 ) );\"><div class=\"fusion-column-wrapper fusion-flex-column-wrapper-legacy\"><div class=\"fusion-clearfix\"><\/div><\/div><\/div><div class=\"fusion-layout-column fusion_builder_column fusion-builder-column-6 fusion_builder_column_1_2 1_2 fusion-one-half fusion-column-first\" style=\"--awb-bg-size:cover;width:50%;width:calc(50% - ( ( 4% ) * 0.5 ) );margin-right: 4%;\"><div class=\"fusion-column-wrapper fusion-flex-column-wrapper-legacy\"><div class=\"fusion-text fusion-text-2\"><h2 style=\"text-align: center;\">Vision<\/h2>\n<p style=\"text-align: center;\">Notre vision est de devenir, d\u2019ici \u00e0 2030, le leader mondial en mati\u00e8re de conseil et d\u2019assistance dans le domaine de l\u2019analyse forensic et le r\u00e8glement des diff\u00e9rends. Notre aspiration est d\u2019aider nos partenaires \u00e0 r\u00e9aliser leurs projets sans litiges en promouvant des relations de travail harmonieuses entre les parties.<\/p>\n<\/div><div class=\"fusion-clearfix\"><\/div><\/div><\/div><div class=\"fusion-layout-column fusion_builder_column fusion-builder-column-7 fusion_builder_column_1_2 1_2 fusion-one-half fusion-column-last\" style=\"--awb-bg-size:cover;width:50%;width:calc(50% - ( ( 4% ) * 0.5 ) );\"><div class=\"fusion-column-wrapper fusion-flex-column-wrapper-legacy\"><div class=\"fusion-text fusion-text-3\"><h2 style=\"text-align: center;\">Mission<\/h2>\n<p style=\"text-align: center;\">Aider nos partenaires \u00e0 pr\u00e9venir les diff\u00e9rends et am\u00e9liorer la rentabilit\u00e9 gr\u00e2ce \u00e0 des relations de travail positives.<\/p>\n<\/div><div class=\"fusion-clearfix\"><\/div><\/div><\/div><\/div><\/div><div class=\"fusion-fullwidth fullwidth-box fusion-builder-row-2 fusion-parallax-fixed nonhundred-percent-fullwidth non-hundred-percent-height-scrolling\" style=\"--awb-border-radius-top-left:0px;--awb-border-radius-top-right:0px;--awb-border-radius-bottom-right:0px;--awb-border-radius-bottom-left:0px;--awb-padding-top:150px;--awb-padding-bottom:150px;--awb-background-image:url(&quot;https:\/\/qgs.global\/wp-content\/uploads\/2017\/11\/028-QGS-01.jpg&quot;);--awb-background-size:cover;--awb-flex-wrap:wrap;background-attachment:fixed;\" ><div class=\"fusion-builder-row fusion-row\"><\/div><\/div><div class=\"fusion-fullwidth fullwidth-box fusion-builder-row-3 nonhundred-percent-fullwidth non-hundred-percent-height-scrolling\" style=\"--awb-border-radius-top-left:0px;--awb-border-radius-top-right:0px;--awb-border-radius-bottom-right:0px;--awb-border-radius-bottom-left:0px;--awb-margin-top:50px;--awb-flex-wrap:wrap;\" ><div class=\"fusion-builder-row fusion-row\"><div class=\"fusion-layout-column fusion_builder_column fusion-builder-column-8 fusion_builder_column_1_1 1_1 fusion-one-full fusion-column-first fusion-column-last\" style=\"--awb-bg-size:cover;\"><div class=\"fusion-column-wrapper fusion-flex-column-wrapper-legacy\"><div class=\"fusion-title title fusion-title-3 fusion-sep-none fusion-title-center fusion-title-text fusion-title-size-two\"><h2 class=\"fusion-title-heading title-heading-center\" style=\"margin:0;\">Famille Quantum<\/h2><\/div><div class=\"fusion-text fusion-text-4\"><p style=\"text-align: center;\">La famille Quantum est un \u00e9l\u00e9ment essentiel de notre fonctionnement. Nos employ\u00e9s sont la cl\u00e9 tant de notre succ\u00e8s que de la qualit\u00e9 des prestations fournies \u00e0 nos clients. Nous reconnaissons les conjoints et enfants comme membres de la famille Quantum \u00e9largie et nous nous effor\u00e7ons de nous r\u00e9unir et de f\u00eater ensemble la r\u00e9ussite de notre entreprise dans la poursuite de sa croissance mondiale.<\/p>\n<\/div><div class=\"fusion-clearfix\"><\/div><\/div><\/div><div class=\"fusion-layout-column fusion_builder_column fusion-builder-column-9 fusion_builder_column_1_1 1_1 fusion-one-full fusion-column-first fusion-column-last\" style=\"--awb-padding-top:20px;--awb-bg-size:cover;\"><div class=\"fusion-column-wrapper fusion-flex-column-wrapper-legacy\"><div class=\"awb-gallery-wrapper awb-gallery-wrapper-1 button-span-no\"><div style=\"margin:-5px;--awb-bordersize:0px;\" class=\"fusion-gallery fusion-gallery-container fusion-grid-3 fusion-columns-total-4 fusion-gallery-layout-masonry fusion-gallery-1\"><div class=\"fusion-grid-column fusion-gallery-column fusion-gallery-column-3 hover-type-none fusion-grid-sizer\"><\/div><div style=\"padding:5px;\" class=\"fusion-grid-column fusion-gallery-column fusion-gallery-column-3 hover-type-none fusion-element-grid\"><div class=\"fusion-gallery-image\"><a href=\"https:\/\/qgs.global\/wp-content\/uploads\/2017\/06\/IMG_0387-Simon-Hopkins-01.jpg\" data-title=\"IMG_0387&#8212;Simon-Hopkins-01\" title=\"IMG_0387&#8212;Simon-Hopkins-01\" rel=\"noreferrer\" data-rel=\"iLightbox[gallery_image_1]\" class=\"fusion-lightbox\" target=\"_self\"><div style=\"background-image:url(https:\/\/qgs.global\/wp-content\/uploads\/2017\/06\/IMG_0387-Simon-Hopkins-01.jpg);padding-top:calc((100% + 10px) * 0.8 - 5px);background-position:;\" class=\"fusion-masonry-element-container\"><img decoding=\"async\" src=\"https:\/\/qgs.global\/wp-content\/uploads\/2017\/06\/IMG_0387-Simon-Hopkins-01.jpg\" width=\"1000\" height=\"750\" alt=\"\" title=\"IMG_0387&#8212;Simon-Hopkins-01\" aria-label=\"IMG_0387&#8212;Simon-Hopkins-01\" class=\"img-responsive wp-image-5870\" srcset=\"https:\/\/qgs.global\/wp-content\/uploads\/2017\/06\/IMG_0387-Simon-Hopkins-01-600x450.jpg 600w, https:\/\/qgs.global\/wp-content\/uploads\/2017\/06\/IMG_0387-Simon-Hopkins-01.jpg 1000w\" sizes=\"(min-width: 2200px) 100vw, (min-width: 784px) 363px, (min-width: 712px) 545px, (min-width: 640px) 712px, \" \/><\/div><\/a><\/div><\/div><div style=\"padding:5px;\" class=\"fusion-grid-column fusion-gallery-column fusion-gallery-column-3 hover-type-none fusion-element-landscape\"><div class=\"fusion-gallery-image\"><a href=\"https:\/\/qgs.global\/wp-content\/uploads\/2017\/05\/DuanCIOB-01.jpg\" data-title=\"DuanCIOB-01\" title=\"DuanCIOB-01\" rel=\"noreferrer\" data-rel=\"iLightbox[gallery_image_1]\" class=\"fusion-lightbox\" target=\"_self\"><div style=\"background-image:url(https:\/\/qgs.global\/wp-content\/uploads\/2017\/05\/DuanCIOB-01.jpg);padding-top:calc((100% + 10px) * 0.4 - 5px);background-position:;\" class=\"fusion-masonry-element-container\"><img decoding=\"async\" src=\"https:\/\/qgs.global\/wp-content\/uploads\/2017\/05\/DuanCIOB-01.jpg\" width=\"1000\" height=\"568\" alt=\"\" title=\"DuanCIOB-01\" aria-label=\"DuanCIOB-01\" class=\"img-responsive wp-image-5834\" srcset=\"https:\/\/qgs.global\/wp-content\/uploads\/2017\/05\/DuanCIOB-01-600x341.jpg 600w, https:\/\/qgs.global\/wp-content\/uploads\/2017\/05\/DuanCIOB-01.jpg 1000w\" sizes=\"(min-width: 2200px) 100vw, (min-width: 640px) 1100px, \" \/><\/div><\/a><\/div><\/div><div style=\"padding:5px;\" class=\"fusion-grid-column fusion-gallery-column fusion-gallery-column-3 hover-type-none fusion-element-grid\"><div class=\"fusion-gallery-image\"><a rel=\"noreferrer\" data-rel=\"iLightbox[gallery_image_1]\" class=\"fusion-lightbox\" target=\"_self\"><div style=\"background-image:url();padding-top:calc((100% + 10px) * 0.8 - 5px);background-position:;\" class=\"fusion-masonry-element-container\"><img decoding=\"async\" src=\"\" width=\"\" height=\"\" alt=\"\" title=\"\" aria-label=\"\" class=\"img-responsive wp-image-5854\"  \/><\/div><\/a><\/div><\/div><div style=\"padding:5px;\" class=\"fusion-grid-column fusion-gallery-column fusion-gallery-column-3 hover-type-none fusion-element-grid\"><div class=\"fusion-gallery-image\"><a href=\"https:\/\/qgs.global\/wp-content\/uploads\/2017\/02\/31-01.jpg\" data-title=\"31-01\" title=\"31-01\" rel=\"noreferrer\" data-rel=\"iLightbox[gallery_image_1]\" class=\"fusion-lightbox\" target=\"_self\"><div style=\"background-image:url(https:\/\/qgs.global\/wp-content\/uploads\/2017\/02\/31-01.jpg);padding-top:calc((100% + 10px) * 0.8 - 5px);background-position:;\" class=\"fusion-masonry-element-container\"><img decoding=\"async\" src=\"https:\/\/qgs.global\/wp-content\/uploads\/2017\/02\/31-01.jpg\" width=\"1000\" height=\"667\" alt=\"\" title=\"31-01\" aria-label=\"31-01\" class=\"img-responsive wp-image-5529\" srcset=\"https:\/\/qgs.global\/wp-content\/uploads\/2017\/02\/31-01-600x400.jpg 600w, https:\/\/qgs.global\/wp-content\/uploads\/2017\/02\/31-01.jpg 1000w\" sizes=\"(min-width: 2200px) 100vw, (min-width: 784px) 363px, (min-width: 712px) 545px, (min-width: 640px) 712px, \" \/><\/div><\/a><\/div><\/div><\/div><\/div><div class=\"fusion-clearfix\"><\/div><\/div><\/div><\/div><\/div><div class=\"fusion-fullwidth fullwidth-box fusion-builder-row-4 nonhundred-percent-fullwidth non-hundred-percent-height-scrolling\" style=\"--awb-border-radius-top-left:0px;--awb-border-radius-top-right:0px;--awb-border-radius-bottom-right:0px;--awb-border-radius-bottom-left:0px;--awb-flex-wrap:wrap;\" ><div class=\"fusion-builder-row fusion-row\"><div class=\"fusion-layout-column fusion_builder_column fusion-builder-column-10 fusion_builder_column_1_1 1_1 fusion-one-full fusion-column-first fusion-column-last\" style=\"--awb-bg-size:cover;\"><div class=\"fusion-column-wrapper fusion-flex-column-wrapper-legacy\"><div class=\"fusion-text fusion-text-5\"><h2 style=\"text-align: center;\">Philosophie Quantum<\/h2>\n<p>La philosophie Quantum repose sur six piliers fondamentaux:<\/p>\n<ul>\n<li>L\u2019excellence \u2013 un \u00e9tat d\u2019esprit et non une comp\u00e9tence.<\/li>\n<li>L\u2019orientation client \u2013 la d\u00e9termination de d\u00e9passer les attentes de nos clients<\/li>\n<li>L\u2019int\u00e9grit\u00e9 \u2013 la pierre angulaire de notre activit\u00e9.<\/li>\n<li>L\u2019innovation \u2013 notre approche innovante et ax\u00e9e sur les solutions fait partie int\u00e9grante de notre philosophie commerciale.<\/li>\n<li>La cr\u00e9ativit\u00e9 ax\u00e9e sur les solutions \u2013 adopter une approche cr\u00e9ative pour identifier de fa\u00e7on proactive des solutions amiables.<\/li>\n<li>Famille Quantum \u2013 une \u00e9quipe ax\u00e9e sur les r\u00e9sultats, regroupant des professionnels anim\u00e9s d\u2019un m\u00eame esprit, d\u00e9vou\u00e9s \u00e0 leurs clients et d\u00e9sireux de d\u00e9velopper leur carri\u00e8re.<\/li>\n<\/ul>\n<\/div><div class=\"fusion-clearfix\"><\/div><\/div><\/div><\/div><\/div><div class=\"fusion-fullwidth fullwidth-box fusion-builder-row-5 nonhundred-percent-fullwidth non-hundred-percent-height-scrolling fusion-equal-height-columns\" style=\"--awb-border-radius-top-left:0px;--awb-border-radius-top-right:0px;--awb-border-radius-bottom-right:0px;--awb-border-radius-bottom-left:0px;--awb-flex-wrap:wrap;\" ><div class=\"fusion-builder-row fusion-row\"><div class=\"fusion-layout-column fusion_builder_column fusion-builder-column-11 fusion_builder_column_1_1 1_1 fusion-one-full fusion-column-first fusion-column-last fusion-column-no-min-height\" style=\"--awb-bg-size:cover;\"><div class=\"fusion-column-wrapper fusion-flex-column-wrapper-legacy\"><div class=\"fusion-title title fusion-title-4 fusion-sep-none fusion-title-center fusion-title-text fusion-title-size-one\"><h1 class=\"fusion-title-heading title-heading-center\" style=\"margin:0;\">Standards Professionnels<\/h1><\/div><div class=\"fusion-text fusion-text-6\"><p>L\u2019\u00e9quipe de professionnels Quantum fournit des prestations du niveau le plus \u00e9lev\u00e9, guid\u00e9e par les principes et pratiques des principales associations professionnelles, notamment:<\/p>\n<ul>\n<li><a href=\"http:\/\/www.rics.org\/\" target=\"_blank\" rel=\"noopener noreferrer\">RICS \u2013 Royal Institution of Chartered Surveyors<\/a><\/li>\n<li><a href=\"http:\/\/www.ciarb.org\/\" target=\"_blank\" rel=\"noopener noreferrer\">CIArb \u2013 Chartered Institute of Arbitrators<\/a><\/li>\n<li><a href=\"https:\/\/www.ice.org.uk\/\" target=\"_blank\" rel=\"noopener noreferrer\">ICE \u2013 Institution of Civil Engineers<\/a><\/li>\n<li><a href=\"http:\/\/www.ciob.org\/\" target=\"_blank\" rel=\"noopener noreferrer\">CIOB \u2013 Chartered Institute of Builders<\/a><\/li>\n<li><a href=\"https:\/\/www.scl.org.uk\/\" target=\"_blank\" rel=\"noopener noreferrer\">SCL \u2013 Society of Construction Law<\/a><\/li>\n<li><a href=\"https:\/\/web.aacei.org\/\" target=\"_blank\" rel=\"noopener noreferrer\">AACE \u2013 American Association of Cost Engineers<\/a><\/li>\n<\/ul>\n<\/div><div class=\"fusion-clearfix\"><\/div><\/div><\/div><\/div><\/div><div class=\"fusion-fullwidth fullwidth-box fusion-builder-row-6 nonhundred-percent-fullwidth non-hundred-percent-height-scrolling\" style=\"--awb-border-radius-top-left:0px;--awb-border-radius-top-right:0px;--awb-border-radius-bottom-right:0px;--awb-border-radius-bottom-left:0px;--awb-padding-top:20px;--awb-padding-bottom:60px;--awb-flex-wrap:wrap;\" ><div class=\"fusion-builder-row fusion-row\"><div class=\"fusion-layout-column fusion_builder_column fusion-builder-column-12 fusion_builder_column_1_1 1_1 fusion-one-full fusion-column-first fusion-column-last\" style=\"--awb-bg-size:cover;--awb-margin-bottom:0px;\"><div class=\"fusion-column-wrapper fusion-flex-column-wrapper-legacy\"><div class=\"fusion-text fusion-text-7\"><h2 style=\"text-align: center;\">Clart\u00e9 | Sp\u00e9cificit\u00e9 | Solutions<\/h2>\n<\/div><div class=\"fusion-clearfix\"><\/div><\/div><\/div><\/div><\/div><\/p>\n","protected":false},"excerpt":{"rendered":"","protected":false},"author":1,"featured_media":0,"parent":0,"menu_order":0,"comment_status":"closed","ping_status":"closed","template":"100-width.php","meta":{"_monsterinsights_skip_tracking":false,"_monsterinsights_sitenote_active":false,"_monsterinsights_sitenote_note":"","_monsterinsights_sitenote_category":0},"yoast_head":"<!-- This site is optimized with the Yoast SEO plugin v20.10 - https:\/\/yoast.com\/wordpress\/plugins\/seo\/ -->\n<title>Quantum - Quantum Global Solutions<\/title>\n<meta name=\"robots\" content=\"index, follow, max-snippet:-1, max-image-preview:large, max-video-preview:-1\" \/>\n<link rel=\"canonical\" href=\"https:\/\/qgs.global\/fr\/quantum\/\" \/>\n<meta property=\"og:locale\" content=\"fr_FR\" \/>\n<meta property=\"og:type\" content=\"article\" \/>\n<meta property=\"og:title\" content=\"Quantum - Quantum Global Solutions\" \/>\n<meta property=\"og:url\" content=\"https:\/\/qgs.global\/fr\/quantum\/\" \/>\n<meta property=\"og:site_name\" content=\"Quantum Global Solutions\" \/>\n<meta property=\"article:publisher\" content=\"https:\/\/www.facebook.com\/QGS.Global\" \/>\n<meta property=\"article:modified_time\" content=\"2019-05-10T23:53:45+00:00\" \/>\n<meta name=\"twitter:card\" content=\"summary_large_image\" \/>\n<meta name=\"twitter:site\" content=\"@QGS_Global\" \/>\n<meta name=\"twitter:label1\" content=\"Dur\u00e9e de lecture estim\u00e9e\" \/>\n\t<meta name=\"twitter:data1\" content=\"13 minutes\" \/>\n<script type=\"application\/ld+json\" class=\"yoast-schema-graph\">{\"@context\":\"https:\/\/schema.org\",\"@graph\":[{\"@type\":\"WebPage\",\"@id\":\"https:\/\/qgs.global\/fr\/quantum\/\",\"url\":\"https:\/\/qgs.global\/fr\/quantum\/\",\"name\":\"Quantum - Quantum Global Solutions\",\"isPartOf\":{\"@id\":\"https:\/\/qgs.global\/es\/#website\"},\"datePublished\":\"2017-07-21T06:54:45+00:00\",\"dateModified\":\"2019-05-10T23:53:45+00:00\",\"breadcrumb\":{\"@id\":\"https:\/\/qgs.global\/fr\/quantum\/#breadcrumb\"},\"inLanguage\":\"fr-FR\",\"potentialAction\":[{\"@type\":\"ReadAction\",\"target\":[\"https:\/\/qgs.global\/fr\/quantum\/\"]}]},{\"@type\":\"BreadcrumbList\",\"@id\":\"https:\/\/qgs.global\/fr\/quantum\/#breadcrumb\",\"itemListElement\":[{\"@type\":\"ListItem\",\"position\":1,\"name\":\"Home\",\"item\":\"https:\/\/qgs.global\/fr\/\"},{\"@type\":\"ListItem\",\"position\":2,\"name\":\"Quantum\"}]},{\"@type\":\"WebSite\",\"@id\":\"https:\/\/qgs.global\/es\/#website\",\"url\":\"https:\/\/qgs.global\/es\/\",\"name\":\"Quantum Global Solutions\",\"description\":\"Qatar - Dubai - Jordan - China - Turkey - Korea - UAE - Contractual, Commercial and Forensic Planning Consultancy\",\"publisher\":{\"@id\":\"https:\/\/qgs.global\/es\/#organization\"},\"potentialAction\":[{\"@type\":\"SearchAction\",\"target\":{\"@type\":\"EntryPoint\",\"urlTemplate\":\"https:\/\/qgs.global\/es\/?s={search_term_string}\"},\"query-input\":\"required name=search_term_string\"}],\"inLanguage\":\"fr-FR\"},{\"@type\":\"Organization\",\"@id\":\"https:\/\/qgs.global\/es\/#organization\",\"name\":\"Quantum Global Solutions\",\"url\":\"https:\/\/qgs.global\/es\/\",\"logo\":{\"@type\":\"ImageObject\",\"inLanguage\":\"fr-FR\",\"@id\":\"https:\/\/qgs.global\/es\/#\/schema\/logo\/image\/\",\"url\":\"https:\/\/qgs.global\/wp-content\/uploads\/2017\/07\/Quantum-Logo-001-e1500802058718.png\",\"contentUrl\":\"https:\/\/qgs.global\/wp-content\/uploads\/2017\/07\/Quantum-Logo-001-e1500802058718.png\",\"width\":162,\"height\":70,\"caption\":\"Quantum Global Solutions\"},\"image\":{\"@id\":\"https:\/\/qgs.global\/es\/#\/schema\/logo\/image\/\"},\"sameAs\":[\"https:\/\/www.facebook.com\/QGS.Global\",\"https:\/\/twitter.com\/QGS_Global\",\"https:\/\/www.linkedin.com\/company\/qgsglobal\/\",\"https:\/\/www.youtube.com\/channel\/UC2--r0e2d3SbreqHrnY9dTQ\"]}]}<\/script>\n<!-- \/ Yoast SEO plugin. -->","yoast_head_json":{"title":"Quantum - Quantum Global Solutions","robots":{"index":"index","follow":"follow","max-snippet":"max-snippet:-1","max-image-preview":"max-image-preview:large","max-video-preview":"max-video-preview:-1"},"canonical":"https:\/\/qgs.global\/fr\/quantum\/","og_locale":"fr_FR","og_type":"article","og_title":"Quantum - Quantum Global Solutions","og_url":"https:\/\/qgs.global\/fr\/quantum\/","og_site_name":"Quantum Global Solutions","article_publisher":"https:\/\/www.facebook.com\/QGS.Global","article_modified_time":"2019-05-10T23:53:45+00:00","twitter_card":"summary_large_image","twitter_site":"@QGS_Global","twitter_misc":{"Dur\u00e9e de lecture estim\u00e9e":"13 minutes"},"schema":{"@context":"https:\/\/schema.org","@graph":[{"@type":"WebPage","@id":"https:\/\/qgs.global\/fr\/quantum\/","url":"https:\/\/qgs.global\/fr\/quantum\/","name":"Quantum - Quantum Global Solutions","isPartOf":{"@id":"https:\/\/qgs.global\/es\/#website"},"datePublished":"2017-07-21T06:54:45+00:00","dateModified":"2019-05-10T23:53:45+00:00","breadcrumb":{"@id":"https:\/\/qgs.global\/fr\/quantum\/#breadcrumb"},"inLanguage":"fr-FR","potentialAction":[{"@type":"ReadAction","target":["https:\/\/qgs.global\/fr\/quantum\/"]}]},{"@type":"BreadcrumbList","@id":"https:\/\/qgs.global\/fr\/quantum\/#breadcrumb","itemListElement":[{"@type":"ListItem","position":1,"name":"Home","item":"https:\/\/qgs.global\/fr\/"},{"@type":"ListItem","position":2,"name":"Quantum"}]},{"@type":"WebSite","@id":"https:\/\/qgs.global\/es\/#website","url":"https:\/\/qgs.global\/es\/","name":"Quantum Global Solutions","description":"Qatar - Dubai - Jordan - China - Turkey - Korea - UAE - Contractual, Commercial and Forensic Planning Consultancy","publisher":{"@id":"https:\/\/qgs.global\/es\/#organization"},"potentialAction":[{"@type":"SearchAction","target":{"@type":"EntryPoint","urlTemplate":"https:\/\/qgs.global\/es\/?s={search_term_string}"},"query-input":"required name=search_term_string"}],"inLanguage":"fr-FR"},{"@type":"Organization","@id":"https:\/\/qgs.global\/es\/#organization","name":"Quantum Global Solutions","url":"https:\/\/qgs.global\/es\/","logo":{"@type":"ImageObject","inLanguage":"fr-FR","@id":"https:\/\/qgs.global\/es\/#\/schema\/logo\/image\/","url":"https:\/\/qgs.global\/wp-content\/uploads\/2017\/07\/Quantum-Logo-001-e1500802058718.png","contentUrl":"https:\/\/qgs.global\/wp-content\/uploads\/2017\/07\/Quantum-Logo-001-e1500802058718.png","width":162,"height":70,"caption":"Quantum Global Solutions"},"image":{"@id":"https:\/\/qgs.global\/es\/#\/schema\/logo\/image\/"},"sameAs":["https:\/\/www.facebook.com\/QGS.Global","https:\/\/twitter.com\/QGS_Global","https:\/\/www.linkedin.com\/company\/qgsglobal\/","https:\/\/www.youtube.com\/channel\/UC2--r0e2d3SbreqHrnY9dTQ"]}]}},"_links":{"self":[{"href":"https:\/\/qgs.global\/fr\/wp-json\/wp\/v2\/pages\/10505"}],"collection":[{"href":"https:\/\/qgs.global\/fr\/wp-json\/wp\/v2\/pages"}],"about":[{"href":"https:\/\/qgs.global\/fr\/wp-json\/wp\/v2\/types\/page"}],"author":[{"embeddable":true,"href":"https:\/\/qgs.global\/fr\/wp-json\/wp\/v2\/users\/1"}],"replies":[{"embeddable":true,"href":"https:\/\/qgs.global\/fr\/wp-json\/wp\/v2\/comments?post=10505"}],"version-history":[{"count":0,"href":"https:\/\/qgs.global\/fr\/wp-json\/wp\/v2\/pages\/10505\/revisions"}],"wp:attachment":[{"href":"https:\/\/qgs.global\/fr\/wp-json\/wp\/v2\/media?parent=10505"}],"curies":[{"name":"wp","href":"https:\/\/api.w.org\/{rel}","templated":true}]}}