{"id":12174,"date":"2017-07-21T12:04:31","date_gmt":"2017-07-21T09:04:31","guid":{"rendered":"https:\/\/qgs.global\/services\/quantum-digital\/"},"modified":"2019-09-08T03:02:53","modified_gmt":"2019-09-08T00:02:53","slug":"quantum-digital","status":"publish","type":"page","link":"https:\/\/qgs.global\/es\/services\/quantum-digital\/","title":{"rendered":"Quantum Digital"},"content":{"rendered":"<p><div class=\"fusion-fullwidth fullwidth-box fusion-builder-row-1 services-container nonhundred-percent-fullwidth non-hundred-percent-height-scrolling\" style=\"--awb-border-radius-top-left:0px;--awb-border-radius-top-right:0px;--awb-border-radius-bottom-right:0px;--awb-border-radius-bottom-left:0px;--awb-padding-top:60px;--awb-padding-bottom:10px;--awb-flex-wrap:wrap;\" ><div class=\"fusion-builder-row fusion-row\"><div class=\"fusion-layout-column fusion_builder_column fusion-builder-column-0 fusion_builder_column_1_1 1_1 fusion-one-full fusion-column-first fusion-column-last\" style=\"--awb-bg-size:cover;\"><div class=\"fusion-column-wrapper fusion-flex-column-wrapper-legacy\"><div class=\"fusion-title title fusion-title-1 fusion-sep-none fusion-title-center fusion-title-text fusion-title-size-one\"><h1 class=\"fusion-title-heading title-heading-center\" style=\"margin:0;\">Quantum Digital<\/h1><\/div><div class=\"fusion-text fusion-text-1\"><h3>Al tiempo que las cuestiones relacionadas con los derechos contractuales est\u00e1n a la orden del d\u00eda en la industria de la construcci\u00f3n y son fuente habitual de conflicto, Quantum se ha labrado una s\u00f3lida reputaci\u00f3n al proporcionar con \u00e9xito una resoluci\u00f3n temprana de las disputas y las reclamaciones gracias a la intervenci\u00f3n clara y concisa de su equipo digital altamente cualificado.<\/h3>\n<p>El equipo de Quantum Digital es consciente de que el 90\u202f% de la informaci\u00f3n que se transmite al cerebro es visual y, adem\u00e1s, que nuestro cerebro procesa las im\u00e1genes visuales 60\u202f000 veces m\u00e1s r\u00e1pido que el texto. Este razonamiento es el que aplicamos durante el desarrollo de todos nuestros proyectos. Quantum emplea un m\u00e9todo exclusivo para propiciar las negociaciones y evitar disputas prolongadas: presentaciones animadas en v\u00eddeo en las que se utilizan t\u00e9cnicas multimedia muy creativas y din\u00e1micas. Y, para sacar el m\u00e1ximo partido a este recurso, Quantum ha creado su propio equipo multimedia interno que se dedica espec\u00edficamente a la creaci\u00f3n de v\u00eddeos y presentaciones interactivas que empleamos para demostrar los derechos relacionados con las reclamaciones en materia de construcci\u00f3n. Este uso del soporte audiovisual resulta especialmente \u00fatil para crear presentaciones dirigidas a los principales responsables de la toma de decisiones, quienes no disponen necesariamente de tiempo para leer la ingente cantidad de texto explicativo que acompa\u00f1a a los escritos de demanda.<\/p>\n<\/div><div class=\"fusion-clearfix\"><\/div><\/div><\/div><\/div><\/div><div class=\"fusion-fullwidth fullwidth-box fusion-builder-row-2 nonhundred-percent-fullwidth non-hundred-percent-height-scrolling\" style=\"--awb-border-radius-top-left:0px;--awb-border-radius-top-right:0px;--awb-border-radius-bottom-right:0px;--awb-border-radius-bottom-left:0px;--awb-flex-wrap:wrap;\" ><div class=\"fusion-builder-row fusion-row\"><div class=\"fusion-layout-column fusion_builder_column fusion-builder-column-1 fusion_builder_column_1_1 1_1 fusion-one-full fusion-column-first fusion-column-last\" style=\"--awb-bg-size:cover;\"><div class=\"fusion-column-wrapper fusion-flex-column-wrapper-legacy\"><div class=\"fusion-title title fusion-title-2 fusion-sep-none fusion-title-center fusion-title-text fusion-title-size-two\"><h2 class=\"fusion-title-heading title-heading-center\" style=\"margin:0;\">Presentaciones en v\u00eddeo sobre construcci\u00f3n<\/h2><\/div><div class=\"fusion-clearfix\"><\/div><\/div><\/div><div class=\"fusion-layout-column fusion_builder_column fusion-builder-column-2 fusion_builder_column_1_1 1_1 fusion-one-full fusion-column-first fusion-column-last\" style=\"--awb-bg-size:cover;\"><div class=\"fusion-column-wrapper fusion-flex-column-wrapper-legacy\"><div class=\"fusion-tabs fusion-tabs-1 clean quantum-digital-videos vertical-tabs icon-position-left mobile-mode-accordion\" style=\"--awb-title-border-radius-top-left:0px;--awb-title-border-radius-top-right:0px;--awb-title-border-radius-bottom-right:0px;--awb-title-border-radius-bottom-left:0px;--awb-inactive-color:#313132;--awb-background-color:#3e3e3e;--awb-border-color:#ebeaea;--awb-active-border-color:#d3b86a;\"><div class=\"nav\"><ul class=\"nav-tabs\" role=\"tablist\"><li class=\"active\" role=\"presentation\"><a class=\"tab-link\" data-toggle=\"tab\" role=\"tab\" aria-controls=\"tab-9574239e68639929ab4\" aria-selected=\"true\" id=\"fusion-tab-ourshowreel\" href=\"#tab-9574239e68639929ab4\"><h4 class=\"fusion-tab-heading\">Our Showreel<\/h4><\/a><\/li><li role=\"presentation\"><a class=\"tab-link\" data-toggle=\"tab\" role=\"tab\" aria-controls=\"tab-5d20e8697c72cc01022\" aria-selected=\"false\" tabindex=\"-1\" id=\"fusion-tab-mechanicalandelectrical\" href=\"#tab-5d20e8697c72cc01022\"><h4 class=\"fusion-tab-heading\">Mechanical and Electrical<\/h4><\/a><\/li><li role=\"presentation\"><a class=\"tab-link\" data-toggle=\"tab\" role=\"tab\" aria-controls=\"tab-57d2721df1011c26b0a\" aria-selected=\"false\" tabindex=\"-1\" id=\"fusion-tab-buildingandcommercial\" href=\"#tab-57d2721df1011c26b0a\"><h4 class=\"fusion-tab-heading\">Building and Commercial<\/h4><\/a><\/li><li role=\"presentation\"><a class=\"tab-link\" data-toggle=\"tab\" role=\"tab\" aria-controls=\"tab-6092e7b36c01590ff02\" aria-selected=\"false\" tabindex=\"-1\" id=\"fusion-tab-aviation\" href=\"#tab-6092e7b36c01590ff02\"><h4 class=\"fusion-tab-heading\">Aviation<\/h4><\/a><\/li><li role=\"presentation\"><a class=\"tab-link\" data-toggle=\"tab\" role=\"tab\" aria-controls=\"tab-de0d8877990c29f7bc2\" aria-selected=\"false\" tabindex=\"-1\" id=\"fusion-tab-rail\" href=\"#tab-de0d8877990c29f7bc2\"><h4 class=\"fusion-tab-heading\">Rail<\/h4><\/a><\/li><li role=\"presentation\"><a class=\"tab-link\" data-toggle=\"tab\" role=\"tab\" aria-controls=\"tab-affc3786ca9c97635d6\" aria-selected=\"false\" tabindex=\"-1\" id=\"fusion-tab-oilandgas\" href=\"#tab-affc3786ca9c97635d6\"><h4 class=\"fusion-tab-heading\">Oil and Gas<\/h4><\/a><\/li><li role=\"presentation\"><a class=\"tab-link\" data-toggle=\"tab\" role=\"tab\" aria-controls=\"tab-af38f6bebd0fd4cd870\" aria-selected=\"false\" tabindex=\"-1\" id=\"fusion-tab-marine\" href=\"#tab-af38f6bebd0fd4cd870\"><h4 class=\"fusion-tab-heading\">Marine<\/h4><\/a><\/li><li role=\"presentation\"><a class=\"tab-link\" data-toggle=\"tab\" role=\"tab\" aria-controls=\"tab-c3fbbe062be685ede16\" aria-selected=\"false\" tabindex=\"-1\" id=\"fusion-tab-itandtelecommunications\" href=\"#tab-c3fbbe062be685ede16\"><h4 class=\"fusion-tab-heading\">IT and Telecommunications<\/h4><\/a><\/li><li role=\"presentation\"><a class=\"tab-link\" data-toggle=\"tab\" role=\"tab\" aria-controls=\"tab-b2fe2c15ece2e49c0a4\" aria-selected=\"false\" tabindex=\"-1\" id=\"fusion-tab-infrastructure\" href=\"#tab-b2fe2c15ece2e49c0a4\"><h4 class=\"fusion-tab-heading\">Infrastructure<\/h4><\/a><\/li><\/ul><\/div><div class=\"tab-content\"><div class=\"nav fusion-mobile-tab-nav\"><ul class=\"nav-tabs\" role=\"tablist\"><li class=\"active\" role=\"presentation\"><a class=\"tab-link\" data-toggle=\"tab\" role=\"tab\" aria-controls=\"tab-9574239e68639929ab4\" aria-selected=\"true\" id=\"mobile-fusion-tab-ourshowreel\" href=\"#tab-9574239e68639929ab4\"><h4 class=\"fusion-tab-heading\">Our Showreel<\/h4><\/a><\/li><\/ul><\/div><div class=\"tab-pane fade fusion-clearfix in active\" role=\"tabpanel\" tabindex=\"0\" aria-labelledby=\"fusion-tab-ourshowreel\" id=\"tab-9574239e68639929ab4\">\n<div class=\"video-shortcode\"><iframe width=\"1100\" height=\"619\" src=\"https:\/\/www.youtube.com\/embed\/ObxpJr5ccGE?feature=oembed\" frameborder=\"0\" gesture=\"media\" allow=\"encrypted-media\" allowfullscreen><\/iframe><\/div>\n<\/div><div class=\"nav fusion-mobile-tab-nav\"><ul class=\"nav-tabs\" role=\"tablist\"><li role=\"presentation\"><a class=\"tab-link\" data-toggle=\"tab\" role=\"tab\" aria-controls=\"tab-5d20e8697c72cc01022\" aria-selected=\"false\" tabindex=\"-1\" id=\"mobile-fusion-tab-mechanicalandelectrical\" href=\"#tab-5d20e8697c72cc01022\"><h4 class=\"fusion-tab-heading\">Mechanical and Electrical<\/h4><\/a><\/li><\/ul><\/div><div class=\"tab-pane fade fusion-clearfix\" role=\"tabpanel\" tabindex=\"0\" aria-labelledby=\"fusion-tab-mechanicalandelectrical\" id=\"tab-5d20e8697c72cc01022\">\n<div class=\"video-shortcode\"><iframe width=\"1100\" height=\"619\" src=\"https:\/\/www.youtube.com\/embed\/o9EFFs0nlPg?feature=oembed\" frameborder=\"0\" gesture=\"media\" allow=\"encrypted-media\" allowfullscreen><\/iframe><\/div>\n<\/div><div class=\"nav fusion-mobile-tab-nav\"><ul class=\"nav-tabs\" role=\"tablist\"><li role=\"presentation\"><a class=\"tab-link\" data-toggle=\"tab\" role=\"tab\" aria-controls=\"tab-57d2721df1011c26b0a\" aria-selected=\"false\" tabindex=\"-1\" id=\"mobile-fusion-tab-buildingandcommercial\" href=\"#tab-57d2721df1011c26b0a\"><h4 class=\"fusion-tab-heading\">Building and Commercial<\/h4><\/a><\/li><\/ul><\/div><div class=\"tab-pane fade fusion-clearfix\" role=\"tabpanel\" tabindex=\"0\" aria-labelledby=\"fusion-tab-buildingandcommercial\" id=\"tab-57d2721df1011c26b0a\">\n<div class=\"video-shortcode\"><iframe width=\"1100\" height=\"619\" src=\"https:\/\/www.youtube.com\/embed\/8qK7vQz6_Ww?feature=oembed\" frameborder=\"0\" gesture=\"media\" allow=\"encrypted-media\" allowfullscreen><\/iframe><\/div>\n<\/div><div class=\"nav fusion-mobile-tab-nav\"><ul class=\"nav-tabs\" role=\"tablist\"><li role=\"presentation\"><a class=\"tab-link\" data-toggle=\"tab\" role=\"tab\" aria-controls=\"tab-6092e7b36c01590ff02\" aria-selected=\"false\" tabindex=\"-1\" id=\"mobile-fusion-tab-aviation\" href=\"#tab-6092e7b36c01590ff02\"><h4 class=\"fusion-tab-heading\">Aviation<\/h4><\/a><\/li><\/ul><\/div><div class=\"tab-pane fade fusion-clearfix\" role=\"tabpanel\" tabindex=\"0\" aria-labelledby=\"fusion-tab-aviation\" id=\"tab-6092e7b36c01590ff02\">\n<div class=\"video-shortcode\"><iframe width=\"1100\" height=\"619\" src=\"https:\/\/www.youtube.com\/embed\/hSPtGbr7CZo?feature=oembed\" frameborder=\"0\" gesture=\"media\" allow=\"encrypted-media\" allowfullscreen><\/iframe><\/div>\n<\/div><div class=\"nav fusion-mobile-tab-nav\"><ul class=\"nav-tabs\" role=\"tablist\"><li role=\"presentation\"><a class=\"tab-link\" data-toggle=\"tab\" role=\"tab\" aria-controls=\"tab-de0d8877990c29f7bc2\" aria-selected=\"false\" tabindex=\"-1\" id=\"mobile-fusion-tab-rail\" href=\"#tab-de0d8877990c29f7bc2\"><h4 class=\"fusion-tab-heading\">Rail<\/h4><\/a><\/li><\/ul><\/div><div class=\"tab-pane fade fusion-clearfix\" role=\"tabpanel\" tabindex=\"0\" aria-labelledby=\"fusion-tab-rail\" id=\"tab-de0d8877990c29f7bc2\">\n<div class=\"video-shortcode\"><iframe width=\"1100\" height=\"619\" src=\"https:\/\/www.youtube.com\/embed\/R842icnU2HQ?feature=oembed\" frameborder=\"0\" gesture=\"media\" allow=\"encrypted-media\" allowfullscreen><\/iframe><\/div>\n<\/div><div class=\"nav fusion-mobile-tab-nav\"><ul class=\"nav-tabs\" role=\"tablist\"><li role=\"presentation\"><a class=\"tab-link\" data-toggle=\"tab\" role=\"tab\" aria-controls=\"tab-affc3786ca9c97635d6\" aria-selected=\"false\" tabindex=\"-1\" id=\"mobile-fusion-tab-oilandgas\" href=\"#tab-affc3786ca9c97635d6\"><h4 class=\"fusion-tab-heading\">Oil and Gas<\/h4><\/a><\/li><\/ul><\/div><div class=\"tab-pane fade fusion-clearfix\" role=\"tabpanel\" tabindex=\"0\" aria-labelledby=\"fusion-tab-oilandgas\" id=\"tab-affc3786ca9c97635d6\">\n<div class=\"video-shortcode\"><iframe width=\"1100\" height=\"619\" src=\"https:\/\/www.youtube.com\/embed\/-9IOXbg5Ugg?feature=oembed\" frameborder=\"0\" gesture=\"media\" allow=\"encrypted-media\" allowfullscreen><\/iframe><\/div>\n<\/div><div class=\"nav fusion-mobile-tab-nav\"><ul class=\"nav-tabs\" role=\"tablist\"><li role=\"presentation\"><a class=\"tab-link\" data-toggle=\"tab\" role=\"tab\" aria-controls=\"tab-af38f6bebd0fd4cd870\" aria-selected=\"false\" tabindex=\"-1\" id=\"mobile-fusion-tab-marine\" href=\"#tab-af38f6bebd0fd4cd870\"><h4 class=\"fusion-tab-heading\">Marine<\/h4><\/a><\/li><\/ul><\/div><div class=\"tab-pane fade fusion-clearfix\" role=\"tabpanel\" tabindex=\"0\" aria-labelledby=\"fusion-tab-marine\" id=\"tab-af38f6bebd0fd4cd870\">\n<div class=\"video-shortcode\"><iframe width=\"1100\" height=\"619\" src=\"https:\/\/www.youtube.com\/embed\/OgJuPhZlqVA?feature=oembed\" frameborder=\"0\" gesture=\"media\" allow=\"encrypted-media\" allowfullscreen><\/iframe><\/div>\n<\/div><div class=\"nav fusion-mobile-tab-nav\"><ul class=\"nav-tabs\" role=\"tablist\"><li role=\"presentation\"><a class=\"tab-link\" data-toggle=\"tab\" role=\"tab\" aria-controls=\"tab-c3fbbe062be685ede16\" aria-selected=\"false\" tabindex=\"-1\" id=\"mobile-fusion-tab-itandtelecommunications\" href=\"#tab-c3fbbe062be685ede16\"><h4 class=\"fusion-tab-heading\">IT and Telecommunications<\/h4><\/a><\/li><\/ul><\/div><div class=\"tab-pane fade fusion-clearfix\" role=\"tabpanel\" tabindex=\"0\" aria-labelledby=\"fusion-tab-itandtelecommunications\" id=\"tab-c3fbbe062be685ede16\">\n<div class=\"video-shortcode\"><iframe width=\"1100\" height=\"619\" src=\"https:\/\/www.youtube.com\/embed\/WeCXe0tN06w?feature=oembed\" frameborder=\"0\" gesture=\"media\" allow=\"encrypted-media\" allowfullscreen><\/iframe><\/div>\n<\/div><div class=\"nav fusion-mobile-tab-nav\"><ul class=\"nav-tabs\" role=\"tablist\"><li role=\"presentation\"><a class=\"tab-link\" data-toggle=\"tab\" role=\"tab\" aria-controls=\"tab-b2fe2c15ece2e49c0a4\" aria-selected=\"false\" tabindex=\"-1\" id=\"mobile-fusion-tab-infrastructure\" href=\"#tab-b2fe2c15ece2e49c0a4\"><h4 class=\"fusion-tab-heading\">Infrastructure<\/h4><\/a><\/li><\/ul><\/div><div class=\"tab-pane fade fusion-clearfix\" role=\"tabpanel\" tabindex=\"0\" aria-labelledby=\"fusion-tab-infrastructure\" id=\"tab-b2fe2c15ece2e49c0a4\">\n<div class=\"video-shortcode\"><iframe width=\"1100\" height=\"619\" src=\"https:\/\/www.youtube.com\/embed\/I2gOp9rJ6XU?feature=oembed\" frameborder=\"0\" gesture=\"media\" allow=\"encrypted-media\" allowfullscreen><\/iframe><\/div>\n<\/div><\/div><\/div><div class=\"fusion-clearfix\"><\/div><\/div><\/div><\/div><\/div><\/p>\n","protected":false},"excerpt":{"rendered":"","protected":false},"author":1,"featured_media":0,"parent":12156,"menu_order":0,"comment_status":"closed","ping_status":"closed","template":"","meta":{"_monsterinsights_skip_tracking":false,"_monsterinsights_sitenote_active":false,"_monsterinsights_sitenote_note":"","_monsterinsights_sitenote_category":0},"yoast_head":"<!-- This site is optimized with the Yoast SEO plugin v20.10 - https:\/\/yoast.com\/wordpress\/plugins\/seo\/ -->\n<title>Quantum Digital - Quantum Global Solutions<\/title>\n<meta name=\"robots\" content=\"index, follow, max-snippet:-1, max-image-preview:large, max-video-preview:-1\" \/>\n<link rel=\"canonical\" href=\"https:\/\/qgs.global\/es\/services\/quantum-digital\/\" \/>\n<meta property=\"og:locale\" content=\"es_ES\" \/>\n<meta property=\"og:type\" content=\"article\" \/>\n<meta property=\"og:title\" content=\"Quantum Digital - Quantum Global Solutions\" \/>\n<meta property=\"og:url\" content=\"https:\/\/qgs.global\/es\/services\/quantum-digital\/\" \/>\n<meta property=\"og:site_name\" content=\"Quantum Global Solutions\" \/>\n<meta property=\"article:publisher\" content=\"https:\/\/www.facebook.com\/QGS.Global\" \/>\n<meta property=\"article:modified_time\" content=\"2019-09-08T00:02:53+00:00\" \/>\n<meta name=\"twitter:card\" content=\"summary_large_image\" \/>\n<meta name=\"twitter:site\" content=\"@QGS_Global\" \/>\n<meta name=\"twitter:label1\" content=\"Tiempo de lectura\" \/>\n\t<meta name=\"twitter:data1\" content=\"5 minutos\" \/>\n<script type=\"application\/ld+json\" class=\"yoast-schema-graph\">{\"@context\":\"https:\/\/schema.org\",\"@graph\":[{\"@type\":\"WebPage\",\"@id\":\"https:\/\/qgs.global\/es\/services\/quantum-digital\/\",\"url\":\"https:\/\/qgs.global\/es\/services\/quantum-digital\/\",\"name\":\"Quantum Digital - Quantum Global Solutions\",\"isPartOf\":{\"@id\":\"https:\/\/qgs.global\/es\/#website\"},\"datePublished\":\"2017-07-21T09:04:31+00:00\",\"dateModified\":\"2019-09-08T00:02:53+00:00\",\"breadcrumb\":{\"@id\":\"https:\/\/qgs.global\/es\/services\/quantum-digital\/#breadcrumb\"},\"inLanguage\":\"es\",\"potentialAction\":[{\"@type\":\"ReadAction\",\"target\":[\"https:\/\/qgs.global\/es\/services\/quantum-digital\/\"]}]},{\"@type\":\"BreadcrumbList\",\"@id\":\"https:\/\/qgs.global\/es\/services\/quantum-digital\/#breadcrumb\",\"itemListElement\":[{\"@type\":\"ListItem\",\"position\":1,\"name\":\"Home\",\"item\":\"https:\/\/qgs.global\/es\/\"},{\"@type\":\"ListItem\",\"position\":2,\"name\":\"Services\",\"item\":\"https:\/\/qgs.global\/es\/services\/\"},{\"@type\":\"ListItem\",\"position\":3,\"name\":\"Quantum Digital\"}]},{\"@type\":\"WebSite\",\"@id\":\"https:\/\/qgs.global\/es\/#website\",\"url\":\"https:\/\/qgs.global\/es\/\",\"name\":\"Quantum Global Solutions\",\"description\":\"Qatar - Dubai - Jordan - China - Turkey - Korea - UAE - Contractual, Commercial and Forensic Planning Consultancy\",\"publisher\":{\"@id\":\"https:\/\/qgs.global\/es\/#organization\"},\"potentialAction\":[{\"@type\":\"SearchAction\",\"target\":{\"@type\":\"EntryPoint\",\"urlTemplate\":\"https:\/\/qgs.global\/es\/?s={search_term_string}\"},\"query-input\":\"required name=search_term_string\"}],\"inLanguage\":\"es\"},{\"@type\":\"Organization\",\"@id\":\"https:\/\/qgs.global\/es\/#organization\",\"name\":\"Quantum Global Solutions\",\"url\":\"https:\/\/qgs.global\/es\/\",\"logo\":{\"@type\":\"ImageObject\",\"inLanguage\":\"es\",\"@id\":\"https:\/\/qgs.global\/es\/#\/schema\/logo\/image\/\",\"url\":\"https:\/\/qgs.global\/wp-content\/uploads\/2017\/07\/Quantum-Logo-001-e1500802058718.png\",\"contentUrl\":\"https:\/\/qgs.global\/wp-content\/uploads\/2017\/07\/Quantum-Logo-001-e1500802058718.png\",\"width\":162,\"height\":70,\"caption\":\"Quantum Global Solutions\"},\"image\":{\"@id\":\"https:\/\/qgs.global\/es\/#\/schema\/logo\/image\/\"},\"sameAs\":[\"https:\/\/www.facebook.com\/QGS.Global\",\"https:\/\/twitter.com\/QGS_Global\",\"https:\/\/www.linkedin.com\/company\/qgsglobal\/\",\"https:\/\/www.youtube.com\/channel\/UC2--r0e2d3SbreqHrnY9dTQ\"]}]}<\/script>\n<!-- \/ Yoast SEO plugin. -->","yoast_head_json":{"title":"Quantum Digital - Quantum Global Solutions","robots":{"index":"index","follow":"follow","max-snippet":"max-snippet:-1","max-image-preview":"max-image-preview:large","max-video-preview":"max-video-preview:-1"},"canonical":"https:\/\/qgs.global\/es\/services\/quantum-digital\/","og_locale":"es_ES","og_type":"article","og_title":"Quantum Digital - Quantum Global Solutions","og_url":"https:\/\/qgs.global\/es\/services\/quantum-digital\/","og_site_name":"Quantum Global Solutions","article_publisher":"https:\/\/www.facebook.com\/QGS.Global","article_modified_time":"2019-09-08T00:02:53+00:00","twitter_card":"summary_large_image","twitter_site":"@QGS_Global","twitter_misc":{"Tiempo de lectura":"5 minutos"},"schema":{"@context":"https:\/\/schema.org","@graph":[{"@type":"WebPage","@id":"https:\/\/qgs.global\/es\/services\/quantum-digital\/","url":"https:\/\/qgs.global\/es\/services\/quantum-digital\/","name":"Quantum Digital - Quantum Global Solutions","isPartOf":{"@id":"https:\/\/qgs.global\/es\/#website"},"datePublished":"2017-07-21T09:04:31+00:00","dateModified":"2019-09-08T00:02:53+00:00","breadcrumb":{"@id":"https:\/\/qgs.global\/es\/services\/quantum-digital\/#breadcrumb"},"inLanguage":"es","potentialAction":[{"@type":"ReadAction","target":["https:\/\/qgs.global\/es\/services\/quantum-digital\/"]}]},{"@type":"BreadcrumbList","@id":"https:\/\/qgs.global\/es\/services\/quantum-digital\/#breadcrumb","itemListElement":[{"@type":"ListItem","position":1,"name":"Home","item":"https:\/\/qgs.global\/es\/"},{"@type":"ListItem","position":2,"name":"Services","item":"https:\/\/qgs.global\/es\/services\/"},{"@type":"ListItem","position":3,"name":"Quantum Digital"}]},{"@type":"WebSite","@id":"https:\/\/qgs.global\/es\/#website","url":"https:\/\/qgs.global\/es\/","name":"Quantum Global Solutions","description":"Qatar - Dubai - Jordan - China - Turkey - Korea - UAE - Contractual, Commercial and Forensic Planning Consultancy","publisher":{"@id":"https:\/\/qgs.global\/es\/#organization"},"potentialAction":[{"@type":"SearchAction","target":{"@type":"EntryPoint","urlTemplate":"https:\/\/qgs.global\/es\/?s={search_term_string}"},"query-input":"required name=search_term_string"}],"inLanguage":"es"},{"@type":"Organization","@id":"https:\/\/qgs.global\/es\/#organization","name":"Quantum Global Solutions","url":"https:\/\/qgs.global\/es\/","logo":{"@type":"ImageObject","inLanguage":"es","@id":"https:\/\/qgs.global\/es\/#\/schema\/logo\/image\/","url":"https:\/\/qgs.global\/wp-content\/uploads\/2017\/07\/Quantum-Logo-001-e1500802058718.png","contentUrl":"https:\/\/qgs.global\/wp-content\/uploads\/2017\/07\/Quantum-Logo-001-e1500802058718.png","width":162,"height":70,"caption":"Quantum Global Solutions"},"image":{"@id":"https:\/\/qgs.global\/es\/#\/schema\/logo\/image\/"},"sameAs":["https:\/\/www.facebook.com\/QGS.Global","https:\/\/twitter.com\/QGS_Global","https:\/\/www.linkedin.com\/company\/qgsglobal\/","https:\/\/www.youtube.com\/channel\/UC2--r0e2d3SbreqHrnY9dTQ"]}]}},"_links":{"self":[{"href":"https:\/\/qgs.global\/es\/wp-json\/wp\/v2\/pages\/12174"}],"collection":[{"href":"https:\/\/qgs.global\/es\/wp-json\/wp\/v2\/pages"}],"about":[{"href":"https:\/\/qgs.global\/es\/wp-json\/wp\/v2\/types\/page"}],"author":[{"embeddable":true,"href":"https:\/\/qgs.global\/es\/wp-json\/wp\/v2\/users\/1"}],"replies":[{"embeddable":true,"href":"https:\/\/qgs.global\/es\/wp-json\/wp\/v2\/comments?post=12174"}],"version-history":[{"count":0,"href":"https:\/\/qgs.global\/es\/wp-json\/wp\/v2\/pages\/12174\/revisions"}],"up":[{"embeddable":true,"href":"https:\/\/qgs.global\/es\/wp-json\/wp\/v2\/pages\/12156"}],"wp:attachment":[{"href":"https:\/\/qgs.global\/es\/wp-json\/wp\/v2\/media?parent=12174"}],"curies":[{"name":"wp","href":"https:\/\/api.w.org\/{rel}","templated":true}]}}