{"id":12168,"date":"2018-03-18T08:11:40","date_gmt":"2018-03-18T05:11:40","guid":{"rendered":"https:\/\/qgs.global\/services\/litigation-funding\/"},"modified":"2019-09-08T02:55:58","modified_gmt":"2019-09-07T23:55:58","slug":"litigation-funding","status":"publish","type":"page","link":"https:\/\/qgs.global\/es\/services\/litigation-funding\/","title":{"rendered":"Litigation Funding"},"content":{"rendered":"<div class=\"fusion-fullwidth fullwidth-box fusion-builder-row-1 services-container nonhundred-percent-fullwidth non-hundred-percent-height-scrolling\" style=\"--awb-border-radius-top-left:0px;--awb-border-radius-top-right:0px;--awb-border-radius-bottom-right:0px;--awb-border-radius-bottom-left:0px;--awb-padding-top:60px;--awb-padding-bottom:10px;--awb-flex-wrap:wrap;\" ><div class=\"fusion-builder-row fusion-row\"><div class=\"fusion-layout-column fusion_builder_column fusion-builder-column-0 fusion_builder_column_1_1 1_1 fusion-one-full fusion-column-first fusion-column-last\" style=\"--awb-bg-size:cover;\"><div class=\"fusion-column-wrapper fusion-flex-column-wrapper-legacy\"><div class=\"fusion-title title fusion-title-1 fusion-sep-none fusion-title-center fusion-title-text fusion-title-size-one\"><h1 class=\"fusion-title-heading title-heading-center\" style=\"margin:0;\">Financiaci\u00f3n de litigios<\/h1><\/div><div class=\"fusion-text fusion-text-1\"><h3>En los \u00faltimos tiempos, la financiaci\u00f3n de litigios ha evolucionado hasta convertirse en un sistema cada vez m\u00e1s popular entre las empresas, puesto que les permite presentar demandas que, de otro modo, se guardar\u00edan en un caj\u00f3n debido al elevado coste de intentar alcanzar un acuerdo a trav\u00e9s de un proceso formal de resoluci\u00f3n de disputas (arbitraje, juicio o pacto).<\/h3>\n<p><strong>\u00bfQu\u00e9 es la financiaci\u00f3n de litigios?<\/strong><\/p>\n<p>La financiaci\u00f3n de litigios, tambi\u00e9n conocida como \u00abfinanciaci\u00f3n jur\u00eddica\u00bb o \u00abfinanciaci\u00f3n externa\u00bb, consiste en financiar a una de las partes de un litigio a cambio de un porcentaje de los beneficios conseguidos por el litigante. Esto permite a dicha parte someterse a un juicio o arbitraje sin necesidad de pagar directamente por ello, ya sea debido a dificultades comerciales o si prefiere emplear la liquidez para otras inversiones.<\/p>\n<p>La financiaci\u00f3n de litigios ofrece:<\/p>\n<ul>\n<li>Un medio muy valioso de acceso a la justicia para aquellos demandantes que quiz\u00e1s no dispongan de los fondos necesarios.<\/li>\n<li>Una herramienta de financiaci\u00f3n rentable para los demandantes.<\/li>\n<\/ul>\n<p><strong>Ventajas de la financiaci\u00f3n de litigios<\/strong><\/p>\n<p>La ventaja m\u00e1s significativa para la parte financiada probablemente sea la posibilidad de eliminar cualquier riesgo financiero derivado de la presentaci\u00f3n de una demanda, a cambio de un porcentaje en los beneficios obtenidos.<\/p>\n<p>Adem\u00e1s, algunos financiadores, sobre todo aquellos que cuentan con abogados con experiencia, est\u00e1n en disposici\u00f3n de ofrecer un asesoramiento fundamentado acerca del fondo del asunto para efectuar recomendaciones eficaces sobre qu\u00e9 abogados y consultores son los m\u00e1s aptos para afrontar el caso.<\/p>\n<\/div><div class=\"fusion-clearfix\"><\/div><\/div><\/div><\/div><\/div>\n","protected":false},"excerpt":{"rendered":"","protected":false},"author":2,"featured_media":0,"parent":12156,"menu_order":0,"comment_status":"closed","ping_status":"closed","template":"","meta":{"_monsterinsights_skip_tracking":false,"_monsterinsights_sitenote_active":false,"_monsterinsights_sitenote_note":"","_monsterinsights_sitenote_category":0},"yoast_head":"<!-- This site is optimized with the Yoast SEO plugin v20.10 - https:\/\/yoast.com\/wordpress\/plugins\/seo\/ -->\n<title>Litigation Funding - Quantum Global Solutions<\/title>\n<meta name=\"robots\" content=\"index, follow, max-snippet:-1, max-image-preview:large, max-video-preview:-1\" \/>\n<link rel=\"canonical\" href=\"https:\/\/qgs.global\/es\/services\/litigation-funding\/\" \/>\n<meta property=\"og:locale\" content=\"es_ES\" \/>\n<meta property=\"og:type\" content=\"article\" \/>\n<meta property=\"og:title\" content=\"Litigation Funding - Quantum Global Solutions\" \/>\n<meta property=\"og:url\" content=\"https:\/\/qgs.global\/es\/services\/litigation-funding\/\" \/>\n<meta property=\"og:site_name\" content=\"Quantum Global Solutions\" \/>\n<meta property=\"article:publisher\" content=\"https:\/\/www.facebook.com\/QGS.Global\" \/>\n<meta property=\"article:modified_time\" content=\"2019-09-07T23:55:58+00:00\" \/>\n<meta name=\"twitter:card\" content=\"summary_large_image\" \/>\n<meta name=\"twitter:site\" content=\"@QGS_Global\" \/>\n<meta name=\"twitter:label1\" content=\"Tiempo de lectura\" \/>\n\t<meta name=\"twitter:data1\" content=\"3 minutos\" \/>\n<script type=\"application\/ld+json\" class=\"yoast-schema-graph\">{\"@context\":\"https:\/\/schema.org\",\"@graph\":[{\"@type\":\"WebPage\",\"@id\":\"https:\/\/qgs.global\/es\/services\/litigation-funding\/\",\"url\":\"https:\/\/qgs.global\/es\/services\/litigation-funding\/\",\"name\":\"Litigation Funding - Quantum Global Solutions\",\"isPartOf\":{\"@id\":\"https:\/\/qgs.global\/es\/#website\"},\"datePublished\":\"2018-03-18T05:11:40+00:00\",\"dateModified\":\"2019-09-07T23:55:58+00:00\",\"breadcrumb\":{\"@id\":\"https:\/\/qgs.global\/es\/services\/litigation-funding\/#breadcrumb\"},\"inLanguage\":\"es\",\"potentialAction\":[{\"@type\":\"ReadAction\",\"target\":[\"https:\/\/qgs.global\/es\/services\/litigation-funding\/\"]}]},{\"@type\":\"BreadcrumbList\",\"@id\":\"https:\/\/qgs.global\/es\/services\/litigation-funding\/#breadcrumb\",\"itemListElement\":[{\"@type\":\"ListItem\",\"position\":1,\"name\":\"Home\",\"item\":\"https:\/\/qgs.global\/es\/\"},{\"@type\":\"ListItem\",\"position\":2,\"name\":\"Services\",\"item\":\"https:\/\/qgs.global\/es\/services\/\"},{\"@type\":\"ListItem\",\"position\":3,\"name\":\"Litigation Funding\"}]},{\"@type\":\"WebSite\",\"@id\":\"https:\/\/qgs.global\/es\/#website\",\"url\":\"https:\/\/qgs.global\/es\/\",\"name\":\"Quantum Global Solutions\",\"description\":\"Qatar - Dubai - Jordan - China - Turkey - Korea - UAE - Contractual, Commercial and Forensic Planning Consultancy\",\"publisher\":{\"@id\":\"https:\/\/qgs.global\/es\/#organization\"},\"potentialAction\":[{\"@type\":\"SearchAction\",\"target\":{\"@type\":\"EntryPoint\",\"urlTemplate\":\"https:\/\/qgs.global\/es\/?s={search_term_string}\"},\"query-input\":\"required name=search_term_string\"}],\"inLanguage\":\"es\"},{\"@type\":\"Organization\",\"@id\":\"https:\/\/qgs.global\/es\/#organization\",\"name\":\"Quantum Global Solutions\",\"url\":\"https:\/\/qgs.global\/es\/\",\"logo\":{\"@type\":\"ImageObject\",\"inLanguage\":\"es\",\"@id\":\"https:\/\/qgs.global\/es\/#\/schema\/logo\/image\/\",\"url\":\"https:\/\/qgs.global\/wp-content\/uploads\/2017\/07\/Quantum-Logo-001-e1500802058718.png\",\"contentUrl\":\"https:\/\/qgs.global\/wp-content\/uploads\/2017\/07\/Quantum-Logo-001-e1500802058718.png\",\"width\":162,\"height\":70,\"caption\":\"Quantum Global Solutions\"},\"image\":{\"@id\":\"https:\/\/qgs.global\/es\/#\/schema\/logo\/image\/\"},\"sameAs\":[\"https:\/\/www.facebook.com\/QGS.Global\",\"https:\/\/twitter.com\/QGS_Global\",\"https:\/\/www.linkedin.com\/company\/qgsglobal\/\",\"https:\/\/www.youtube.com\/channel\/UC2--r0e2d3SbreqHrnY9dTQ\"]}]}<\/script>\n<!-- \/ Yoast SEO plugin. -->","yoast_head_json":{"title":"Litigation Funding - Quantum Global Solutions","robots":{"index":"index","follow":"follow","max-snippet":"max-snippet:-1","max-image-preview":"max-image-preview:large","max-video-preview":"max-video-preview:-1"},"canonical":"https:\/\/qgs.global\/es\/services\/litigation-funding\/","og_locale":"es_ES","og_type":"article","og_title":"Litigation Funding - Quantum Global Solutions","og_url":"https:\/\/qgs.global\/es\/services\/litigation-funding\/","og_site_name":"Quantum Global Solutions","article_publisher":"https:\/\/www.facebook.com\/QGS.Global","article_modified_time":"2019-09-07T23:55:58+00:00","twitter_card":"summary_large_image","twitter_site":"@QGS_Global","twitter_misc":{"Tiempo de lectura":"3 minutos"},"schema":{"@context":"https:\/\/schema.org","@graph":[{"@type":"WebPage","@id":"https:\/\/qgs.global\/es\/services\/litigation-funding\/","url":"https:\/\/qgs.global\/es\/services\/litigation-funding\/","name":"Litigation Funding - Quantum Global Solutions","isPartOf":{"@id":"https:\/\/qgs.global\/es\/#website"},"datePublished":"2018-03-18T05:11:40+00:00","dateModified":"2019-09-07T23:55:58+00:00","breadcrumb":{"@id":"https:\/\/qgs.global\/es\/services\/litigation-funding\/#breadcrumb"},"inLanguage":"es","potentialAction":[{"@type":"ReadAction","target":["https:\/\/qgs.global\/es\/services\/litigation-funding\/"]}]},{"@type":"BreadcrumbList","@id":"https:\/\/qgs.global\/es\/services\/litigation-funding\/#breadcrumb","itemListElement":[{"@type":"ListItem","position":1,"name":"Home","item":"https:\/\/qgs.global\/es\/"},{"@type":"ListItem","position":2,"name":"Services","item":"https:\/\/qgs.global\/es\/services\/"},{"@type":"ListItem","position":3,"name":"Litigation Funding"}]},{"@type":"WebSite","@id":"https:\/\/qgs.global\/es\/#website","url":"https:\/\/qgs.global\/es\/","name":"Quantum Global Solutions","description":"Qatar - Dubai - Jordan - China - Turkey - Korea - UAE - Contractual, Commercial and Forensic Planning Consultancy","publisher":{"@id":"https:\/\/qgs.global\/es\/#organization"},"potentialAction":[{"@type":"SearchAction","target":{"@type":"EntryPoint","urlTemplate":"https:\/\/qgs.global\/es\/?s={search_term_string}"},"query-input":"required name=search_term_string"}],"inLanguage":"es"},{"@type":"Organization","@id":"https:\/\/qgs.global\/es\/#organization","name":"Quantum Global Solutions","url":"https:\/\/qgs.global\/es\/","logo":{"@type":"ImageObject","inLanguage":"es","@id":"https:\/\/qgs.global\/es\/#\/schema\/logo\/image\/","url":"https:\/\/qgs.global\/wp-content\/uploads\/2017\/07\/Quantum-Logo-001-e1500802058718.png","contentUrl":"https:\/\/qgs.global\/wp-content\/uploads\/2017\/07\/Quantum-Logo-001-e1500802058718.png","width":162,"height":70,"caption":"Quantum Global Solutions"},"image":{"@id":"https:\/\/qgs.global\/es\/#\/schema\/logo\/image\/"},"sameAs":["https:\/\/www.facebook.com\/QGS.Global","https:\/\/twitter.com\/QGS_Global","https:\/\/www.linkedin.com\/company\/qgsglobal\/","https:\/\/www.youtube.com\/channel\/UC2--r0e2d3SbreqHrnY9dTQ"]}]}},"_links":{"self":[{"href":"https:\/\/qgs.global\/es\/wp-json\/wp\/v2\/pages\/12168"}],"collection":[{"href":"https:\/\/qgs.global\/es\/wp-json\/wp\/v2\/pages"}],"about":[{"href":"https:\/\/qgs.global\/es\/wp-json\/wp\/v2\/types\/page"}],"author":[{"embeddable":true,"href":"https:\/\/qgs.global\/es\/wp-json\/wp\/v2\/users\/2"}],"replies":[{"embeddable":true,"href":"https:\/\/qgs.global\/es\/wp-json\/wp\/v2\/comments?post=12168"}],"version-history":[{"count":0,"href":"https:\/\/qgs.global\/es\/wp-json\/wp\/v2\/pages\/12168\/revisions"}],"up":[{"embeddable":true,"href":"https:\/\/qgs.global\/es\/wp-json\/wp\/v2\/pages\/12156"}],"wp:attachment":[{"href":"https:\/\/qgs.global\/es\/wp-json\/wp\/v2\/media?parent=12168"}],"curies":[{"name":"wp","href":"https:\/\/api.w.org\/{rel}","templated":true}]}}