{"id":12166,"date":"2017-07-21T12:02:49","date_gmt":"2017-07-21T09:02:49","guid":{"rendered":"https:\/\/qgs.global\/services\/litigation-support\/"},"modified":"2019-09-08T02:53:12","modified_gmt":"2019-09-07T23:53:12","slug":"litigation-support","status":"publish","type":"page","link":"https:\/\/qgs.global\/es\/services\/litigation-support\/","title":{"rendered":"Litigation Support"},"content":{"rendered":"<div class=\"fusion-fullwidth fullwidth-box fusion-builder-row-1 services-container nonhundred-percent-fullwidth non-hundred-percent-height-scrolling\" style=\"--awb-border-radius-top-left:0px;--awb-border-radius-top-right:0px;--awb-border-radius-bottom-right:0px;--awb-border-radius-bottom-left:0px;--awb-padding-top:60px;--awb-padding-bottom:10px;--awb-flex-wrap:wrap;\" ><div class=\"fusion-builder-row fusion-row\"><div class=\"fusion-layout-column fusion_builder_column fusion-builder-column-0 fusion_builder_column_1_1 1_1 fusion-one-full fusion-column-first fusion-column-last\" style=\"--awb-bg-size:cover;\"><div class=\"fusion-column-wrapper fusion-flex-column-wrapper-legacy\"><div class=\"fusion-title title fusion-title-1 fusion-sep-none fusion-title-center fusion-title-text fusion-title-size-one\"><h1 class=\"fusion-title-heading title-heading-center\" style=\"margin:0;\">Apoyo en litigios<\/h1><\/div><div class=\"fusion-text fusion-text-1\"><h3>No hay dos proyectos de construcci\u00f3n iguales, puesto que cada uno involucra a distintas partes que trabajan conjuntamente para crear un resultado exclusivo. A lo largo de este proceso, las variaciones son inevitables. Quantum reconoce esta realidad y aboga por la b\u00fasqueda de soluciones amistosas y la prevenci\u00f3n de litigios.<\/h3>\n<p>Cuando el tiempo es un factor determinante y los costes son elevados, pueden surgir conflictos que no solo afectar\u00e1n a las partes directamente involucradas, sino tambi\u00e9n al proyecto en su conjunto. Adem\u00e1s, la b\u00fasqueda de una soluci\u00f3n puede ser costosa tanto en tiempo como en dinero.<\/p>\n<p>Cuando una controversia se agrava hasta requerir un proceso de arbitraje, mediaci\u00f3n, adjudicaci\u00f3n o juicio, Quantum puede participar en la elaboraci\u00f3n de una reclamaci\u00f3n minuciosa y completamente fundamentada. Para lo anterior, es necesario identificar y destacar claramente las cuestiones importantes y separarlas de otras cuestiones accesorias que suelen enmara\u00f1ar la mayor\u00eda de los casos. Estos servicios respaldan y complementan a los de los equipos jur\u00eddicos.<\/p>\n<p>Bajo la direcci\u00f3n de profesionales con una gran experiencia y cualificaci\u00f3n en todos los \u00e1mbitos de la construcci\u00f3n y la resoluci\u00f3n de disputas, Quantum ofrece un amplio abanico de servicios proactivos para ayudar a nuestros clientes a resolver cualquier litigio.<\/p>\n<p>Quantum ofrece un enfoque de apoyo en litigios \u00fanico que incluye:<\/p>\n<ul>\n<li>Experiencia y conocimientos especializados en todas las disciplinas.<\/li>\n<li>Equipos integrados que nos permiten combinar conocimientos especializados para brindar una opini\u00f3n y una postura \u00fanica y exhaustiva.<\/li>\n<li>Un conjunto de programas inform\u00e1ticos especializados capaces de analizar los problemas y las posiciones del proyecto.<\/li>\n<\/ul>\n<p><strong>Prevenci\u00f3n de litigios<\/strong><\/p>\n<p>La dilatada experiencia global de Quantum permite a nuestros equipos asesorar a los clientes en torno a la interpretaci\u00f3n de los contratos y las t\u00e9cnicas de prevenci\u00f3n de litigios. Estas recomendaciones pueden incluirse en los contratos que se celebren durante la fase de contrataci\u00f3n inicial de un proyecto.<\/p>\n<\/div><div class=\"fusion-clearfix\"><\/div><\/div><\/div><\/div><\/div>\n","protected":false},"excerpt":{"rendered":"","protected":false},"author":1,"featured_media":0,"parent":12156,"menu_order":0,"comment_status":"closed","ping_status":"closed","template":"","meta":{"_monsterinsights_skip_tracking":false,"_monsterinsights_sitenote_active":false,"_monsterinsights_sitenote_note":"","_monsterinsights_sitenote_category":0},"yoast_head":"<!-- This site is optimized with the Yoast SEO plugin v20.10 - https:\/\/yoast.com\/wordpress\/plugins\/seo\/ -->\n<title>Litigation Support - Quantum Global Solutions<\/title>\n<meta name=\"robots\" content=\"index, follow, max-snippet:-1, max-image-preview:large, max-video-preview:-1\" \/>\n<link rel=\"canonical\" href=\"https:\/\/qgs.global\/es\/services\/litigation-support\/\" \/>\n<meta property=\"og:locale\" content=\"es_ES\" \/>\n<meta property=\"og:type\" content=\"article\" \/>\n<meta property=\"og:title\" content=\"Litigation Support - Quantum Global Solutions\" \/>\n<meta property=\"og:url\" content=\"https:\/\/qgs.global\/es\/services\/litigation-support\/\" \/>\n<meta property=\"og:site_name\" content=\"Quantum Global Solutions\" \/>\n<meta property=\"article:publisher\" content=\"https:\/\/www.facebook.com\/QGS.Global\" \/>\n<meta property=\"article:modified_time\" content=\"2019-09-07T23:53:12+00:00\" \/>\n<meta name=\"twitter:card\" content=\"summary_large_image\" \/>\n<meta name=\"twitter:site\" content=\"@QGS_Global\" \/>\n<meta name=\"twitter:label1\" content=\"Tiempo de lectura\" \/>\n\t<meta name=\"twitter:data1\" content=\"3 minutos\" \/>\n<script type=\"application\/ld+json\" class=\"yoast-schema-graph\">{\"@context\":\"https:\/\/schema.org\",\"@graph\":[{\"@type\":\"WebPage\",\"@id\":\"https:\/\/qgs.global\/es\/services\/litigation-support\/\",\"url\":\"https:\/\/qgs.global\/es\/services\/litigation-support\/\",\"name\":\"Litigation Support - Quantum Global Solutions\",\"isPartOf\":{\"@id\":\"https:\/\/qgs.global\/es\/#website\"},\"datePublished\":\"2017-07-21T09:02:49+00:00\",\"dateModified\":\"2019-09-07T23:53:12+00:00\",\"breadcrumb\":{\"@id\":\"https:\/\/qgs.global\/es\/services\/litigation-support\/#breadcrumb\"},\"inLanguage\":\"es\",\"potentialAction\":[{\"@type\":\"ReadAction\",\"target\":[\"https:\/\/qgs.global\/es\/services\/litigation-support\/\"]}]},{\"@type\":\"BreadcrumbList\",\"@id\":\"https:\/\/qgs.global\/es\/services\/litigation-support\/#breadcrumb\",\"itemListElement\":[{\"@type\":\"ListItem\",\"position\":1,\"name\":\"Home\",\"item\":\"https:\/\/qgs.global\/es\/\"},{\"@type\":\"ListItem\",\"position\":2,\"name\":\"Services\",\"item\":\"https:\/\/qgs.global\/es\/services\/\"},{\"@type\":\"ListItem\",\"position\":3,\"name\":\"Litigation Support\"}]},{\"@type\":\"WebSite\",\"@id\":\"https:\/\/qgs.global\/es\/#website\",\"url\":\"https:\/\/qgs.global\/es\/\",\"name\":\"Quantum Global Solutions\",\"description\":\"Qatar - Dubai - Jordan - China - Turkey - Korea - UAE - Contractual, Commercial and Forensic Planning Consultancy\",\"publisher\":{\"@id\":\"https:\/\/qgs.global\/es\/#organization\"},\"potentialAction\":[{\"@type\":\"SearchAction\",\"target\":{\"@type\":\"EntryPoint\",\"urlTemplate\":\"https:\/\/qgs.global\/es\/?s={search_term_string}\"},\"query-input\":\"required name=search_term_string\"}],\"inLanguage\":\"es\"},{\"@type\":\"Organization\",\"@id\":\"https:\/\/qgs.global\/es\/#organization\",\"name\":\"Quantum Global Solutions\",\"url\":\"https:\/\/qgs.global\/es\/\",\"logo\":{\"@type\":\"ImageObject\",\"inLanguage\":\"es\",\"@id\":\"https:\/\/qgs.global\/es\/#\/schema\/logo\/image\/\",\"url\":\"https:\/\/qgs.global\/wp-content\/uploads\/2017\/07\/Quantum-Logo-001-e1500802058718.png\",\"contentUrl\":\"https:\/\/qgs.global\/wp-content\/uploads\/2017\/07\/Quantum-Logo-001-e1500802058718.png\",\"width\":162,\"height\":70,\"caption\":\"Quantum Global Solutions\"},\"image\":{\"@id\":\"https:\/\/qgs.global\/es\/#\/schema\/logo\/image\/\"},\"sameAs\":[\"https:\/\/www.facebook.com\/QGS.Global\",\"https:\/\/twitter.com\/QGS_Global\",\"https:\/\/www.linkedin.com\/company\/qgsglobal\/\",\"https:\/\/www.youtube.com\/channel\/UC2--r0e2d3SbreqHrnY9dTQ\"]}]}<\/script>\n<!-- \/ Yoast SEO plugin. -->","yoast_head_json":{"title":"Litigation Support - Quantum Global Solutions","robots":{"index":"index","follow":"follow","max-snippet":"max-snippet:-1","max-image-preview":"max-image-preview:large","max-video-preview":"max-video-preview:-1"},"canonical":"https:\/\/qgs.global\/es\/services\/litigation-support\/","og_locale":"es_ES","og_type":"article","og_title":"Litigation Support - Quantum Global Solutions","og_url":"https:\/\/qgs.global\/es\/services\/litigation-support\/","og_site_name":"Quantum Global Solutions","article_publisher":"https:\/\/www.facebook.com\/QGS.Global","article_modified_time":"2019-09-07T23:53:12+00:00","twitter_card":"summary_large_image","twitter_site":"@QGS_Global","twitter_misc":{"Tiempo de lectura":"3 minutos"},"schema":{"@context":"https:\/\/schema.org","@graph":[{"@type":"WebPage","@id":"https:\/\/qgs.global\/es\/services\/litigation-support\/","url":"https:\/\/qgs.global\/es\/services\/litigation-support\/","name":"Litigation Support - Quantum Global Solutions","isPartOf":{"@id":"https:\/\/qgs.global\/es\/#website"},"datePublished":"2017-07-21T09:02:49+00:00","dateModified":"2019-09-07T23:53:12+00:00","breadcrumb":{"@id":"https:\/\/qgs.global\/es\/services\/litigation-support\/#breadcrumb"},"inLanguage":"es","potentialAction":[{"@type":"ReadAction","target":["https:\/\/qgs.global\/es\/services\/litigation-support\/"]}]},{"@type":"BreadcrumbList","@id":"https:\/\/qgs.global\/es\/services\/litigation-support\/#breadcrumb","itemListElement":[{"@type":"ListItem","position":1,"name":"Home","item":"https:\/\/qgs.global\/es\/"},{"@type":"ListItem","position":2,"name":"Services","item":"https:\/\/qgs.global\/es\/services\/"},{"@type":"ListItem","position":3,"name":"Litigation Support"}]},{"@type":"WebSite","@id":"https:\/\/qgs.global\/es\/#website","url":"https:\/\/qgs.global\/es\/","name":"Quantum Global Solutions","description":"Qatar - Dubai - Jordan - China - Turkey - Korea - UAE - Contractual, Commercial and Forensic Planning Consultancy","publisher":{"@id":"https:\/\/qgs.global\/es\/#organization"},"potentialAction":[{"@type":"SearchAction","target":{"@type":"EntryPoint","urlTemplate":"https:\/\/qgs.global\/es\/?s={search_term_string}"},"query-input":"required name=search_term_string"}],"inLanguage":"es"},{"@type":"Organization","@id":"https:\/\/qgs.global\/es\/#organization","name":"Quantum Global Solutions","url":"https:\/\/qgs.global\/es\/","logo":{"@type":"ImageObject","inLanguage":"es","@id":"https:\/\/qgs.global\/es\/#\/schema\/logo\/image\/","url":"https:\/\/qgs.global\/wp-content\/uploads\/2017\/07\/Quantum-Logo-001-e1500802058718.png","contentUrl":"https:\/\/qgs.global\/wp-content\/uploads\/2017\/07\/Quantum-Logo-001-e1500802058718.png","width":162,"height":70,"caption":"Quantum Global Solutions"},"image":{"@id":"https:\/\/qgs.global\/es\/#\/schema\/logo\/image\/"},"sameAs":["https:\/\/www.facebook.com\/QGS.Global","https:\/\/twitter.com\/QGS_Global","https:\/\/www.linkedin.com\/company\/qgsglobal\/","https:\/\/www.youtube.com\/channel\/UC2--r0e2d3SbreqHrnY9dTQ"]}]}},"_links":{"self":[{"href":"https:\/\/qgs.global\/es\/wp-json\/wp\/v2\/pages\/12166"}],"collection":[{"href":"https:\/\/qgs.global\/es\/wp-json\/wp\/v2\/pages"}],"about":[{"href":"https:\/\/qgs.global\/es\/wp-json\/wp\/v2\/types\/page"}],"author":[{"embeddable":true,"href":"https:\/\/qgs.global\/es\/wp-json\/wp\/v2\/users\/1"}],"replies":[{"embeddable":true,"href":"https:\/\/qgs.global\/es\/wp-json\/wp\/v2\/comments?post=12166"}],"version-history":[{"count":0,"href":"https:\/\/qgs.global\/es\/wp-json\/wp\/v2\/pages\/12166\/revisions"}],"up":[{"embeddable":true,"href":"https:\/\/qgs.global\/es\/wp-json\/wp\/v2\/pages\/12156"}],"wp:attachment":[{"href":"https:\/\/qgs.global\/es\/wp-json\/wp\/v2\/media?parent=12166"}],"curies":[{"name":"wp","href":"https:\/\/api.w.org\/{rel}","templated":true}]}}