{"id":12102,"date":"2017-07-21T09:54:45","date_gmt":"2017-07-21T06:54:45","guid":{"rendered":"https:\/\/qgs.global\/quantum\/"},"modified":"2019-09-07T13:38:44","modified_gmt":"2019-09-07T10:38:44","slug":"quantum","status":"publish","type":"page","link":"https:\/\/qgs.global\/es\/quantum\/","title":{"rendered":"Quantum"},"content":{"rendered":"<p><div class=\"fusion-fullwidth fullwidth-box fusion-builder-row-1 nonhundred-percent-fullwidth non-hundred-percent-height-scrolling\" style=\"--awb-border-radius-top-left:0px;--awb-border-radius-top-right:0px;--awb-border-radius-bottom-right:0px;--awb-border-radius-bottom-left:0px;--awb-margin-top:50px;--awb-margin-bottom:30px;--awb-flex-wrap:wrap;\" ><div class=\"fusion-builder-row fusion-row\"><div class=\"fusion-layout-column fusion_builder_column fusion-builder-column-0 fusion_builder_column_1_1 1_1 fusion-one-full fusion-column-first fusion-column-last about-intro\" style=\"--awb-padding-bottom:10px;--awb-bg-size:cover;\"><div class=\"fusion-column-wrapper fusion-flex-column-wrapper-legacy\"><div class=\"fusion-title title fusion-title-1 fusion-sep-none fusion-title-center fusion-title-text fusion-title-size-one\"><h1 class=\"fusion-title-heading title-heading-center\" style=\"margin:0;\">Acerca de Quantum<\/h1><\/div><div class=\"fusion-text fusion-text-1\"><h4 style=\"text-align: center;\">Quantum Global Solutions es una consultor\u00eda independiente que presta apoyo especializado a clientes de la industria internacional de la construcci\u00f3n para ayudarles a gestionar sus proyectos y evitar disputas. Con ra\u00edces y administraci\u00f3n brit\u00e1nicas, Quantum colabora con multitud de contratistas, abogados y empresarios de primer nivel en todo el mundo.<\/h4>\n<p style=\"text-align: center;\">Nuestros equipos expertos, presentes en Europa, Oriente Medio, \u00c1frica, Asia, Australasia y EE.\u202fUU., prestan apoyo contractual, de gesti\u00f3n de costes y de planificaci\u00f3n a los equipos de construcci\u00f3n partiendo de su pericia en retrasos forenses, an\u00e1lisis de importes de indemnizaci\u00f3n y redacci\u00f3n de reclamaciones para la resoluci\u00f3n de disputas de construcci\u00f3n.<\/p>\n<p style=\"text-align: center;\">Como consultor\u00eda especializada l\u00edder de la industria, el equipo de Quantum est\u00e1 formado por expertos en distintos campos, entre ellos, Ingenieros , Quantity Surveyors, especialistas en gesti\u00f3n contractual y de costes, , analistas de retrasos forenses o especialistas en producci\u00f3n multimedia. Quantum Global Solutions se define como una firma orientada hacia el cliente cuyo servicio de excepcional calidad le ha valido una excelente reputaci\u00f3n en todo el mundo.<\/p>\n<p style=\"text-align: center;\">Regulada por la Royal Institution of Chartered Surveyors (RICS), Quantum se compromete a establecer y a mantener los niveles de excelencia m\u00e1s elevados.<\/p>\n<\/div><div class=\"fusion-clearfix\"><\/div><\/div><\/div><div class=\"fusion-layout-column fusion_builder_column fusion-builder-column-1 fusion_builder_column_1_5 1_5 fusion-one-fifth fusion-column-first\" style=\"--awb-bg-size:cover;width:20%;width:calc(20% - ( ( 4% + 4% + 4% + 4% ) * 0.2 ) );margin-right: 4%;\"><div class=\"fusion-column-wrapper fusion-flex-column-wrapper-legacy\"><div class=\"fusion-clearfix\"><\/div><\/div><\/div><div class=\"fusion-layout-column fusion_builder_column fusion-builder-column-2 fusion_builder_column_1_5 1_5 fusion-one-fifth\" style=\"--awb-bg-size:cover;width:20%;width:calc(20% - ( ( 4% + 4% + 4% + 4% ) * 0.2 ) );margin-right: 4%;\"><div class=\"fusion-column-wrapper fusion-flex-column-wrapper-legacy\"><div class=\"fusion-clearfix\"><\/div><\/div><\/div><div class=\"fusion-layout-column fusion_builder_column fusion-builder-column-3 fusion_builder_column_1_5 1_5 fusion-one-fifth\" style=\"--awb-bg-size:cover;--awb-margin-bottom:0px;width:20%;width:calc(20% - ( ( 4% + 4% + 4% + 4% ) * 0.2 ) );margin-right: 4%;\"><div class=\"fusion-column-wrapper fusion-flex-column-wrapper-legacy\"><div class=\"fusion-fa-align-center\"><i class=\"fb-icon-element-1 fb-icon-element fontawesome-icon fa fa-book circle-no\" style=\"--awb-iconcolor:#d3b86a;--awb-iconcolor-hover:#d3b86a;--awb-font-size:70px;\"><\/i><\/div><div class=\"fusion-title title fusion-title-2 fusion-sep-none fusion-title-center fusion-title-text fusion-title-size-three\" style=\"--awb-margin-bottom:0px;\"><h3 class=\"fusion-title-heading title-heading-center\" style=\"margin:0;\"><a href=\"https:\/\/qgs.global\/wp-content\/uploads\/2018\/10\/Quantum-Corporate-Profile.pdf\" target=\"_blank\" rel=\"noopener noreferrer\">Perfil corporativo <\/a><\/h3><\/div><div class=\"fusion-clearfix\"><\/div><\/div><\/div><div class=\"fusion-layout-column fusion_builder_column fusion-builder-column-4 fusion_builder_column_1_5 1_5 fusion-one-fifth\" style=\"--awb-bg-size:cover;width:20%;width:calc(20% - ( ( 4% + 4% + 4% + 4% ) * 0.2 ) );margin-right: 4%;\"><div class=\"fusion-column-wrapper fusion-flex-column-wrapper-legacy\"><div class=\"fusion-clearfix\"><\/div><\/div><\/div><div class=\"fusion-layout-column fusion_builder_column fusion-builder-column-5 fusion_builder_column_1_5 1_5 fusion-one-fifth fusion-column-last\" style=\"--awb-bg-size:cover;width:20%;width:calc(20% - ( ( 4% + 4% + 4% + 4% ) * 0.2 ) );\"><div class=\"fusion-column-wrapper fusion-flex-column-wrapper-legacy\"><div class=\"fusion-clearfix\"><\/div><\/div><\/div><div class=\"fusion-layout-column fusion_builder_column fusion-builder-column-6 fusion_builder_column_1_2 1_2 fusion-one-half fusion-column-first\" style=\"--awb-bg-size:cover;width:50%;width:calc(50% - ( ( 4% ) * 0.5 ) );margin-right: 4%;\"><div class=\"fusion-column-wrapper fusion-flex-column-wrapper-legacy\"><div class=\"fusion-text fusion-text-2\"><h2 style=\"text-align: center;\">Visi\u00f3n<\/h2>\n<p style=\"text-align: center;\">Nuestra visi\u00f3n es convertirnos, en el a\u00f1o 2030, en la consultor\u00eda de an\u00e1lisis forense y resoluci\u00f3n de disputas m\u00e1s importante del mundo ofreciendo claridad, enfoque y resoluci\u00f3n a la industria de la construcci\u00f3n. Aspiramos a que todos los proyectos de nuestros socios se completen sin conflictos y, para eso, promovemos relaciones profesionales armoniosas entre las partes.<\/p>\n<\/div><div class=\"fusion-clearfix\"><\/div><\/div><\/div><div class=\"fusion-layout-column fusion_builder_column fusion-builder-column-7 fusion_builder_column_1_2 1_2 fusion-one-half fusion-column-last\" style=\"--awb-bg-size:cover;width:50%;width:calc(50% - ( ( 4% ) * 0.5 ) );\"><div class=\"fusion-column-wrapper fusion-flex-column-wrapper-legacy\"><div class=\"fusion-text fusion-text-3\"><h2 style=\"text-align: center;\">Misi\u00f3n<\/h2>\n<p style=\"text-align: center;\">Nuestra misi\u00f3n es ayudar a que nuestros socios eviten los conflictos y garantizar la rentabilidad promoviendo relaciones laborales positivas.<\/p>\n<\/div><div class=\"fusion-clearfix\"><\/div><\/div><\/div><\/div><\/div><div class=\"fusion-fullwidth fullwidth-box fusion-builder-row-2 fusion-parallax-fixed nonhundred-percent-fullwidth non-hundred-percent-height-scrolling\" style=\"--awb-border-radius-top-left:0px;--awb-border-radius-top-right:0px;--awb-border-radius-bottom-right:0px;--awb-border-radius-bottom-left:0px;--awb-padding-top:150px;--awb-padding-bottom:150px;--awb-background-image:url(&quot;https:\/\/qgs.global\/wp-content\/uploads\/2017\/11\/028-QGS-01.jpg&quot;);--awb-background-size:cover;--awb-flex-wrap:wrap;background-attachment:fixed;\" ><div class=\"fusion-builder-row fusion-row\"><\/div><\/div><div class=\"fusion-fullwidth fullwidth-box fusion-builder-row-3 nonhundred-percent-fullwidth non-hundred-percent-height-scrolling\" style=\"--awb-border-radius-top-left:0px;--awb-border-radius-top-right:0px;--awb-border-radius-bottom-right:0px;--awb-border-radius-bottom-left:0px;--awb-margin-top:50px;--awb-flex-wrap:wrap;\" ><div class=\"fusion-builder-row fusion-row\"><div class=\"fusion-layout-column fusion_builder_column fusion-builder-column-8 fusion_builder_column_1_1 1_1 fusion-one-full fusion-column-first fusion-column-last\" style=\"--awb-bg-size:cover;\"><div class=\"fusion-column-wrapper fusion-flex-column-wrapper-legacy\"><div class=\"fusion-title title fusion-title-3 fusion-sep-none fusion-title-center fusion-title-text fusion-title-size-two\"><h2 class=\"fusion-title-heading title-heading-center\" style=\"margin:0;\">La familia Quantum<\/h2><\/div><div class=\"fusion-text fusion-text-4\"><p style=\"text-align: center;\">La familia Quantum es un pilar fundamental de nuestro modo de funcionamiento. Los empleados son la clave de nuestro \u00e9xito y del gran nivel de servicio profesional que prestamos a nuestros clientes. Nos gusta pensar que la familia Quantum es muy numerosa y que incluye tambi\u00e9n a c\u00f3nyuges e hijos. Por eso, hacemos todo lo posible por reunirnos para celebrar los \u00e9xitos de nuestra empresa en busca de un crecimiento internacional continuo.<\/p>\n<\/div><div class=\"fusion-clearfix\"><\/div><\/div><\/div><div class=\"fusion-layout-column fusion_builder_column fusion-builder-column-9 fusion_builder_column_1_1 1_1 fusion-one-full fusion-column-first fusion-column-last\" style=\"--awb-padding-top:20px;--awb-bg-size:cover;\"><div class=\"fusion-column-wrapper fusion-flex-column-wrapper-legacy\"><div class=\"awb-gallery-wrapper awb-gallery-wrapper-1 button-span-no\"><div style=\"margin:-5px;--awb-bordersize:0px;\" class=\"fusion-gallery fusion-gallery-container fusion-grid-3 fusion-columns-total-4 fusion-gallery-layout-masonry fusion-gallery-1\"><div class=\"fusion-grid-column fusion-gallery-column fusion-gallery-column-3 hover-type-none fusion-grid-sizer\"><\/div><div style=\"padding:5px;\" class=\"fusion-grid-column fusion-gallery-column fusion-gallery-column-3 hover-type-none fusion-element-grid\"><div class=\"fusion-gallery-image\"><a href=\"https:\/\/qgs.global\/wp-content\/uploads\/2017\/06\/IMG_0387-Simon-Hopkins-01.jpg\" data-title=\"IMG_0387&#8212;Simon-Hopkins-01\" title=\"IMG_0387&#8212;Simon-Hopkins-01\" rel=\"noreferrer\" data-rel=\"iLightbox[gallery_image_1]\" class=\"fusion-lightbox\" target=\"_self\"><div style=\"background-image:url(https:\/\/qgs.global\/wp-content\/uploads\/2017\/06\/IMG_0387-Simon-Hopkins-01.jpg);padding-top:calc((100% + 10px) * 0.8 - 5px);background-position:;\" class=\"fusion-masonry-element-container\"><img decoding=\"async\" src=\"https:\/\/qgs.global\/wp-content\/uploads\/2017\/06\/IMG_0387-Simon-Hopkins-01.jpg\" width=\"1000\" height=\"750\" alt=\"\" title=\"IMG_0387&#8212;Simon-Hopkins-01\" aria-label=\"IMG_0387&#8212;Simon-Hopkins-01\" class=\"img-responsive wp-image-5870\" srcset=\"https:\/\/qgs.global\/wp-content\/uploads\/2017\/06\/IMG_0387-Simon-Hopkins-01-600x450.jpg 600w, https:\/\/qgs.global\/wp-content\/uploads\/2017\/06\/IMG_0387-Simon-Hopkins-01.jpg 1000w\" sizes=\"(min-width: 2200px) 100vw, (min-width: 784px) 363px, (min-width: 712px) 545px, (min-width: 640px) 712px, \" \/><\/div><\/a><\/div><\/div><div style=\"padding:5px;\" class=\"fusion-grid-column fusion-gallery-column fusion-gallery-column-3 hover-type-none fusion-element-landscape\"><div class=\"fusion-gallery-image\"><a href=\"https:\/\/qgs.global\/wp-content\/uploads\/2017\/05\/DuanCIOB-01.jpg\" data-title=\"DuanCIOB-01\" title=\"DuanCIOB-01\" rel=\"noreferrer\" data-rel=\"iLightbox[gallery_image_1]\" class=\"fusion-lightbox\" target=\"_self\"><div style=\"background-image:url(https:\/\/qgs.global\/wp-content\/uploads\/2017\/05\/DuanCIOB-01.jpg);padding-top:calc((100% + 10px) * 0.4 - 5px);background-position:;\" class=\"fusion-masonry-element-container\"><img decoding=\"async\" src=\"https:\/\/qgs.global\/wp-content\/uploads\/2017\/05\/DuanCIOB-01.jpg\" width=\"1000\" height=\"568\" alt=\"\" title=\"DuanCIOB-01\" aria-label=\"DuanCIOB-01\" class=\"img-responsive wp-image-5834\" srcset=\"https:\/\/qgs.global\/wp-content\/uploads\/2017\/05\/DuanCIOB-01-600x341.jpg 600w, https:\/\/qgs.global\/wp-content\/uploads\/2017\/05\/DuanCIOB-01.jpg 1000w\" sizes=\"(min-width: 2200px) 100vw, (min-width: 640px) 1100px, \" \/><\/div><\/a><\/div><\/div><div style=\"padding:5px;\" class=\"fusion-grid-column fusion-gallery-column fusion-gallery-column-3 hover-type-none fusion-element-grid\"><div class=\"fusion-gallery-image\"><a rel=\"noreferrer\" data-rel=\"iLightbox[gallery_image_1]\" class=\"fusion-lightbox\" target=\"_self\"><div style=\"background-image:url();padding-top:calc((100% + 10px) * 0.8 - 5px);background-position:;\" class=\"fusion-masonry-element-container\"><img decoding=\"async\" src=\"\" width=\"\" height=\"\" alt=\"\" title=\"\" aria-label=\"\" class=\"img-responsive wp-image-5854\"  \/><\/div><\/a><\/div><\/div><div style=\"padding:5px;\" class=\"fusion-grid-column fusion-gallery-column fusion-gallery-column-3 hover-type-none fusion-element-grid\"><div class=\"fusion-gallery-image\"><a href=\"https:\/\/qgs.global\/wp-content\/uploads\/2017\/02\/31-01.jpg\" data-title=\"31-01\" title=\"31-01\" rel=\"noreferrer\" data-rel=\"iLightbox[gallery_image_1]\" class=\"fusion-lightbox\" target=\"_self\"><div style=\"background-image:url(https:\/\/qgs.global\/wp-content\/uploads\/2017\/02\/31-01.jpg);padding-top:calc((100% + 10px) * 0.8 - 5px);background-position:;\" class=\"fusion-masonry-element-container\"><img decoding=\"async\" src=\"https:\/\/qgs.global\/wp-content\/uploads\/2017\/02\/31-01.jpg\" width=\"1000\" height=\"667\" alt=\"\" title=\"31-01\" aria-label=\"31-01\" class=\"img-responsive wp-image-5529\" srcset=\"https:\/\/qgs.global\/wp-content\/uploads\/2017\/02\/31-01-600x400.jpg 600w, https:\/\/qgs.global\/wp-content\/uploads\/2017\/02\/31-01.jpg 1000w\" sizes=\"(min-width: 2200px) 100vw, (min-width: 784px) 363px, (min-width: 712px) 545px, (min-width: 640px) 712px, \" \/><\/div><\/a><\/div><\/div><\/div><\/div><div class=\"fusion-clearfix\"><\/div><\/div><\/div><\/div><\/div><div class=\"fusion-fullwidth fullwidth-box fusion-builder-row-4 nonhundred-percent-fullwidth non-hundred-percent-height-scrolling\" style=\"--awb-border-radius-top-left:0px;--awb-border-radius-top-right:0px;--awb-border-radius-bottom-right:0px;--awb-border-radius-bottom-left:0px;--awb-flex-wrap:wrap;\" ><div class=\"fusion-builder-row fusion-row\"><div class=\"fusion-layout-column fusion_builder_column fusion-builder-column-10 fusion_builder_column_1_1 1_1 fusion-one-full fusion-column-first fusion-column-last\" style=\"--awb-bg-size:cover;\"><div class=\"fusion-column-wrapper fusion-flex-column-wrapper-legacy\"><div class=\"fusion-text fusion-text-5\"><h2 style=\"text-align: center;\">Filosof\u00eda Quantum<\/h2>\n<p><strong>La filosof\u00eda corporativa de Quantum se fundamenta en seis pilares principales:<\/strong><\/p>\n<ul>\n<li>Excelencia: no se trata de competencia, sino de actitud.<\/li>\n<li>Orientaci\u00f3n hacia el cliente: el compromiso de superar las expectativas de nuestros clientes.<\/li>\n<li>Integridad: el eje central de todas nuestras actividades.<\/li>\n<li>Innovaci\u00f3n: nuestro enfoque innovador basado en soluciones es una parte fundamental de nuestra filosof\u00eda corporativa.<\/li>\n<li>Creatividad basada en soluciones: uso de enfoques creativos para la b\u00fasqueda proactiva de soluciones amistosas.<\/li>\n<li>Familia Quantum: un equipo orientado hacia los resultados compuesto por profesionales con ideas afines que demuestran su compromiso con los clientes y quieren desarrollar sus carreras.<\/li>\n<\/ul>\n<\/div><div class=\"fusion-clearfix\"><\/div><\/div><\/div><\/div><\/div><div class=\"fusion-fullwidth fullwidth-box fusion-builder-row-5 nonhundred-percent-fullwidth non-hundred-percent-height-scrolling fusion-equal-height-columns\" style=\"--awb-border-radius-top-left:0px;--awb-border-radius-top-right:0px;--awb-border-radius-bottom-right:0px;--awb-border-radius-bottom-left:0px;--awb-flex-wrap:wrap;\" ><div class=\"fusion-builder-row fusion-row\"><div class=\"fusion-layout-column fusion_builder_column fusion-builder-column-11 fusion_builder_column_1_1 1_1 fusion-one-full fusion-column-first fusion-column-last fusion-column-no-min-height\" style=\"--awb-bg-size:cover;\"><div class=\"fusion-column-wrapper fusion-flex-column-wrapper-legacy\"><div class=\"fusion-title title fusion-title-4 fusion-sep-none fusion-title-center fusion-title-text fusion-title-size-one\"><h1 class=\"fusion-title-heading title-heading-center\" style=\"margin:0;\">Est\u00e1ndares profesionales<\/h1><\/div><div class=\"fusion-text fusion-text-6\"><p>El equipo de profesionales de Quantum presta servicios de consultor\u00eda de m\u00e1ximo nivel en el respeto de los principios y las pr\u00e1cticas recomendadas de las principales asociaciones de la industria, entre ellas:<\/p>\n<ul>\n<li><a href=\"http:\/\/www.rics.org\/\" target=\"_blank\" rel=\"noopener noreferrer\">RICS \u2013 Royal Institution of Chartered Surveyors<\/a><\/li>\n<li><a href=\"http:\/\/www.ciarb.org\/\" target=\"_blank\" rel=\"noopener noreferrer\">CIArb \u2013 Chartered Institute of Arbitrators<\/a><\/li>\n<li><a href=\"https:\/\/www.ice.org.uk\/\" target=\"_blank\" rel=\"noopener noreferrer\">ICE \u2013 Institution of Civil Engineers<\/a><\/li>\n<li><a href=\"http:\/\/www.ciob.org\/\" target=\"_blank\" rel=\"noopener noreferrer\">CIOB \u2013 Chartered Institute of Builders<\/a><\/li>\n<li><a href=\"https:\/\/www.scl.org.uk\/\" target=\"_blank\" rel=\"noopener noreferrer\">SCL \u2013 Society of Construction Law<\/a><\/li>\n<li><a href=\"https:\/\/web.aacei.org\/\" target=\"_blank\" rel=\"noopener noreferrer\">AACE \u2013 American Association of Cost Engineers<\/a><\/li>\n<\/ul>\n<\/div><div class=\"fusion-clearfix\"><\/div><\/div><\/div><\/div><\/div><div class=\"fusion-fullwidth fullwidth-box fusion-builder-row-6 nonhundred-percent-fullwidth non-hundred-percent-height-scrolling\" style=\"--awb-border-radius-top-left:0px;--awb-border-radius-top-right:0px;--awb-border-radius-bottom-right:0px;--awb-border-radius-bottom-left:0px;--awb-padding-top:20px;--awb-padding-bottom:60px;--awb-flex-wrap:wrap;\" ><div class=\"fusion-builder-row fusion-row\"><div class=\"fusion-layout-column fusion_builder_column fusion-builder-column-12 fusion_builder_column_1_1 1_1 fusion-one-full fusion-column-first fusion-column-last\" style=\"--awb-bg-size:cover;--awb-margin-bottom:0px;\"><div class=\"fusion-column-wrapper fusion-flex-column-wrapper-legacy\"><div class=\"fusion-text fusion-text-7\"><h2 style=\"text-align: center;\">Claridad | Enfoque |\u00a0Resoluci\u00f3n<\/h2>\n<\/div><div class=\"fusion-clearfix\"><\/div><\/div><\/div><\/div><\/div><\/p>\n","protected":false},"excerpt":{"rendered":"","protected":false},"author":1,"featured_media":0,"parent":0,"menu_order":0,"comment_status":"closed","ping_status":"closed","template":"100-width.php","meta":{"_monsterinsights_skip_tracking":false,"_monsterinsights_sitenote_active":false,"_monsterinsights_sitenote_note":"","_monsterinsights_sitenote_category":0},"yoast_head":"<!-- This site is optimized with the Yoast SEO plugin v20.10 - https:\/\/yoast.com\/wordpress\/plugins\/seo\/ -->\n<title>Quantum - Quantum Global Solutions<\/title>\n<meta name=\"robots\" content=\"index, follow, max-snippet:-1, max-image-preview:large, max-video-preview:-1\" \/>\n<link rel=\"canonical\" href=\"https:\/\/qgs.global\/es\/quantum\/\" \/>\n<meta property=\"og:locale\" content=\"es_ES\" \/>\n<meta property=\"og:type\" content=\"article\" \/>\n<meta property=\"og:title\" content=\"Quantum - Quantum Global Solutions\" \/>\n<meta property=\"og:url\" content=\"https:\/\/qgs.global\/es\/quantum\/\" \/>\n<meta property=\"og:site_name\" content=\"Quantum Global Solutions\" \/>\n<meta property=\"article:publisher\" content=\"https:\/\/www.facebook.com\/QGS.Global\" \/>\n<meta property=\"article:modified_time\" content=\"2019-09-07T10:38:44+00:00\" \/>\n<meta name=\"twitter:card\" content=\"summary_large_image\" \/>\n<meta name=\"twitter:site\" content=\"@QGS_Global\" \/>\n<meta name=\"twitter:label1\" content=\"Tiempo de lectura\" \/>\n\t<meta name=\"twitter:data1\" content=\"13 minutos\" \/>\n<script type=\"application\/ld+json\" class=\"yoast-schema-graph\">{\"@context\":\"https:\/\/schema.org\",\"@graph\":[{\"@type\":\"WebPage\",\"@id\":\"https:\/\/qgs.global\/es\/quantum\/\",\"url\":\"https:\/\/qgs.global\/es\/quantum\/\",\"name\":\"Quantum - Quantum Global Solutions\",\"isPartOf\":{\"@id\":\"https:\/\/qgs.global\/es\/#website\"},\"datePublished\":\"2017-07-21T06:54:45+00:00\",\"dateModified\":\"2019-09-07T10:38:44+00:00\",\"breadcrumb\":{\"@id\":\"https:\/\/qgs.global\/es\/quantum\/#breadcrumb\"},\"inLanguage\":\"es\",\"potentialAction\":[{\"@type\":\"ReadAction\",\"target\":[\"https:\/\/qgs.global\/es\/quantum\/\"]}]},{\"@type\":\"BreadcrumbList\",\"@id\":\"https:\/\/qgs.global\/es\/quantum\/#breadcrumb\",\"itemListElement\":[{\"@type\":\"ListItem\",\"position\":1,\"name\":\"Home\",\"item\":\"https:\/\/qgs.global\/es\/\"},{\"@type\":\"ListItem\",\"position\":2,\"name\":\"Quantum\"}]},{\"@type\":\"WebSite\",\"@id\":\"https:\/\/qgs.global\/es\/#website\",\"url\":\"https:\/\/qgs.global\/es\/\",\"name\":\"Quantum Global Solutions\",\"description\":\"Qatar - Dubai - Jordan - China - Turkey - Korea - UAE - Contractual, Commercial and Forensic Planning Consultancy\",\"publisher\":{\"@id\":\"https:\/\/qgs.global\/es\/#organization\"},\"potentialAction\":[{\"@type\":\"SearchAction\",\"target\":{\"@type\":\"EntryPoint\",\"urlTemplate\":\"https:\/\/qgs.global\/es\/?s={search_term_string}\"},\"query-input\":\"required name=search_term_string\"}],\"inLanguage\":\"es\"},{\"@type\":\"Organization\",\"@id\":\"https:\/\/qgs.global\/es\/#organization\",\"name\":\"Quantum Global Solutions\",\"url\":\"https:\/\/qgs.global\/es\/\",\"logo\":{\"@type\":\"ImageObject\",\"inLanguage\":\"es\",\"@id\":\"https:\/\/qgs.global\/es\/#\/schema\/logo\/image\/\",\"url\":\"https:\/\/qgs.global\/wp-content\/uploads\/2017\/07\/Quantum-Logo-001-e1500802058718.png\",\"contentUrl\":\"https:\/\/qgs.global\/wp-content\/uploads\/2017\/07\/Quantum-Logo-001-e1500802058718.png\",\"width\":162,\"height\":70,\"caption\":\"Quantum Global Solutions\"},\"image\":{\"@id\":\"https:\/\/qgs.global\/es\/#\/schema\/logo\/image\/\"},\"sameAs\":[\"https:\/\/www.facebook.com\/QGS.Global\",\"https:\/\/twitter.com\/QGS_Global\",\"https:\/\/www.linkedin.com\/company\/qgsglobal\/\",\"https:\/\/www.youtube.com\/channel\/UC2--r0e2d3SbreqHrnY9dTQ\"]}]}<\/script>\n<!-- \/ Yoast SEO plugin. -->","yoast_head_json":{"title":"Quantum - Quantum Global Solutions","robots":{"index":"index","follow":"follow","max-snippet":"max-snippet:-1","max-image-preview":"max-image-preview:large","max-video-preview":"max-video-preview:-1"},"canonical":"https:\/\/qgs.global\/es\/quantum\/","og_locale":"es_ES","og_type":"article","og_title":"Quantum - Quantum Global Solutions","og_url":"https:\/\/qgs.global\/es\/quantum\/","og_site_name":"Quantum Global Solutions","article_publisher":"https:\/\/www.facebook.com\/QGS.Global","article_modified_time":"2019-09-07T10:38:44+00:00","twitter_card":"summary_large_image","twitter_site":"@QGS_Global","twitter_misc":{"Tiempo de lectura":"13 minutos"},"schema":{"@context":"https:\/\/schema.org","@graph":[{"@type":"WebPage","@id":"https:\/\/qgs.global\/es\/quantum\/","url":"https:\/\/qgs.global\/es\/quantum\/","name":"Quantum - Quantum Global Solutions","isPartOf":{"@id":"https:\/\/qgs.global\/es\/#website"},"datePublished":"2017-07-21T06:54:45+00:00","dateModified":"2019-09-07T10:38:44+00:00","breadcrumb":{"@id":"https:\/\/qgs.global\/es\/quantum\/#breadcrumb"},"inLanguage":"es","potentialAction":[{"@type":"ReadAction","target":["https:\/\/qgs.global\/es\/quantum\/"]}]},{"@type":"BreadcrumbList","@id":"https:\/\/qgs.global\/es\/quantum\/#breadcrumb","itemListElement":[{"@type":"ListItem","position":1,"name":"Home","item":"https:\/\/qgs.global\/es\/"},{"@type":"ListItem","position":2,"name":"Quantum"}]},{"@type":"WebSite","@id":"https:\/\/qgs.global\/es\/#website","url":"https:\/\/qgs.global\/es\/","name":"Quantum Global Solutions","description":"Qatar - Dubai - Jordan - China - Turkey - Korea - UAE - Contractual, Commercial and Forensic Planning Consultancy","publisher":{"@id":"https:\/\/qgs.global\/es\/#organization"},"potentialAction":[{"@type":"SearchAction","target":{"@type":"EntryPoint","urlTemplate":"https:\/\/qgs.global\/es\/?s={search_term_string}"},"query-input":"required name=search_term_string"}],"inLanguage":"es"},{"@type":"Organization","@id":"https:\/\/qgs.global\/es\/#organization","name":"Quantum Global Solutions","url":"https:\/\/qgs.global\/es\/","logo":{"@type":"ImageObject","inLanguage":"es","@id":"https:\/\/qgs.global\/es\/#\/schema\/logo\/image\/","url":"https:\/\/qgs.global\/wp-content\/uploads\/2017\/07\/Quantum-Logo-001-e1500802058718.png","contentUrl":"https:\/\/qgs.global\/wp-content\/uploads\/2017\/07\/Quantum-Logo-001-e1500802058718.png","width":162,"height":70,"caption":"Quantum Global Solutions"},"image":{"@id":"https:\/\/qgs.global\/es\/#\/schema\/logo\/image\/"},"sameAs":["https:\/\/www.facebook.com\/QGS.Global","https:\/\/twitter.com\/QGS_Global","https:\/\/www.linkedin.com\/company\/qgsglobal\/","https:\/\/www.youtube.com\/channel\/UC2--r0e2d3SbreqHrnY9dTQ"]}]}},"_links":{"self":[{"href":"https:\/\/qgs.global\/es\/wp-json\/wp\/v2\/pages\/12102"}],"collection":[{"href":"https:\/\/qgs.global\/es\/wp-json\/wp\/v2\/pages"}],"about":[{"href":"https:\/\/qgs.global\/es\/wp-json\/wp\/v2\/types\/page"}],"author":[{"embeddable":true,"href":"https:\/\/qgs.global\/es\/wp-json\/wp\/v2\/users\/1"}],"replies":[{"embeddable":true,"href":"https:\/\/qgs.global\/es\/wp-json\/wp\/v2\/comments?post=12102"}],"version-history":[{"count":0,"href":"https:\/\/qgs.global\/es\/wp-json\/wp\/v2\/pages\/12102\/revisions"}],"wp:attachment":[{"href":"https:\/\/qgs.global\/es\/wp-json\/wp\/v2\/media?parent=12102"}],"curies":[{"name":"wp","href":"https:\/\/api.w.org\/{rel}","templated":true}]}}